{"id":2775,"date":"2022-04-11T12:34:28","date_gmt":"2022-04-11T12:34:28","guid":{"rendered":"http:\/\/ledismile.com\/?page_id=2775"},"modified":"2022-11-24T16:23:20","modified_gmt":"2022-11-24T16:23:20","slug":"dentistri-kozmetike","status":"publish","type":"page","link":"https:\/\/ledismile.com\/al\/dentistri-kozmetike\/","title":{"rendered":"Dentistri Kozmetike"},"content":{"rendered":"<p>[vc_row][vc_column width=&#8221;2\/3&#8243;][vc_column_text]<span class=\"Y2IQFc\" lang=\"sq\">N\u00ebse nuk jeni t\u00eb k\u00ebnaqur me buz\u00ebqeshjen tuaj, stomatologjia moderne estetike mund t&#8217;ju ndihmoj\u00eb. Kjo metod\u00eb e kujdesit profesional oral fokusohet n\u00eb p\u00ebrmir\u00ebsimin e pamjes s\u00eb goj\u00ebs, dh\u00ebmb\u00ebve, mishrave t\u00eb dh\u00ebmb\u00ebve dhe buz\u00ebqeshjes n\u00eb p\u00ebrgjith\u00ebsi. Pro\u00e7edurat e zakonshme p\u00ebrfshijn\u00eb Veneers, Faceta Kompoziti,\u00a0 Faseta E max (E-max Veneers), Kurora zirkon, Kurora zirkon qeramike, Kurora zirkon E-max, Korrektim i gummy smile me botox dhe lazer gingivectomy, Rregullim i relacionit t\u00eb buz\u00ebve me dh\u00ebmb\u00ebt, Smile Design.<\/span>[\/vc_column_text][vc_separator color=&#8221;blue&#8221; css=&#8221;.vc_custom_1652451124213{padding-top: 10px !important;padding-bottom: 10px !important;}&#8221;][tm_before_after_image image_before=&#8221;3334&#8243; image_after=&#8221;3333&#8243;][\/vc_column][vc_column width=&#8221;1\/3&#8243;][tm_custom_menu nav_menu=&#8221;footer-support&#8221;][\/vc_column][\/vc_row]<\/p>\n","protected":false},"excerpt":{"rendered":"<p>[vc_row][vc_column width=&#8221;2\/3&#8243;][vc_column_text]N\u00ebse nuk jeni t\u00eb k\u00ebnaqur me buz\u00ebqeshjen tuaj, stomatologjia moderne estetike mund t&#8217;ju ndihmoj\u00eb. Kjo metod\u00eb e kujdesit profesional oral fokusohet n\u00eb p\u00ebrmir\u00ebsimin e pamjes s\u00eb goj\u00ebs, dh\u00ebmb\u00ebve, mishrave t\u00eb dh\u00ebmb\u00ebve dhe buz\u00ebqeshjes n\u00eb p\u00ebrgjith\u00ebsi. Pro\u00e7edurat e zakonshme p\u00ebrfshijn\u00eb Veneers, Faceta Kompoziti,\u00a0 Faseta E max (E-max Veneers), Kurora zirkon, Kurora zirkon qeramike, Kurora zirkon E-max, Korrektim i gummy smile me botox dhe lazer gingivectomy, Rregullim i relacionit t\u00eb buz\u00ebve me dh\u00ebmb\u00ebt, Smile Design.[\/vc_column_text][vc_separator color=&#8221;blue&#8221; css=&#8221;.vc_custom_1652451124213{padding-top: 10px !important;padding-bottom: 10px !important;}&#8221;][tm_before_after_image image_before=&#8221;3334&#8243; image_after=&#8221;3333&#8243;][\/vc_column][vc_column width=&#8221;1\/3&#8243;][tm_custom_menu nav_menu=&#8221;footer-support&#8221;][\/vc_column][\/vc_row]<\/p>\n","protected":false},"author":1,"featured_media":0,"parent":0,"menu_order":0,"comment_status":"closed","ping_status":"closed","template":"","meta":{"footnotes":""},"class_list":["post-2775","page","type-page","status-publish","hentry"],"_links":{"self":[{"href":"https:\/\/ledismile.com\/al\/wp-json\/wp\/v2\/pages\/2775","targetHints":{"allow":["GET"]}}],"collection":[{"href":"https:\/\/ledismile.com\/al\/wp-json\/wp\/v2\/pages"}],"about":[{"href":"https:\/\/ledismile.com\/al\/wp-json\/wp\/v2\/types\/page"}],"author":[{"embeddable":true,"href":"https:\/\/ledismile.com\/al\/wp-json\/wp\/v2\/users\/1"}],"replies":[{"embeddable":true,"href":"https:\/\/ledismile.com\/al\/wp-json\/wp\/v2\/comments?post=2775"}],"version-history":[{"count":14,"href":"https:\/\/ledismile.com\/al\/wp-json\/wp\/v2\/pages\/2775\/revisions"}],"predecessor-version":[{"id":3669,"href":"https:\/\/ledismile.com\/al\/wp-json\/wp\/v2\/pages\/2775\/revisions\/3669"}],"wp:attachment":[{"href":"https:\/\/ledismile.com\/al\/wp-json\/wp\/v2\/media?parent=2775"}],"curies":[{"name":"wp","href":"https:\/\/api.w.org\/{rel}","templated":true}]}}