{"id":2777,"date":"2022-04-11T12:36:07","date_gmt":"2022-04-11T12:36:07","guid":{"rendered":"http:\/\/ledismile.com\/?page_id=2777"},"modified":"2022-11-24T16:36:43","modified_gmt":"2022-11-24T16:36:43","slug":"veneers","status":"publish","type":"page","link":"https:\/\/ledismile.com\/al\/dentistri-kozmetike\/veneers\/","title":{"rendered":"Veneers"},"content":{"rendered":"<p>[vc_row][vc_column][vc_column_text]<\/p>\r\n<p>Facetat dentare p\u00ebrdoren zakonisht p\u00ebr nj\u00eb zgjidhje stomatologjike kozmetike dhe p\u00ebr t&#8217;ju ndihmuar t\u00eb arrini pamjen q\u00eb d\u00ebshironi. Facetat jan\u00eb zgjedhje shum\u00eb popullore p\u00ebr dh\u00ebmb\u00eb t\u00eb prer\u00eb, hap\u00ebsir\u00eb midis dh\u00ebmb\u00ebve ose dh\u00ebmb\u00eb t\u00eb keqformuar. Fasetat dentare jan\u00eb mbulesa 3-7 mm q\u00eb ngjiten n\u00eb dh\u00ebmb\u00eb p\u00ebr t&#8217;i dh\u00ebn\u00eb dh\u00ebmb\u00ebve nj\u00eb pamje m\u00eb estetike.<\/p>\r\n<p>Klinika Dentare Ledismile dhe Dr. Enkelejda Spahiu kan\u00eb m\u00eb shum\u00eb se 20 vite p\u00ebrvoj\u00eb n\u00eb p\u00ebrdorimin e fasetave p\u00ebr dizenjimin e buz\u00ebqeshjes ose p\u00ebr p\u00ebrmir\u00ebsimin e buz\u00ebqeshjes.<\/p>\r\n\r\n<figure class=\"wp-block-gallery has-nested-images columns-default is-cropped wp-block-gallery-1 is-layout-flex wp-block-gallery-is-layout-flex\">\r\n\r\n\r\n\r\n<\/figure>\r\n\r\n<p>&nbsp;<\/p>\r\n<p>[\/vc_column_text][\/vc_column][\/vc_row][vc_row][vc_column][tm_before_after_image image_before=&#8221;3401&#8243; image_after=&#8221;3402&#8243;][\/vc_column][\/vc_row]<\/p>","protected":false},"excerpt":{"rendered":"<p>[vc_row][vc_column][vc_column_text] Facetat dentare p\u00ebrdoren zakonisht p\u00ebr nj\u00eb zgjidhje stomatologjike kozmetike dhe p\u00ebr t&#8217;ju ndihmuar t\u00eb arrini pamjen q\u00eb d\u00ebshironi. Facetat jan\u00eb zgjedhje shum\u00eb popullore p\u00ebr dh\u00ebmb\u00eb t\u00eb prer\u00eb, hap\u00ebsir\u00eb midis dh\u00ebmb\u00ebve ose dh\u00ebmb\u00eb t\u00eb keqformuar. Fasetat dentare jan\u00eb mbulesa 3-7 mm q\u00eb ngjiten n\u00eb dh\u00ebmb\u00eb p\u00ebr t&#8217;i dh\u00ebn\u00eb dh\u00ebmb\u00ebve nj\u00eb pamje m\u00eb estetike. Klinika Dentare Ledismile dhe Dr. Enkelejda Spahiu kan\u00eb m\u00eb shum\u00eb se 20 vite p\u00ebrvoj\u00eb n\u00eb p\u00ebrdorimin e fasetave p\u00ebr dizenjimin e buz\u00ebqeshjes ose p\u00ebr p\u00ebrmir\u00ebsimin e buz\u00ebqeshjes. &nbsp; [\/vc_column_text][\/vc_column][\/vc_row][vc_row][vc_column][tm_before_after_image image_before=&#8221;3401&#8243; image_after=&#8221;3402&#8243;][\/vc_column][\/vc_row]<\/p>\n","protected":false},"author":1,"featured_media":0,"parent":2775,"menu_order":0,"comment_status":"closed","ping_status":"closed","template":"","meta":{"footnotes":""},"class_list":["post-2777","page","type-page","status-publish","hentry"],"_links":{"self":[{"href":"https:\/\/ledismile.com\/al\/wp-json\/wp\/v2\/pages\/2777","targetHints":{"allow":["GET"]}}],"collection":[{"href":"https:\/\/ledismile.com\/al\/wp-json\/wp\/v2\/pages"}],"about":[{"href":"https:\/\/ledismile.com\/al\/wp-json\/wp\/v2\/types\/page"}],"author":[{"embeddable":true,"href":"https:\/\/ledismile.com\/al\/wp-json\/wp\/v2\/users\/1"}],"replies":[{"embeddable":true,"href":"https:\/\/ledismile.com\/al\/wp-json\/wp\/v2\/comments?post=2777"}],"version-history":[{"count":9,"href":"https:\/\/ledismile.com\/al\/wp-json\/wp\/v2\/pages\/2777\/revisions"}],"predecessor-version":[{"id":3674,"href":"https:\/\/ledismile.com\/al\/wp-json\/wp\/v2\/pages\/2777\/revisions\/3674"}],"up":[{"embeddable":true,"href":"https:\/\/ledismile.com\/al\/wp-json\/wp\/v2\/pages\/2775"}],"wp:attachment":[{"href":"https:\/\/ledismile.com\/al\/wp-json\/wp\/v2\/media?parent=2777"}],"curies":[{"name":"wp","href":"https:\/\/api.w.org\/{rel}","templated":true}]}}