{"id":2779,"date":"2022-04-11T12:40:56","date_gmt":"2022-04-11T12:40:56","guid":{"rendered":"http:\/\/ledismile.com\/?page_id=2779"},"modified":"2022-11-24T16:35:46","modified_gmt":"2022-11-24T16:35:46","slug":"faseta-kompoziti","status":"publish","type":"page","link":"https:\/\/ledismile.com\/al\/dentistri-kozmetike\/faseta-kompoziti\/","title":{"rendered":"Faceta kompoziti"},"content":{"rendered":"<p>[vc_row][vc_column][vc_column_text]<\/p>\n<p style=\"text-align: left;\">Facetat e Kompozitit jan\u00eb material mbushje por shum\u00eb m\u00eb rezistente se materiali normal i mbushjes t\u00eb cilat aplikohen direkt n\u00eb dh\u00ebmb\u00eb. Nuk duhet shum\u00eb koh\u00eb q\u00eb dentisti t\u00eb p\u00ebrgatis\u00eb dh\u00ebmb\u00ebt p\u00ebr aplikimin e facetave, dhe procesi i aplikimit konsiderohet minimalisht invaziv. N\u00eb Klinik\u00ebn dentare \u201dLedismile\u201d procesi zgjat vet\u00ebm disa or\u00eb n\u00eb baz\u00eb t\u00eb nimrit t\u00eb dh\u00ebmb\u00ebve q\u00eb d\u00ebshironi ti vishni me faceta.<\/p>\n<p style=\"text-align: left;\"><em><strong>Pyetjet m\u00eb t\u00eb shpeshta q\u00eb m\u00eb b\u00ebjn\u00eb pacient\u00ebt n\u00eb lidhje me Facetat e Kompozitit:<\/strong><\/em><\/p>\n<p class=\"has-text-align-center\" style=\"text-align: left;\"><strong><em>1. Si \u00ebsht\u00eb procedura e Facetave t\u00eb Kompozitit?<\/em><\/strong><\/p>\n<p class=\"has-text-align-center\" style=\"text-align: left;\"><em>Si fillim do t\u00eb b\u00ebhet pastrimi i dh\u00ebmb\u00ebve plot\u00ebsisht duke i p\u00ebrgatitur ata p\u00ebr aplikim.<br \/>\nM\u00eb pas do t\u00eb aplikohet ngjit\u00ebsi i posac\u00ebm p\u00ebr t\u00eb ndihmuar materialin t\u00eb ngjitet n\u00eb dh\u00ebmb\u00ebt tuaj. Shtresa shum\u00eb t\u00eb holl\u00eb t\u00eb materialit t\u00eb p\u00ebrb\u00ebr\u00eb shtohen n\u00eb sip\u00ebrfaqen e dh\u00ebmb\u00ebve tuaj. P\u00ebrb\u00ebrja forcohet me an\u00eb t\u00eb nj\u00eb drite.<\/em><\/p>\n<p class=\"has-text-align-center\" style=\"text-align: left;\"><em>Ju do t\u00eb keni mund\u00ebsin\u00eb q\u00eb s\u00ebbashku me specialistin t\u00eb zgjidhni ngjyr\u00ebn e duhur p\u00ebr dh\u00ebmb\u00ebt tuaj. N\u00eb Klinik\u00ebn Dentare \u201dLedismile\u201d gjithmon\u00eb do t\u00eb gjeni specialist\u00ebt e duhur me t\u00eb cil\u00ebt do t\u00eb diskutoni edhe p\u00ebr pjes\u00ebn e ngjyr\u00ebs n\u00eb m\u00ebnyr\u00eb q\u00eb t\u00eb duken sa m\u00eb natyral\u00eb.<\/em><\/p>\n<p class=\"has-text-align-center\" style=\"text-align: left;\"><strong><em>2. Sa \u00ebsht\u00eb jet\u00ebgjat\u00ebsia e facetave t\u00eb kompozizit?<\/em><\/strong><\/p>\n<p class=\"has-text-align-center\" style=\"text-align: left;\"><em>Facetat e Kompozitit konsiderohen sot m\u00eb t\u00eb q\u00ebndrueshme se para disa vitesh. Jet\u00ebgjat\u00ebsia e tyre sigurisht q\u00eb varet nga mnir\u00ebmbatja. Pasi t\u00eb aplikoni faceta ne Klinik\u00ebn Dentare \u201dLedismile\u201d ju do t\u00eb pajiseni me m\u00ebnyr\u00ebn e duhur p\u00ebr t\u2019u p\u00ebrkujdesur. N\u00ebse ndiqni me p\u00ebrpikm\u00ebri k\u00ebshillat tona q\u00ebndrueshm\u00ebria e facetave do t\u00eb shkoj\u00eb deri n\u00eb 15 vite ose m\u00eb shum\u00eb.<\/em><\/p>\n<p class=\"has-text-align-center\" style=\"text-align: left;\"><em>K\u00ebshillat baz\u00eb jan\u00eb:<\/em><\/p>\n<p class=\"has-text-align-center\" style=\"text-align: left;\"><em>Ndiqni nj\u00eb rutin\u00eb t\u00eb larjes s\u00eb rregullt t\u00eb dh\u00ebmb\u00ebve me nj\u00eb past\u00eb dh\u00ebmb\u00ebsh jo-abrazive.<\/em><\/p>\n<p class=\"has-text-align-center\" style=\"text-align: left;\"><em>Mos p\u00ebrtypni objekte t\u00eb forta.<\/em><\/p>\n<p class=\"has-text-align-center\" style=\"text-align: left;\"><em>Sugjerohet gjithashtu edhe kujdes n\u00eb p\u00ebrdorimin e kafein\u00ebs.<\/em><\/p>\n<p class=\"has-text-align-center\" style=\"text-align: left;\"><strong><em>3. A mund t\u00eb hiqen Facetat e kompozitit?<\/em><\/strong><\/p>\n<p class=\"has-text-align-center\" style=\"text-align: left;\"><em>Po, mund t\u00eb hiqen leht\u00ebsisht, riparohen ose z\u00ebvend\u00ebsohen me material t\u00eb ri.<\/em><\/p>\n<p class=\"has-text-align-center\" style=\"text-align: left;\"><strong><em>4. A prishen dh\u00ebmb\u00ebt natyral\u00eb pas aplikimit t\u00eb Facetave t\u00eb Kompozitit?<br \/>\n<\/em><\/strong><em>Facetat p\u00ebrmir\u00ebsojn\u00eb estetikisht dh\u00ebmb\u00ebt tuaj duke moa i d\u00ebmtuar aspak. ato jan\u00eb t\u00eb p\u00ebrshtat\u00ebshme t\u00eb p\u00ebrputhen me buz\u00ebqeshjen tuaj.<\/em><\/p>\n<p class=\"has-text-align-center\" style=\"text-align: left;\"><strong><em>5. A mund t\u00eb konsumosh kafe kur ke Faceta Kompoziti?<\/em><\/strong><\/p>\n<p class=\"has-text-align-center\" style=\"text-align: left;\"><em>Facetat jan\u00eb p\u00ebrgjith\u00ebsisht rezistente ndaj njollave. Sidoqoft\u00eb konsumimi i tep\u00ebrt i pijeve me ngjyrues si kola, kafein\u00eb apo caj mund t\u2019i njollos\u00eb ato. P\u00ebrgjith\u00ebsisht rekomandohet q\u00eb p\u00ebr parandalimin e njollosjes s\u00eb facetave t\u00eb vendosen n\u00eb dh\u00ebmb\u00eb materiale t\u00eb cilat t\u00eb parandalojn\u00eb njollosjen n\u00eb momentin q\u00eb jeni duke konsumuar k\u00ebto pije.<\/em><\/p>\n<p class=\"has-text-align-center\" style=\"text-align: left;\"><strong><em>6. Cilat jan\u00eb avantazhet e vendosjes s\u00eb Facetave t\u00eb Kompozitit?<\/em><\/strong><\/p>\n<p class=\"has-text-align-center\" style=\"text-align: left;\"><em>Materiali mund t\u00eb ndryshohet, hiqet ose z\u00ebvend\u00ebsohet.<\/em><\/p>\n<p class=\"has-text-align-center\" style=\"text-align: left;\"><em>Procedur\u00eb mini-invazive e cila kryhet vet\u00ebm brenda disa or\u00ebsh n\u00eb var\u00ebsi t\u00eb numrit t\u00eb dh\u00ebmb\u00ebve.<\/em><\/p>\n<p class=\"has-text-align-center\" style=\"text-align: left;\"><em>Shum\u00eb estetike krahasuar me koston.<\/em><\/p>\n<p class=\"has-text-align-center\" style=\"text-align: left;\"><em>Facetat e kompozitit nuk do i japin asnj\u00ebher\u00eb dh\u00ebmb\u00ebve tuaj pamjen e dickaje falso, do t\u00eb duken gjithmon\u00eb shum\u00eb natyrale dhe jasht\u00ebzakonisht shum\u00eb af\u00ebr dh\u00ebmb\u00ebve natyral\u00eb. (Gj\u00eb e cila varet shum\u00eb nga specialistit t\u00eb cilit ia besoni).<\/em><\/p>\n<p class=\"has-text-align-center\" style=\"text-align: left;\"><em><strong>7. A jan\u00eb t\u00eb forta Facetat e Kompozitit?<\/strong><\/em><\/p>\n<p class=\"has-text-align-center\" style=\"text-align: left;\"><em>Facetat e Kompozitit ja\u00eb shum\u00eb t\u00eb q\u00ebndrueshme por fort\u00ebsia e tyre varet nga p\u00ebrkujdesja q\u00eb ju tregoni.<\/em><\/p>\n<p class=\"has-text-align-center\" style=\"text-align: left;\"><strong><em>8. A \u00ebsht\u00eb i dhimbsh\u00ebm procesi?<\/em><\/strong><\/p>\n<p class=\"has-text-align-center\" style=\"text-align: left;\"><em>Pro\u00e7esi nuk \u00ebsht\u00eb i dhimsh\u00ebm pasi nuk ka grryerje t\u00eb dh\u00ebmbit. Mund t\u00eb ndjeni nj\u00eb diskomfort fillestar por m\u00eb pas cdo gj\u00eb do t\u00eb kthehet n\u00eb normalitet.<\/em><\/p>\n<p>[\/vc_column_text][\/vc_column][\/vc_row][vc_row][vc_column][tm_before_after_image image_before=&#8221;3394&#8243; image_after=&#8221;3395&#8243;][\/vc_column][\/vc_row]<\/p>\n","protected":false},"excerpt":{"rendered":"<p>[vc_row][vc_column][vc_column_text] Facetat e Kompozitit jan\u00eb material mbushje por shum\u00eb m\u00eb rezistente se materiali normal i mbushjes t\u00eb cilat aplikohen direkt n\u00eb dh\u00ebmb\u00eb. Nuk duhet shum\u00eb koh\u00eb q\u00eb dentisti t\u00eb p\u00ebrgatis\u00eb dh\u00ebmb\u00ebt p\u00ebr aplikimin e facetave, dhe procesi i aplikimit konsiderohet minimalisht invaziv. N\u00eb Klinik\u00ebn dentare \u201dLedismile\u201d procesi zgjat vet\u00ebm disa or\u00eb n\u00eb baz\u00eb t\u00eb nimrit t\u00eb dh\u00ebmb\u00ebve q\u00eb d\u00ebshironi ti vishni me faceta. Pyetjet m\u00eb t\u00eb shpeshta q\u00eb m\u00eb b\u00ebjn\u00eb pacient\u00ebt n\u00eb lidhje me Facetat e Kompozitit: 1. Si \u00ebsht\u00eb procedura e Facetave t\u00eb Kompozitit? Si fillim do t\u00eb b\u00ebhet pastrimi i dh\u00ebmb\u00ebve plot\u00ebsisht duke i p\u00ebrgatitur ata p\u00ebr aplikim. M\u00eb pas do t\u00eb aplikohet ngjit\u00ebsi i posac\u00ebm p\u00ebr t\u00eb ndihmuar materialin t\u00eb ngjitet n\u00eb dh\u00ebmb\u00ebt tuaj. Shtresa shum\u00eb t\u00eb holl\u00eb t\u00eb materialit t\u00eb p\u00ebrb\u00ebr\u00eb shtohen n\u00eb sip\u00ebrfaqen e dh\u00ebmb\u00ebve tuaj. P\u00ebrb\u00ebrja forcohet me an\u00eb t\u00eb nj\u00eb drite. Ju do t\u00eb keni mund\u00ebsin\u00eb q\u00eb s\u00ebbashku me specialistin t\u00eb zgjidhni ngjyr\u00ebn e duhur p\u00ebr dh\u00ebmb\u00ebt tuaj. N\u00eb Klinik\u00ebn Dentare \u201dLedismile\u201d gjithmon\u00eb do t\u00eb gjeni specialist\u00ebt e duhur me t\u00eb cil\u00ebt do t\u00eb diskutoni edhe p\u00ebr pjes\u00ebn e ngjyr\u00ebs n\u00eb m\u00ebnyr\u00eb q\u00eb t\u00eb duken sa m\u00eb natyral\u00eb. 2. Sa \u00ebsht\u00eb jet\u00ebgjat\u00ebsia e facetave t\u00eb kompozizit? Facetat e Kompozitit konsiderohen sot m\u00eb t\u00eb q\u00ebndrueshme se para disa vitesh. Jet\u00ebgjat\u00ebsia e tyre sigurisht q\u00eb varet nga mnir\u00ebmbatja. Pasi t\u00eb aplikoni faceta ne Klinik\u00ebn Dentare \u201dLedismile\u201d ju do t\u00eb pajiseni me m\u00ebnyr\u00ebn e duhur p\u00ebr t\u2019u p\u00ebrkujdesur. N\u00ebse ndiqni me p\u00ebrpikm\u00ebri k\u00ebshillat tona q\u00ebndrueshm\u00ebria e facetave do t\u00eb shkoj\u00eb deri n\u00eb 15 vite ose m\u00eb shum\u00eb. K\u00ebshillat baz\u00eb jan\u00eb: Ndiqni nj\u00eb rutin\u00eb t\u00eb larjes s\u00eb rregullt t\u00eb dh\u00ebmb\u00ebve me nj\u00eb past\u00eb dh\u00ebmb\u00ebsh jo-abrazive. Mos p\u00ebrtypni objekte t\u00eb forta. Sugjerohet gjithashtu edhe kujdes n\u00eb p\u00ebrdorimin e kafein\u00ebs. 3. A mund t\u00eb hiqen Facetat e kompozitit? Po, mund t\u00eb hiqen leht\u00ebsisht, riparohen ose z\u00ebvend\u00ebsohen me material t\u00eb ri. 4. A prishen dh\u00ebmb\u00ebt natyral\u00eb pas aplikimit t\u00eb Facetave t\u00eb Kompozitit? Facetat p\u00ebrmir\u00ebsojn\u00eb estetikisht dh\u00ebmb\u00ebt tuaj duke moa i d\u00ebmtuar aspak. ato jan\u00eb t\u00eb p\u00ebrshtat\u00ebshme t\u00eb p\u00ebrputhen me buz\u00ebqeshjen tuaj. 5. A mund t\u00eb konsumosh kafe kur ke Faceta Kompoziti? Facetat jan\u00eb p\u00ebrgjith\u00ebsisht rezistente ndaj njollave. Sidoqoft\u00eb konsumimi i tep\u00ebrt i pijeve me ngjyrues si kola, kafein\u00eb apo caj mund t\u2019i njollos\u00eb ato. P\u00ebrgjith\u00ebsisht rekomandohet q\u00eb p\u00ebr parandalimin e njollosjes s\u00eb facetave t\u00eb vendosen n\u00eb dh\u00ebmb\u00eb materiale t\u00eb cilat t\u00eb parandalojn\u00eb njollosjen n\u00eb momentin q\u00eb jeni duke konsumuar k\u00ebto pije. 6. Cilat jan\u00eb avantazhet e vendosjes s\u00eb Facetave t\u00eb Kompozitit? Materiali mund t\u00eb ndryshohet, hiqet ose z\u00ebvend\u00ebsohet. Procedur\u00eb mini-invazive e cila kryhet vet\u00ebm brenda disa or\u00ebsh n\u00eb var\u00ebsi t\u00eb numrit t\u00eb dh\u00ebmb\u00ebve. Shum\u00eb estetike krahasuar me koston. Facetat e kompozitit nuk do i japin asnj\u00ebher\u00eb dh\u00ebmb\u00ebve tuaj pamjen e dickaje falso, do t\u00eb duken gjithmon\u00eb shum\u00eb natyrale dhe jasht\u00ebzakonisht shum\u00eb af\u00ebr dh\u00ebmb\u00ebve natyral\u00eb. (Gj\u00eb e cila varet shum\u00eb nga specialistit t\u00eb cilit ia besoni). 7. A jan\u00eb t\u00eb forta Facetat e Kompozitit? Facetat e Kompozitit ja\u00eb shum\u00eb t\u00eb q\u00ebndrueshme por fort\u00ebsia e tyre varet nga p\u00ebrkujdesja q\u00eb ju tregoni. 8. A \u00ebsht\u00eb i dhimbsh\u00ebm procesi? Pro\u00e7esi nuk \u00ebsht\u00eb i dhimsh\u00ebm pasi nuk ka grryerje t\u00eb dh\u00ebmbit. Mund t\u00eb ndjeni nj\u00eb diskomfort fillestar por m\u00eb pas cdo gj\u00eb do t\u00eb kthehet n\u00eb normalitet. [\/vc_column_text][\/vc_column][\/vc_row][vc_row][vc_column][tm_before_after_image image_before=&#8221;3394&#8243; image_after=&#8221;3395&#8243;][\/vc_column][\/vc_row]<\/p>\n","protected":false},"author":1,"featured_media":0,"parent":2775,"menu_order":0,"comment_status":"closed","ping_status":"closed","template":"","meta":{"footnotes":""},"class_list":["post-2779","page","type-page","status-publish","hentry"],"_links":{"self":[{"href":"https:\/\/ledismile.com\/al\/wp-json\/wp\/v2\/pages\/2779","targetHints":{"allow":["GET"]}}],"collection":[{"href":"https:\/\/ledismile.com\/al\/wp-json\/wp\/v2\/pages"}],"about":[{"href":"https:\/\/ledismile.com\/al\/wp-json\/wp\/v2\/types\/page"}],"author":[{"embeddable":true,"href":"https:\/\/ledismile.com\/al\/wp-json\/wp\/v2\/users\/1"}],"replies":[{"embeddable":true,"href":"https:\/\/ledismile.com\/al\/wp-json\/wp\/v2\/comments?post=2779"}],"version-history":[{"count":11,"href":"https:\/\/ledismile.com\/al\/wp-json\/wp\/v2\/pages\/2779\/revisions"}],"predecessor-version":[{"id":3673,"href":"https:\/\/ledismile.com\/al\/wp-json\/wp\/v2\/pages\/2779\/revisions\/3673"}],"up":[{"embeddable":true,"href":"https:\/\/ledismile.com\/al\/wp-json\/wp\/v2\/pages\/2775"}],"wp:attachment":[{"href":"https:\/\/ledismile.com\/al\/wp-json\/wp\/v2\/media?parent=2779"}],"curies":[{"name":"wp","href":"https:\/\/api.w.org\/{rel}","templated":true}]}}