{"id":2782,"date":"2022-04-11T12:42:44","date_gmt":"2022-04-11T12:42:44","guid":{"rendered":"http:\/\/ledismile.com\/?page_id=2782"},"modified":"2022-11-24T16:30:17","modified_gmt":"2022-11-24T16:30:17","slug":"kurora-zirkon-qeramike","status":"publish","type":"page","link":"https:\/\/ledismile.com\/al\/dentistri-kozmetike\/kurora-zirkon-qeramike\/","title":{"rendered":"Kurora zirkoni"},"content":{"rendered":"<p>[vc_row][vc_column][vc_column_text]<\/p>\r\n<p>Kurorat dentare jan\u00eb kapak\u00eb q\u00eb mbulojn\u00eb nj\u00eb dh\u00ebmb ose nj\u00eb implant dentar. Stomatolog\u00ebt shpesh rekomandojn\u00eb kurora si nj\u00eb m\u00ebnyr\u00eb p\u00ebr t\u00eb mb\u00ebshtetur dh\u00ebmb\u00ebt e thyer, t\u00eb dob\u00ebt ose t\u00eb gabuar. Kurorat dentare mund p\u00ebrdoren gjithashtu p\u00ebr t\u00eb mbuluar nj\u00eb dh\u00ebmb q\u00eb \u00ebsht\u00eb shum\u00eb i veshur posht\u00eb ose i ka dal\u00eb ngjyra. Ato gjithashtu mund t\u00eb p\u00ebrdoren n\u00eb lidhje me ura p\u00ebr t\u00eb forcuar dh\u00ebmb\u00eb t\u00eb shum\u00ebfisht\u00eb. Kur b\u00ebhet fjal\u00eb p\u00ebr materialet nga t\u00eb cilat jan\u00eb b\u00ebr\u00eb kurora, ju keni disa mund\u00ebsi t\u00eb mundshme, duke p\u00ebrfshir\u00eb qeramik\u00ebn dhe metalin. Nj\u00eb tjet\u00ebr mund\u00ebsi q\u00eb tani \u00ebsht\u00eb n\u00eb dispozicion p\u00ebr disa njer\u00ebz \u00ebsht\u00eb kurora e zirkonit. Kurorat e zirkonit b\u00ebhen nga dioksidi i zirkonit, nj\u00eb lloj metali shum\u00eb i q\u00ebndruesh\u00ebm q\u00eb lidhet me titanin, megjith\u00ebse kategorizohet si nj\u00eb lloj kuror\u00eb qeramike.<\/p>\r\n\r\n<p><strong><em>Pyetjet kryesore q\u00eb m\u00eb b\u00ebjn\u00eb pacient\u00ebt n\u00eb lidhje me kurorat e zirkonit:<\/em><\/strong><\/p>\r\n\r\n<p><strong><em>1. Cilat jan\u00eb benefitete vendosjes s\u00eb kurorave t\u00eb zirkonit?<\/em><\/strong><\/p>\r\n\r\n<p><em>Fort\u00ebsia <\/em>\u2013<em> Nj\u00eb nga avantazhet m\u00eb t\u00eb m\u00ebdha t\u00eb zirkonit \u00ebsht\u00eb fort\u00ebsia dhe q\u00ebndrueshm\u00ebria<\/em>. <em>Kurorat p\u00ebrb\u00ebhen nga nj\u00eb material i fort\u00eb, k\u00ebshtu q\u00eb zirkoni mund t\u00eb jet\u00eb nj\u00eb zgjedhje e shk\u00eblqyer. Gjithashtu, p\u00ebr shkak se zirkoni \u00ebsht\u00eb kaq i fort\u00eb, nj\u00eb dentist nuk do t\u00eb duhet t\u00eb b\u00ebj\u00eb shum\u00eb p\u00ebrgatitje t\u00eb dh\u00ebmbit paraprakisht.<\/em><\/p>\r\n\r\n<p><em>Jet\u00ebgjat\u00ebsi \u2013 Kurorat e b\u00ebra nga zirkoni, t\u00eb quajtura kurora monolitike t\u00eb zirkonis\u00eb, jan\u00eb ve\u00e7an\u00ebrisht t\u00eb q\u00ebndrueshme.<\/em> <em>Kurorat e zirkonit mund t\u00eb p\u00ebrdoren p\u00ebr shum\u00eb vite n\u00ebse kujdesi oral b\u00ebhet n\u00eb m\u00ebnyr\u00eb korrekte dhe kontrollet kryhen rregullisht.<\/em><\/p>\r\n\r\n<p><em>Biokomopatibiliteti \u2013 Zirkoni \u00ebsht\u00eb zgjedhja shum\u00eb e mir\u00eb mbi t\u00eb gjitha p\u00ebr biokompatibilitetin, q\u00eb do t\u00eb thot\u00eb se ka m\u00eb pak t\u00eb ngjar\u00eb t\u00eb provokoj\u00eb trupin n\u00eb prodhimin e nj\u00eb reagimi ose p\u00ebrgjigje imunologjike si inflamacioni.<\/em><\/p>\r\n\r\n<p><strong><em>2. Si aplikohet zirkoni n\u00eb dh\u00ebmb?<\/em><\/strong><\/p>\r\n\r\n<p><em>Si fillim b\u00ebhet reduktimi i dh\u00ebmbit ekzistues.M\u00eb pas merret masa e dh\u00ebmb\u00ebve. Me ndihm\u00ebn e nj\u00eb pajisje t\u00eb vecant\u00eb b\u00ebhet dizenjimi i dh\u00ebmb\u00ebve dhe p\u00ebrgatitja e veshjes. Dh\u00ebmb\u00ebt provizor\u00eb mbahen p\u00ebrsa koh\u00eb do jen\u00eb gati dh\u00ebmb\u00ebt p\u00ebrfundimtar\u00eb t\u00eb zirkonit. Me ardhjen e dh\u00ebmb\u00ebve p\u00ebrfundimtar\u00eb b\u00ebhet vendosja e tyre ne goj\u00ebn e pacientit.<\/em><\/p>\r\n\r\n<p><strong><em>3. Cilat jan\u00eb disavantazhet?<\/em><\/strong><\/p>\r\n\r\n<p><em>Urat e zirkonit mund t\u00eb prishet n\u00ebse zgavra e dh\u00ebmbit \u00ebsht\u00eb e gjat\u00eb. Prandaj, kurorat e zirkonit nuk preferohen n\u00eb raste t\u00eb tilla. Nj\u00eb konsult\u00eb n\u00eb klinik\u00ebn dentare \u2018Ledismile\u2019 e shoq\u00ebruar me nj\u00eb grafi panoramike do t\u2019ju jap\u00eb ju t\u00eb gjitha informacionet e nevojshme n\u00eb lidhje me rastin tuaj estetik dhe mjek\u00ebsor.<\/em><\/p>\r\n<p><strong><em>4. A ndryshojn\u00eb ngjyr\u00eb kurorat e zirkonit pas disa koh\u00ebsh?<\/em><\/strong><\/p>\r\n\r\n<p><em>Si p\u00ebrfaqja e materialit s\u00eb zirkonit \u00ebsht\u00eb e l\u00ebmuar, ndaj dhe nuk njolloset. Pas pirjes s\u00eb duhanit, konsumimit t\u00eb kafes\u00eb, cajit apo ver\u00ebs nuk ka ndryshim ngjyre si te dh\u00ebmb\u00ebt natyral\u00eb.<\/em><\/p>\r\n<p><strong><em>5. A mund t\u00eb thyhen kurorat e zirkonit?<\/em><\/strong><\/p>\r\n\r\n<p><em>Kurorat e zirkonit mund t\u00eb thyhen n\u00eb rastet e ndikimeve t\u00eb m\u00ebdha. Ekziston mund\u00ebsia e thyerjes ose plasaritjes kur tregoheni t\u00eb pakujdesh\u00ebm me objektet q\u00eb mundoheni ti thyeni me dh\u00ebmb\u00eb si p\u00ebr dhembull: carja e l\u00ebvores s\u00eb arr\u00ebs apo heqja e tap\u00ebs s\u00eb shishes s\u00eb birr\u00ebs. Po ato nuk shfaqin asnj\u00eb problem me p\u00ebrtypjen e ushqimeve t\u00eb forta.<\/em><\/p>\r\n<p><strong><em>6. A ka nevoj\u00eb p\u00ebr p\u00ebrkujdesje speciale?<br \/><\/em><\/strong><em>Nuk ka nevoj\u00eb p\u00ebr kujdes shtes\u00eb. kujdesi normal oral dhe kontrollet rutin\u00eb te specialisti jan\u00eb m\u00ebse t\u00eb mjaftueshme.<\/em><\/p>\r\n<p><strong><em>7. A kan\u00eb arom\u00eb t\u00eb pak\u00ebnd\u00ebshme kurorat e zirkonit?<br \/><\/em><\/strong><em>Jo, nuk kan\u00eb asnj\u00eb lloj arome. Gjithashtu nuk shkaktn asnj\u00eb ndryshim n\u00eb s\u00ebnsin e shijes.<\/em><\/p>\r\n<p><strong>8<em style=\"font-weight: bold;\">. A \u00ebsht\u00eb i dhimbsh\u00ebm procesi?<\/em><\/strong><\/p>\r\n\r\n<p><em>I gjith\u00eb procesi b\u00ebhet n\u00ebn anestezi lokale, ndaj nuk ka asnj\u00eb dhimbje.<\/em><\/p>\r\n<p>\u00a0<\/p>\r\n\r\n<div class=\"wp-block-group\"><div class=\"wp-block-group__inner-container is-layout-flow wp-block-group-is-layout-flow\">\r\n<div class=\"wp-block-columns is-layout-flex wp-container-core-columns-is-layout-9d6595d7 wp-block-columns-is-layout-flex\">\r\n<div class=\"wp-block-column is-layout-flow wp-block-column-is-layout-flow\" style=\"flex-basis: 100%;\">\r\n<figure class=\"wp-block-gallery has-nested-images columns-default is-cropped wp-block-gallery-1 is-layout-flex wp-block-gallery-is-layout-flex\">\r\n\r\n<\/figure>\r\n<\/div>\r\n<\/div>\r\n\r\n\r\n\r\n<figure class=\"wp-block-gallery has-nested-images columns-default is-cropped wp-block-gallery-2 is-layout-flex wp-block-gallery-is-layout-flex\">\r\n\r\n\r\n\r\n\r\n\r\n\r\n\r\n<\/figure>\r\n<\/div><\/div>\r\n<p>\u00a0<\/p>\r\n<p>[\/vc_column_text][\/vc_column][\/vc_row][vc_row][vc_column][tm_before_after_image image_before=&#8221;3364&#8243; image_after=&#8221;3363&#8243;][\/vc_column][\/vc_row]<\/p>","protected":false},"excerpt":{"rendered":"<p>[vc_row][vc_column][vc_column_text]<\/p>\n","protected":false},"author":1,"featured_media":0,"parent":2775,"menu_order":0,"comment_status":"closed","ping_status":"closed","template":"","meta":{"footnotes":""},"class_list":["post-2782","page","type-page","status-publish","hentry"],"_links":{"self":[{"href":"https:\/\/ledismile.com\/al\/wp-json\/wp\/v2\/pages\/2782","targetHints":{"allow":["GET"]}}],"collection":[{"href":"https:\/\/ledismile.com\/al\/wp-json\/wp\/v2\/pages"}],"about":[{"href":"https:\/\/ledismile.com\/al\/wp-json\/wp\/v2\/types\/page"}],"author":[{"embeddable":true,"href":"https:\/\/ledismile.com\/al\/wp-json\/wp\/v2\/users\/1"}],"replies":[{"embeddable":true,"href":"https:\/\/ledismile.com\/al\/wp-json\/wp\/v2\/comments?post=2782"}],"version-history":[{"count":12,"href":"https:\/\/ledismile.com\/al\/wp-json\/wp\/v2\/pages\/2782\/revisions"}],"predecessor-version":[{"id":3670,"href":"https:\/\/ledismile.com\/al\/wp-json\/wp\/v2\/pages\/2782\/revisions\/3670"}],"up":[{"embeddable":true,"href":"https:\/\/ledismile.com\/al\/wp-json\/wp\/v2\/pages\/2775"}],"wp:attachment":[{"href":"https:\/\/ledismile.com\/al\/wp-json\/wp\/v2\/media?parent=2782"}],"curies":[{"name":"wp","href":"https:\/\/api.w.org\/{rel}","templated":true}]}}