{"id":2783,"date":"2022-04-11T12:43:19","date_gmt":"2022-04-11T12:43:19","guid":{"rendered":"http:\/\/ledismile.com\/?page_id=2783"},"modified":"2022-09-28T14:09:43","modified_gmt":"2022-09-28T14:09:43","slug":"kurora-zirkon-e-max","status":"publish","type":"page","link":"https:\/\/ledismile.com\/al\/dentistri-kozmetike\/kurora-zirkon-e-max\/","title":{"rendered":"Kurora Zirkon E-max"},"content":{"rendered":"<p>[vc_row][vc_column][vc_column_text]Kurorat Zirkon E-max kan\u00eb n\u00eb p\u00ebrb\u00ebrjen e tyre t\u00eb dy materialet. Pjesa e brend\u00ebshme e struktu\u00ebs ka p\u00ebrb\u00ebrje zirkoni dhe n\u00eb pjes\u00ebn e jashtme, struktura \u00ebsht\u00eb e p\u00ebrb\u00ebr\u00eb nga E-max.<\/p>\r\n\r\n<figure class=\"wp-block-gallery has-nested-images columns-default is-cropped wp-block-gallery-1 is-layout-flex wp-block-gallery-is-layout-flex\"><\/figure>\r\n\r\n<p>&nbsp;<\/p>\r\n\r\n<figure class=\"wp-block-gallery has-nested-images columns-default is-cropped wp-block-gallery-2 is-layout-flex wp-block-gallery-is-layout-flex\"><\/figure>\r\n\r\n<p>&nbsp;<\/p>\r\n\r\n<p>[\/vc_column_text][\/vc_column][\/vc_row][vc_row][vc_column][tm_before_after_image image_before=&#8221;3357&#8243; image_after=&#8221;3358&#8243;][\/vc_column][\/vc_row]<\/p>","protected":false},"excerpt":{"rendered":"<p>[vc_row][vc_column][vc_column_text]Kurorat Zirkon E-max kan\u00eb n\u00eb p\u00ebrb\u00ebrjen e tyre t\u00eb dy materialet. Pjesa e brend\u00ebshme e struktu\u00ebs ka p\u00ebrb\u00ebrje zirkoni dhe n\u00eb pjes\u00ebn e jashtme, struktura \u00ebsht\u00eb e p\u00ebrb\u00ebr\u00eb nga E-max. &nbsp; &nbsp; [\/vc_column_text][\/vc_column][\/vc_row][vc_row][vc_column][tm_before_after_image image_before=&#8221;3357&#8243; image_after=&#8221;3358&#8243;][\/vc_column][\/vc_row]<\/p>\n","protected":false},"author":1,"featured_media":0,"parent":2775,"menu_order":0,"comment_status":"closed","ping_status":"closed","template":"","meta":{"footnotes":""},"class_list":["post-2783","page","type-page","status-publish","hentry"],"_links":{"self":[{"href":"https:\/\/ledismile.com\/al\/wp-json\/wp\/v2\/pages\/2783","targetHints":{"allow":["GET"]}}],"collection":[{"href":"https:\/\/ledismile.com\/al\/wp-json\/wp\/v2\/pages"}],"about":[{"href":"https:\/\/ledismile.com\/al\/wp-json\/wp\/v2\/types\/page"}],"author":[{"embeddable":true,"href":"https:\/\/ledismile.com\/al\/wp-json\/wp\/v2\/users\/1"}],"replies":[{"embeddable":true,"href":"https:\/\/ledismile.com\/al\/wp-json\/wp\/v2\/comments?post=2783"}],"version-history":[{"count":5,"href":"https:\/\/ledismile.com\/al\/wp-json\/wp\/v2\/pages\/2783\/revisions"}],"predecessor-version":[{"id":3360,"href":"https:\/\/ledismile.com\/al\/wp-json\/wp\/v2\/pages\/2783\/revisions\/3360"}],"up":[{"embeddable":true,"href":"https:\/\/ledismile.com\/al\/wp-json\/wp\/v2\/pages\/2775"}],"wp:attachment":[{"href":"https:\/\/ledismile.com\/al\/wp-json\/wp\/v2\/media?parent=2783"}],"curies":[{"name":"wp","href":"https:\/\/api.w.org\/{rel}","templated":true}]}}