{"id":2784,"date":"2022-04-11T12:43:53","date_gmt":"2022-04-11T12:43:53","guid":{"rendered":"http:\/\/ledismile.com\/?page_id=2784"},"modified":"2022-09-28T13:53:09","modified_gmt":"2022-09-28T13:53:09","slug":"korrektim-i-gummy-smile-me-botox-dhe-lazer-gingivectomy","status":"publish","type":"page","link":"https:\/\/ledismile.com\/al\/dentistri-kozmetike\/korrektim-i-gummy-smile-me-botox-dhe-lazer-gingivectomy\/","title":{"rendered":"Korrektim i gummy smile me botox dhe lazer gingivectomy"},"content":{"rendered":"<p>[vc_row][vc_column width=&#8221;2\/3&#8243;][vc_column_text]Nj\u00eb buz\u00ebqeshje ku dalin mishrat e dh\u00ebmb\u00ebve mund t\u00eb trajtohet leht\u00ebsisht dhe n\u00eb m\u00ebnyr\u00eb efektive me Botox. Pjesa m\u00eb e mir\u00eb e k\u00ebtij trajtimi \u00ebsht\u00eb se nuk \u00ebsht\u00eb invaziv dhe \u00ebsht\u00eb nj\u00eb procedur\u00eb e shpejt\u00eb! Botox ka toksin\u00eb botulinum t\u00eb tipit A, dhe kur injektohet, mund t\u00eb relaksoj\u00eb muskujt n\u00eb buz\u00ebn e sip\u00ebrme dhe t\u00eb kufizoj\u00eb ngritjen e buz\u00ebs s\u00eb sip\u00ebrme kur buz\u00ebqeshni, k\u00ebshtu q\u00eb mishrat e dh\u00ebmb\u00ebve do t\u00eb mbeten t\u00eb mbuluara.<\/p>\n<p>Gingivektomia me lazer b\u00ebhet p\u00ebr zgjatjen e dh\u00ebmb\u00ebve ose kurorave. Gingivektomia \u00ebsht\u00eb procedura m\u00eb e zakonshme q\u00eb kryhet me lazer dentar. T\u00eb gjitha gjat\u00ebsit\u00eb e val\u00ebve t\u00eb lazerit mund t\u00eb p\u00ebrdoren p\u00ebr prerjen e sakt\u00eb t\u00eb gingiv\u00ebs p\u00ebr indikacione restauruese, kozmetike dhe periodontale.[\/vc_column_text][\/vc_column][vc_column width=&#8221;1\/3&#8243;][\/vc_column][\/vc_row][vc_row][vc_column][tm_before_after_image image_before=&#8221;3352&#8243; image_after=&#8221;3354&#8243;][\/vc_column][\/vc_row]<\/p>\n","protected":false},"excerpt":{"rendered":"<p>[vc_row][vc_column width=&#8221;2\/3&#8243;][vc_column_text]Nj\u00eb buz\u00ebqeshje ku dalin mishrat e dh\u00ebmb\u00ebve mund t\u00eb trajtohet leht\u00ebsisht dhe n\u00eb m\u00ebnyr\u00eb efektive me Botox. Pjesa m\u00eb e mir\u00eb e k\u00ebtij trajtimi \u00ebsht\u00eb se nuk \u00ebsht\u00eb invaziv dhe \u00ebsht\u00eb nj\u00eb procedur\u00eb e shpejt\u00eb! Botox ka toksin\u00eb botulinum t\u00eb tipit A, dhe kur injektohet, mund t\u00eb relaksoj\u00eb muskujt n\u00eb buz\u00ebn e sip\u00ebrme dhe t\u00eb kufizoj\u00eb ngritjen e buz\u00ebs s\u00eb sip\u00ebrme kur buz\u00ebqeshni, k\u00ebshtu q\u00eb mishrat e dh\u00ebmb\u00ebve do t\u00eb mbeten t\u00eb mbuluara. Gingivektomia me lazer b\u00ebhet p\u00ebr zgjatjen e dh\u00ebmb\u00ebve ose kurorave. Gingivektomia \u00ebsht\u00eb procedura m\u00eb e zakonshme q\u00eb kryhet me lazer dentar. T\u00eb gjitha gjat\u00ebsit\u00eb e val\u00ebve t\u00eb lazerit mund t\u00eb p\u00ebrdoren p\u00ebr prerjen e sakt\u00eb t\u00eb gingiv\u00ebs p\u00ebr indikacione restauruese, kozmetike dhe periodontale.[\/vc_column_text][\/vc_column][vc_column width=&#8221;1\/3&#8243;][\/vc_column][\/vc_row][vc_row][vc_column][tm_before_after_image image_before=&#8221;3352&#8243; image_after=&#8221;3354&#8243;][\/vc_column][\/vc_row]<\/p>\n","protected":false},"author":1,"featured_media":0,"parent":2775,"menu_order":0,"comment_status":"closed","ping_status":"closed","template":"","meta":{"footnotes":""},"class_list":["post-2784","page","type-page","status-publish","hentry"],"_links":{"self":[{"href":"https:\/\/ledismile.com\/al\/wp-json\/wp\/v2\/pages\/2784","targetHints":{"allow":["GET"]}}],"collection":[{"href":"https:\/\/ledismile.com\/al\/wp-json\/wp\/v2\/pages"}],"about":[{"href":"https:\/\/ledismile.com\/al\/wp-json\/wp\/v2\/types\/page"}],"author":[{"embeddable":true,"href":"https:\/\/ledismile.com\/al\/wp-json\/wp\/v2\/users\/1"}],"replies":[{"embeddable":true,"href":"https:\/\/ledismile.com\/al\/wp-json\/wp\/v2\/comments?post=2784"}],"version-history":[{"count":5,"href":"https:\/\/ledismile.com\/al\/wp-json\/wp\/v2\/pages\/2784\/revisions"}],"predecessor-version":[{"id":3355,"href":"https:\/\/ledismile.com\/al\/wp-json\/wp\/v2\/pages\/2784\/revisions\/3355"}],"up":[{"embeddable":true,"href":"https:\/\/ledismile.com\/al\/wp-json\/wp\/v2\/pages\/2775"}],"wp:attachment":[{"href":"https:\/\/ledismile.com\/al\/wp-json\/wp\/v2\/media?parent=2784"}],"curies":[{"name":"wp","href":"https:\/\/api.w.org\/{rel}","templated":true}]}}