{"id":2785,"date":"2022-04-11T12:44:53","date_gmt":"2022-04-11T12:44:53","guid":{"rendered":"http:\/\/ledismile.com\/?page_id=2785"},"modified":"2022-10-04T13:53:56","modified_gmt":"2022-10-04T13:53:56","slug":"smile-design","status":"publish","type":"page","link":"https:\/\/ledismile.com\/al\/dentistri-kozmetike\/smile-design\/","title":{"rendered":"Smile Design"},"content":{"rendered":"<p>[vc_row][vc_column][vc_column_text]Dizajni i buz\u00ebqeshjes \u00ebsht\u00eb arti i sigurimit t\u00eb fytyr\u00ebs me aft\u00ebsin\u00eb p\u00ebr t\u00eb pasur dh\u00ebmb\u00eb t\u00eb ve\u00e7ant\u00eb, ideal\u00eb dhe t\u00eb sh\u00ebndetsh\u00ebm.<\/p>\n<p>\u00cbsht\u00eb nj\u00eb metod\u00eb q\u00eb shton nj\u00eb trajtim apo estetik\u00eb q\u00eb mund t\u00eb realizohet me metoda t\u00eb shumta trajtimi n\u00eb t\u00eb cilat ofrohet stomatologjia estetike. Zbardhja e dh\u00ebmb\u00ebve, veshja e dh\u00ebmb\u00ebve me laminat prej porcelani, veshja e dh\u00ebmb\u00ebve me zirkon, aplikimet e lidhjes, trajtimi i dh\u00ebmb\u00ebve me implant, mbushjet estetike, estetika roz\u00eb (estetike e mishrave t\u00eb dh\u00ebmb\u00ebve) dhe trajtimet dentare ortodontike jan\u00eb t\u00eb gjitha trajtime me dizajn t\u00eb buz\u00ebqeshjes q\u00eb administrohen n\u00eb stomatologjin\u00eb estetike. Ju mund t\u00eb arrini buz\u00ebqeshjen ideale me k\u00ebto trajtime.<\/p>\n<p>Zbatimi i dizajnit t\u00eb buz\u00ebqeshjes nga nj\u00eb dentist me njohuri p\u00ebr artin dhe aft\u00ebsi mund t&#8217;ju ndihmoj\u00eb t\u00eb takoni nj\u00eb buz\u00ebqeshje t\u00eb lumtur q\u00eb do t&#8217;ju p\u00ebrfaq\u00ebsoj\u00eb p\u00ebr vite me radh\u00eb.<\/p>\n<p>Elementi m\u00eb i r\u00ebnd\u00ebsish\u00ebm n\u00eb dizajnin e buz\u00ebqeshjes \u00ebsht\u00eb zbulimi i nj\u00eb dizajni t\u00eb p\u00ebrshtatsh\u00ebm q\u00eb bashkon linjat e fytyr\u00ebs, gjinin\u00eb, mosh\u00ebn, karakteristikat e personit.<\/p>\n<p>Dh\u00ebmb\u00eb t\u00eb sh\u00ebndetsh\u00ebm, kafshimi, t\u00eb folur dhe buz\u00ebqeshje estetike, realizimi i k\u00ebtyre funksioneve me teknikat e duhura jep rezultate sh\u00ebndet\u00ebsore.<\/p>\n<p>Para kryerjes s\u00eb dizajnit t\u00eb buz\u00ebqeshjes, dentisti jep informacion se \u00e7far\u00eb lloj kursi duhet ndjekur n\u00eb lidhje me trajtimin duke marr\u00eb parasysh matjet 3D p\u00ebr dh\u00ebmb\u00ebt, nofull\u00ebn dhe goj\u00ebn me nj\u00eb tomografi t\u00eb detajuar. N\u00ebse pacienti ka mbushje t\u00eb vjetra, prishje ose probleme me mishrat e dh\u00ebmb\u00ebve, zona k\u00ebto trajtime do t\u00eb ruajn\u00eb rajonet q\u00eb do t\u00eb shtohen n\u00eb fazat e m\u00ebvonshme pas p\u00ebrmbushjes s\u00eb sh\u00ebndetit oral. Pas p\u00ebrfundimit t\u00eb sh\u00ebndetit oral, ju mund t\u00eb buz\u00ebqeshni lirsh\u00ebm pas kryerjes s\u00eb trajtimeve t\u00eb tjera n\u00eb t\u00eb cilat mund t\u00eb keni nj\u00eb buz\u00ebqeshje estetike.<\/p>\n<p>Dizajni estetik i buz\u00ebqeshjes nuk b\u00ebhet n\u00eb t\u00eb nj\u00ebjt\u00ebn metod\u00eb dhe stil p\u00ebr \u00e7do person. Mund t\u00eb ket\u00eb ndryshime n\u00eb baz\u00eb t\u00eb struktur\u00ebs s\u00eb fytyr\u00ebs dhe goj\u00ebs s\u00eb \u00e7do personi. N\u00ebse personi ka dh\u00ebmb\u00eb dhe mishra t\u00eb sh\u00ebndetsh\u00ebm dhe \u00ebsht\u00eb n\u00eb ankth vet\u00ebm p\u00ebr shkak t\u00eb shtremb\u00ebrimit t\u00eb duksh\u00ebm, at\u00ebher\u00eb duhet t\u00eb administrohet nj\u00eb model buz\u00ebqeshjeje me opsionet e trajtimit ortodontik. Ose n\u00ebse pacienti ka dh\u00ebmb\u00eb t\u00eb munguar, duhet t\u00eb kryhet trajtimi me implant t\u00eb dh\u00ebmb\u00ebve duke plot\u00ebsuar boshll\u00ebqet n\u00eb buz\u00ebqeshje.[\/vc_column_text][\/vc_column][\/vc_row][vc_row][vc_column][tm_before_after_image image_before=&#8221;3404&#8243; image_after=&#8221;3405&#8243;][\/vc_column][\/vc_row]<\/p>\n","protected":false},"excerpt":{"rendered":"<p>[vc_row][vc_column][vc_column_text]Dizajni i buz\u00ebqeshjes \u00ebsht\u00eb arti i sigurimit t\u00eb fytyr\u00ebs me aft\u00ebsin\u00eb p\u00ebr t\u00eb pasur dh\u00ebmb\u00eb t\u00eb ve\u00e7ant\u00eb, ideal\u00eb dhe t\u00eb sh\u00ebndetsh\u00ebm. \u00cbsht\u00eb nj\u00eb metod\u00eb q\u00eb shton nj\u00eb trajtim apo estetik\u00eb q\u00eb mund t\u00eb realizohet me metoda t\u00eb shumta trajtimi n\u00eb t\u00eb cilat ofrohet stomatologjia estetike. Zbardhja e dh\u00ebmb\u00ebve, veshja e dh\u00ebmb\u00ebve me laminat prej porcelani, veshja e dh\u00ebmb\u00ebve me zirkon, aplikimet e lidhjes, trajtimi i dh\u00ebmb\u00ebve me implant, mbushjet estetike, estetika roz\u00eb (estetike e mishrave t\u00eb dh\u00ebmb\u00ebve) dhe trajtimet dentare ortodontike jan\u00eb t\u00eb gjitha trajtime me dizajn t\u00eb buz\u00ebqeshjes q\u00eb administrohen n\u00eb stomatologjin\u00eb estetike. Ju mund t\u00eb arrini buz\u00ebqeshjen ideale me k\u00ebto trajtime. Zbatimi i dizajnit t\u00eb buz\u00ebqeshjes nga nj\u00eb dentist me njohuri p\u00ebr artin dhe aft\u00ebsi mund t&#8217;ju ndihmoj\u00eb t\u00eb takoni nj\u00eb buz\u00ebqeshje t\u00eb lumtur q\u00eb do t&#8217;ju p\u00ebrfaq\u00ebsoj\u00eb p\u00ebr vite me radh\u00eb. Elementi m\u00eb i r\u00ebnd\u00ebsish\u00ebm n\u00eb dizajnin e buz\u00ebqeshjes \u00ebsht\u00eb zbulimi i nj\u00eb dizajni t\u00eb p\u00ebrshtatsh\u00ebm q\u00eb bashkon linjat e fytyr\u00ebs, gjinin\u00eb, mosh\u00ebn, karakteristikat e personit. Dh\u00ebmb\u00eb t\u00eb sh\u00ebndetsh\u00ebm, kafshimi, t\u00eb folur dhe buz\u00ebqeshje estetike, realizimi i k\u00ebtyre funksioneve me teknikat e duhura jep rezultate sh\u00ebndet\u00ebsore. Para kryerjes s\u00eb dizajnit t\u00eb buz\u00ebqeshjes, dentisti jep informacion se \u00e7far\u00eb lloj kursi duhet ndjekur n\u00eb lidhje me trajtimin duke marr\u00eb parasysh matjet 3D p\u00ebr dh\u00ebmb\u00ebt, nofull\u00ebn dhe goj\u00ebn me nj\u00eb tomografi t\u00eb detajuar. N\u00ebse pacienti ka mbushje t\u00eb vjetra, prishje ose probleme me mishrat e dh\u00ebmb\u00ebve, zona k\u00ebto trajtime do t\u00eb ruajn\u00eb rajonet q\u00eb do t\u00eb shtohen n\u00eb fazat e m\u00ebvonshme pas p\u00ebrmbushjes s\u00eb sh\u00ebndetit oral. Pas p\u00ebrfundimit t\u00eb sh\u00ebndetit oral, ju mund t\u00eb buz\u00ebqeshni lirsh\u00ebm pas kryerjes s\u00eb trajtimeve t\u00eb tjera n\u00eb t\u00eb cilat mund t\u00eb keni nj\u00eb buz\u00ebqeshje estetike. Dizajni estetik i buz\u00ebqeshjes nuk b\u00ebhet n\u00eb t\u00eb nj\u00ebjt\u00ebn metod\u00eb dhe stil p\u00ebr \u00e7do person. Mund t\u00eb ket\u00eb ndryshime n\u00eb baz\u00eb t\u00eb struktur\u00ebs s\u00eb fytyr\u00ebs dhe goj\u00ebs s\u00eb \u00e7do personi. N\u00ebse personi ka dh\u00ebmb\u00eb dhe mishra t\u00eb sh\u00ebndetsh\u00ebm dhe \u00ebsht\u00eb n\u00eb ankth vet\u00ebm p\u00ebr shkak t\u00eb shtremb\u00ebrimit t\u00eb duksh\u00ebm, at\u00ebher\u00eb duhet t\u00eb administrohet nj\u00eb model buz\u00ebqeshjeje me opsionet e trajtimit ortodontik. Ose n\u00ebse pacienti ka dh\u00ebmb\u00eb t\u00eb munguar, duhet t\u00eb kryhet trajtimi me implant t\u00eb dh\u00ebmb\u00ebve duke plot\u00ebsuar boshll\u00ebqet n\u00eb buz\u00ebqeshje.[\/vc_column_text][\/vc_column][\/vc_row][vc_row][vc_column][tm_before_after_image image_before=&#8221;3404&#8243; image_after=&#8221;3405&#8243;][\/vc_column][\/vc_row]<\/p>\n","protected":false},"author":1,"featured_media":0,"parent":2775,"menu_order":0,"comment_status":"closed","ping_status":"closed","template":"","meta":{"footnotes":""},"class_list":["post-2785","page","type-page","status-publish","hentry"],"_links":{"self":[{"href":"https:\/\/ledismile.com\/al\/wp-json\/wp\/v2\/pages\/2785","targetHints":{"allow":["GET"]}}],"collection":[{"href":"https:\/\/ledismile.com\/al\/wp-json\/wp\/v2\/pages"}],"about":[{"href":"https:\/\/ledismile.com\/al\/wp-json\/wp\/v2\/types\/page"}],"author":[{"embeddable":true,"href":"https:\/\/ledismile.com\/al\/wp-json\/wp\/v2\/users\/1"}],"replies":[{"embeddable":true,"href":"https:\/\/ledismile.com\/al\/wp-json\/wp\/v2\/comments?post=2785"}],"version-history":[{"count":6,"href":"https:\/\/ledismile.com\/al\/wp-json\/wp\/v2\/pages\/2785\/revisions"}],"predecessor-version":[{"id":3406,"href":"https:\/\/ledismile.com\/al\/wp-json\/wp\/v2\/pages\/2785\/revisions\/3406"}],"up":[{"embeddable":true,"href":"https:\/\/ledismile.com\/al\/wp-json\/wp\/v2\/pages\/2775"}],"wp:attachment":[{"href":"https:\/\/ledismile.com\/al\/wp-json\/wp\/v2\/media?parent=2785"}],"curies":[{"name":"wp","href":"https:\/\/api.w.org\/{rel}","templated":true}]}}