{"id":2920,"date":"2022-05-13T13:50:16","date_gmt":"2022-05-13T13:50:16","guid":{"rendered":"http:\/\/ledismile.com\/kurora-dhembesh-2\/"},"modified":"2022-10-07T14:22:44","modified_gmt":"2022-10-07T14:22:44","slug":"kurora-dhembesh-2","status":"publish","type":"page","link":"https:\/\/ledismile.com\/al\/kurora-dhembesh-2\/","title":{"rendered":"Kurora Dh\u00ebmb\u00ebsh"},"content":{"rendered":"<p>[vc_row][vc_column width=&#8221;2\/3&#8243;][vc_column_text]Me kalimin e koh\u00ebs, dh\u00ebmb\u00ebt tuaj mund t\u00eb d\u00ebmtohen. Kjo mund t\u00eb ndodh\u00eb p\u00ebr nj\u00eb s\u00ebr\u00eb arsyesh, si prishja e dh\u00ebmb\u00ebve, l\u00ebndimet ose thjesht p\u00ebrdorimi me kalimin e koh\u00ebs. Dh\u00ebmb\u00ebt tuaj mund t\u00eb humbasin form\u00ebn ose madh\u00ebsin\u00eb e tyre. Kurora dentare jan\u00eb &#8220;kapak\u00eb&#8221; n\u00eb form\u00eb dh\u00ebmbi q\u00eb mund t\u00eb vendosen sip\u00ebr tyre. E mendojm\u00eb si nj\u00eb kapele t\u00eb rehatshme p\u00ebr dh\u00ebmbin tuaj. Kurora rikthen form\u00ebn, madh\u00ebsin\u00eb, forc\u00ebn dhe pamjen e dh\u00ebmbit. Kurorat ndahen n\u00eb kurora zirkoni, kurora porcelani dhe kurora zirkon e-max.<\/p>\r\n<p>[\/vc_column_text][\/vc_column][vc_column width=&#8221;1\/3&#8243;][tm_custom_menu align=&#8221;right&#8221; title=&#8221;Sh\u00ebrbime&#8221; nav_menu=&#8221;kurora-dhembesh&#8221;][\/vc_column][\/vc_row][vc_row][vc_column][tm_before_after_image image_before=&#8221;3414&#8243; image_after=&#8221;3415&#8243;][\/vc_column][\/vc_row]<\/p>","protected":false},"excerpt":{"rendered":"<p>[vc_row][vc_column width=&#8221;2\/3&#8243;][vc_column_text]Me kalimin e koh\u00ebs, dh\u00ebmb\u00ebt tuaj mund t\u00eb d\u00ebmtohen. Kjo mund t\u00eb ndodh\u00eb p\u00ebr nj\u00eb s\u00ebr\u00eb arsyesh, si prishja e dh\u00ebmb\u00ebve, l\u00ebndimet ose thjesht p\u00ebrdorimi me kalimin e koh\u00ebs. Dh\u00ebmb\u00ebt tuaj mund t\u00eb humbasin form\u00ebn ose madh\u00ebsin\u00eb e tyre. Kurora dentare jan\u00eb &#8220;kapak\u00eb&#8221; n\u00eb form\u00eb dh\u00ebmbi q\u00eb mund t\u00eb vendosen sip\u00ebr tyre. E mendojm\u00eb si nj\u00eb kapele t\u00eb rehatshme p\u00ebr dh\u00ebmbin tuaj. Kurora rikthen form\u00ebn, madh\u00ebsin\u00eb, forc\u00ebn dhe pamjen e dh\u00ebmbit. Kurorat ndahen n\u00eb kurora zirkoni, kurora porcelani dhe kurora zirkon e-max. [\/vc_column_text][\/vc_column][vc_column width=&#8221;1\/3&#8243;][tm_custom_menu align=&#8221;right&#8221; title=&#8221;Sh\u00ebrbime&#8221; nav_menu=&#8221;kurora-dhembesh&#8221;][\/vc_column][\/vc_row][vc_row][vc_column][tm_before_after_image image_before=&#8221;3414&#8243; image_after=&#8221;3415&#8243;][\/vc_column][\/vc_row]<\/p>\n","protected":false},"author":1,"featured_media":0,"parent":0,"menu_order":0,"comment_status":"closed","ping_status":"closed","template":"","meta":{"footnotes":""},"class_list":["post-2920","page","type-page","status-publish","hentry"],"_links":{"self":[{"href":"https:\/\/ledismile.com\/al\/wp-json\/wp\/v2\/pages\/2920","targetHints":{"allow":["GET"]}}],"collection":[{"href":"https:\/\/ledismile.com\/al\/wp-json\/wp\/v2\/pages"}],"about":[{"href":"https:\/\/ledismile.com\/al\/wp-json\/wp\/v2\/types\/page"}],"author":[{"embeddable":true,"href":"https:\/\/ledismile.com\/al\/wp-json\/wp\/v2\/users\/1"}],"replies":[{"embeddable":true,"href":"https:\/\/ledismile.com\/al\/wp-json\/wp\/v2\/comments?post=2920"}],"version-history":[{"count":6,"href":"https:\/\/ledismile.com\/al\/wp-json\/wp\/v2\/pages\/2920\/revisions"}],"predecessor-version":[{"id":3418,"href":"https:\/\/ledismile.com\/al\/wp-json\/wp\/v2\/pages\/2920\/revisions\/3418"}],"wp:attachment":[{"href":"https:\/\/ledismile.com\/al\/wp-json\/wp\/v2\/media?parent=2920"}],"curies":[{"name":"wp","href":"https:\/\/api.w.org\/{rel}","templated":true}]}}