{"id":2922,"date":"2022-05-13T13:50:16","date_gmt":"2022-05-13T13:50:16","guid":{"rendered":"http:\/\/ledismile.com\/kurora-dhembesh-2\/zirkon-qeramike-2\/"},"modified":"2022-10-07T14:11:23","modified_gmt":"2022-10-07T14:11:23","slug":"zirkon-e-max","status":"publish","type":"page","link":"https:\/\/ledismile.com\/al\/kurora-dhembesh-2\/zirkon-e-max\/","title":{"rendered":"Zirkon e max"},"content":{"rendered":"<p>[vc_row][vc_column][vc_column_text]Kurorat Zirkon E-max kan\u00eb n\u00eb p\u00ebrb\u00ebrjen e tyre t\u00eb dy materialet. Pjesa e brend\u00ebshme e struktu\u00ebs ka p\u00ebrb\u00ebrje zirkoni dhe n\u00eb pjes\u00ebn e jashtme, struktura \u00ebsht\u00eb e p\u00ebrb\u00ebr\u00eb nga E-max.<\/p>\n<figure class=\"wp-block-gallery has-nested-images columns-default is-cropped\">\n<figure class=\"wp-block-image size-large\"><\/figure>\n<figure class=\"wp-block-image size-large\"><\/figure>\n<figure class=\"wp-block-image size-large\"><\/figure>\n<\/figure>\n<p>[\/vc_column_text][\/vc_column][\/vc_row][vc_row][vc_column][tm_before_after_image image_before=&#8221;3414&#8243; image_after=&#8221;3415&#8243;][\/vc_column][\/vc_row]<\/p>\n","protected":false},"excerpt":{"rendered":"<p>[vc_row][vc_column][vc_column_text]Kurorat Zirkon E-max kan\u00eb n\u00eb p\u00ebrb\u00ebrjen e tyre t\u00eb dy materialet. Pjesa e brend\u00ebshme e struktu\u00ebs ka p\u00ebrb\u00ebrje zirkoni dhe n\u00eb pjes\u00ebn e jashtme, struktura \u00ebsht\u00eb e p\u00ebrb\u00ebr\u00eb nga E-max. [\/vc_column_text][\/vc_column][\/vc_row][vc_row][vc_column][tm_before_after_image image_before=&#8221;3414&#8243; image_after=&#8221;3415&#8243;][\/vc_column][\/vc_row]<\/p>\n","protected":false},"author":1,"featured_media":0,"parent":2920,"menu_order":0,"comment_status":"closed","ping_status":"closed","template":"","meta":{"footnotes":""},"class_list":["post-2922","page","type-page","status-publish","hentry"],"_links":{"self":[{"href":"https:\/\/ledismile.com\/al\/wp-json\/wp\/v2\/pages\/2922","targetHints":{"allow":["GET"]}}],"collection":[{"href":"https:\/\/ledismile.com\/al\/wp-json\/wp\/v2\/pages"}],"about":[{"href":"https:\/\/ledismile.com\/al\/wp-json\/wp\/v2\/types\/page"}],"author":[{"embeddable":true,"href":"https:\/\/ledismile.com\/al\/wp-json\/wp\/v2\/users\/1"}],"replies":[{"embeddable":true,"href":"https:\/\/ledismile.com\/al\/wp-json\/wp\/v2\/comments?post=2922"}],"version-history":[{"count":5,"href":"https:\/\/ledismile.com\/al\/wp-json\/wp\/v2\/pages\/2922\/revisions"}],"predecessor-version":[{"id":3416,"href":"https:\/\/ledismile.com\/al\/wp-json\/wp\/v2\/pages\/2922\/revisions\/3416"}],"up":[{"embeddable":true,"href":"https:\/\/ledismile.com\/al\/wp-json\/wp\/v2\/pages\/2920"}],"wp:attachment":[{"href":"https:\/\/ledismile.com\/al\/wp-json\/wp\/v2\/media?parent=2922"}],"curies":[{"name":"wp","href":"https:\/\/api.w.org\/{rel}","templated":true}]}}