{"id":2951,"date":"2022-05-13T13:50:16","date_gmt":"2022-05-13T13:50:16","guid":{"rendered":"http:\/\/ledismile.com\/kurora-dhembesh-2-2\/"},"modified":"2022-10-22T11:50:07","modified_gmt":"2022-10-22T11:50:07","slug":"rritja-e-gjatesise-se-kurores-klinike-te-dhembeve","status":"publish","type":"page","link":"https:\/\/ledismile.com\/al\/rehabilitime-totale-te-dantures-2-2\/rritja-e-gjatesise-se-kurores-klinike-te-dhembeve\/","title":{"rendered":"Rritja e gjat\u00ebsis\u00eb s\u00eb kuror\u00ebs klinike t\u00eb dh\u00ebmb\u00ebve"},"content":{"rendered":"<p>[vc_row][vc_column][vc_column_text]Rritja e gjat\u00ebsis\u00eb s\u00eb kuror\u00ebs klinike t\u00eb dh\u00ebmb\u00ebve \u00ebsht\u00eb trajtim i cili ka kryesisht q\u00ebllim estetik gjat\u00eb rehabilitimeve totale. Arsye \u00ebsht\u00eb ngritja e kafshimit dhe e katiti t\u00eb posht\u00ebm t\u00eb fytyr\u00ebs. Pro\u00e7edura mund t\u00eb kryhet me gingivektomi me lazer, me kurora ose me t\u00eb dyja s\u00eb bashku.<\/p>\r\n<p>[\/vc_column_text][\/vc_column][\/vc_row][vc_row][vc_column][tm_before_after_image image_before=&#8221;3441&#8243; image_after=&#8221;3440&#8243;][\/vc_column][\/vc_row]<\/p>","protected":false},"excerpt":{"rendered":"<p>[vc_row][vc_column][vc_column_text]Rritja e gjat\u00ebsis\u00eb s\u00eb kuror\u00ebs klinike t\u00eb dh\u00ebmb\u00ebve \u00ebsht\u00eb trajtim i cili ka kryesisht q\u00ebllim estetik gjat\u00eb rehabilitimeve totale. Arsye \u00ebsht\u00eb ngritja e kafshimit dhe e katiti t\u00eb posht\u00ebm t\u00eb fytyr\u00ebs. Pro\u00e7edura mund t\u00eb kryhet me gingivektomi me lazer, me kurora ose me t\u00eb dyja s\u00eb bashku. [\/vc_column_text][\/vc_column][\/vc_row][vc_row][vc_column][tm_before_after_image image_before=&#8221;3441&#8243; image_after=&#8221;3440&#8243;][\/vc_column][\/vc_row]<\/p>\n","protected":false},"author":1,"featured_media":0,"parent":2956,"menu_order":0,"comment_status":"closed","ping_status":"closed","template":"","meta":{"footnotes":""},"class_list":["post-2951","page","type-page","status-publish","hentry"],"_links":{"self":[{"href":"https:\/\/ledismile.com\/al\/wp-json\/wp\/v2\/pages\/2951","targetHints":{"allow":["GET"]}}],"collection":[{"href":"https:\/\/ledismile.com\/al\/wp-json\/wp\/v2\/pages"}],"about":[{"href":"https:\/\/ledismile.com\/al\/wp-json\/wp\/v2\/types\/page"}],"author":[{"embeddable":true,"href":"https:\/\/ledismile.com\/al\/wp-json\/wp\/v2\/users\/1"}],"replies":[{"embeddable":true,"href":"https:\/\/ledismile.com\/al\/wp-json\/wp\/v2\/comments?post=2951"}],"version-history":[{"count":8,"href":"https:\/\/ledismile.com\/al\/wp-json\/wp\/v2\/pages\/2951\/revisions"}],"predecessor-version":[{"id":3442,"href":"https:\/\/ledismile.com\/al\/wp-json\/wp\/v2\/pages\/2951\/revisions\/3442"}],"up":[{"embeddable":true,"href":"https:\/\/ledismile.com\/al\/wp-json\/wp\/v2\/pages\/2956"}],"wp:attachment":[{"href":"https:\/\/ledismile.com\/al\/wp-json\/wp\/v2\/media?parent=2951"}],"curies":[{"name":"wp","href":"https:\/\/api.w.org\/{rel}","templated":true}]}}