{"id":2956,"date":"2022-05-13T13:50:16","date_gmt":"2022-05-13T13:50:16","guid":{"rendered":"http:\/\/ledismile.com\/rehabilitime-totale-te-dantures-2-2\/"},"modified":"2022-10-07T15:20:55","modified_gmt":"2022-10-07T15:20:55","slug":"rehabilitime-totale-te-dantures-2-2","status":"publish","type":"page","link":"https:\/\/ledismile.com\/al\/rehabilitime-totale-te-dantures-2-2\/","title":{"rendered":"Rehabilitime totale t\u00eb dantur\u00ebs"},"content":{"rendered":"<p>[vc_row][vc_column width=&#8221;2\/3&#8243;][vc_column_text]Trajtimet p\u00ebr rehabilitimet totale t\u00eb dantur\u00ebs, mund t\u00eb p\u00ebrfshijn\u00eb mbivendosje, kurora, ura, implante dentare dhe\/ose proteza q\u00eb n\u00eb thelb do t\u00eb ofrojn\u00eb jo vet\u00ebm nj\u00eb &#8220;p\u00ebrt\u00ebritje t\u00eb buz\u00ebqeshjes&#8221;, por edhe efikasitet t\u00eb p\u00ebrmir\u00ebsuar t\u00eb p\u00ebrtypjes p\u00ebr pacientin. N\u00eb disa pacient\u00eb, mund t\u00eb p\u00ebrdoren edhe specialitete t\u00eb tjera ortodoncia p\u00ebr t\u00eb leht\u00ebsuar rezultatin m\u00eb t\u00eb mir\u00eb t\u00eb mundsh\u00ebm.[\/vc_column_text][\/vc_column][vc_column width=&#8221;1\/3&#8243;][tm_custom_menu align=&#8221;right&#8221; title=&#8221;Sh\u00ebrbime&#8221; nav_menu=&#8221;rehabilitime-totale-te-dantures&#8221;][\/vc_column][\/vc_row][vc_row][vc_column][tm_before_after_image image_before=&#8221;3421&#8243; image_after=&#8221;3422&#8243;][\/vc_column][\/vc_row]<\/p>\n","protected":false},"excerpt":{"rendered":"<p>[vc_row][vc_column width=&#8221;2\/3&#8243;][vc_column_text]Trajtimet p\u00ebr rehabilitimet totale t\u00eb dantur\u00ebs, mund t\u00eb p\u00ebrfshijn\u00eb mbivendosje, kurora, ura, implante dentare dhe\/ose proteza q\u00eb n\u00eb thelb do t\u00eb ofrojn\u00eb jo vet\u00ebm nj\u00eb &#8220;p\u00ebrt\u00ebritje t\u00eb buz\u00ebqeshjes&#8221;, por edhe efikasitet t\u00eb p\u00ebrmir\u00ebsuar t\u00eb p\u00ebrtypjes p\u00ebr pacientin. N\u00eb disa pacient\u00eb, mund t\u00eb p\u00ebrdoren edhe specialitete t\u00eb tjera ortodoncia p\u00ebr t\u00eb leht\u00ebsuar rezultatin m\u00eb t\u00eb mir\u00eb t\u00eb mundsh\u00ebm.[\/vc_column_text][\/vc_column][vc_column width=&#8221;1\/3&#8243;][tm_custom_menu align=&#8221;right&#8221; title=&#8221;Sh\u00ebrbime&#8221; nav_menu=&#8221;rehabilitime-totale-te-dantures&#8221;][\/vc_column][\/vc_row][vc_row][vc_column][tm_before_after_image image_before=&#8221;3421&#8243; image_after=&#8221;3422&#8243;][\/vc_column][\/vc_row]<\/p>\n","protected":false},"author":1,"featured_media":0,"parent":0,"menu_order":0,"comment_status":"closed","ping_status":"closed","template":"","meta":{"footnotes":""},"class_list":["post-2956","page","type-page","status-publish","hentry"],"_links":{"self":[{"href":"https:\/\/ledismile.com\/al\/wp-json\/wp\/v2\/pages\/2956","targetHints":{"allow":["GET"]}}],"collection":[{"href":"https:\/\/ledismile.com\/al\/wp-json\/wp\/v2\/pages"}],"about":[{"href":"https:\/\/ledismile.com\/al\/wp-json\/wp\/v2\/types\/page"}],"author":[{"embeddable":true,"href":"https:\/\/ledismile.com\/al\/wp-json\/wp\/v2\/users\/1"}],"replies":[{"embeddable":true,"href":"https:\/\/ledismile.com\/al\/wp-json\/wp\/v2\/comments?post=2956"}],"version-history":[{"count":4,"href":"https:\/\/ledismile.com\/al\/wp-json\/wp\/v2\/pages\/2956\/revisions"}],"predecessor-version":[{"id":3423,"href":"https:\/\/ledismile.com\/al\/wp-json\/wp\/v2\/pages\/2956\/revisions\/3423"}],"wp:attachment":[{"href":"https:\/\/ledismile.com\/al\/wp-json\/wp\/v2\/media?parent=2956"}],"curies":[{"name":"wp","href":"https:\/\/api.w.org\/{rel}","templated":true}]}}