{"id":2959,"date":"2022-05-13T13:50:16","date_gmt":"2022-05-13T13:50:16","guid":{"rendered":"http:\/\/ledismile.com\/rehabilitime-totale-te-dantures-2-2-4\/"},"modified":"2022-10-08T13:58:09","modified_gmt":"2022-10-08T13:58:09","slug":"ngritja-dhe-rregullimi-i-kafshimit","status":"publish","type":"page","link":"https:\/\/ledismile.com\/al\/rehabilitime-totale-te-dantures-2-2\/ngritja-dhe-rregullimi-i-kafshimit\/","title":{"rendered":"Ngritja dhe rregullimi i kafshimit, rregullimi i relacionit te nofullave me nj\u00ebra-tjetr\u00ebn, rehabilitim i katit t\u00eb posht\u00ebm t\u00eb fytyr\u00ebs"},"content":{"rendered":"<p>[vc_row][vc_column][vc_column_text]Ngritja dhe rregullimi i kafshimit kryhet n\u00eb rastet kur pacienti i ka konsumuar gjat\u00ebsit\u00eb e dh\u00ebmb\u00ebve nd\u00ebr vite me an\u00eb t\u00eb bruksizmit, f\u00ebrkimit dhe shtr\u00ebngimit t\u00eb dh\u00ebmb\u00ebve n\u00eb m\u00ebnyr\u00eb t\u00eb pavullnetshme gjat\u00eb nat\u00ebs ose gjat\u00eb dit\u00ebs. Bruksizmi noktur ose diur jep uljen e gjat\u00ebsis\u00eb s\u00eb kuror\u00ebs klinike t\u00eb dh\u00ebmb\u00ebve dhe uljen e kafshimit. Kjo do t\u00eb thot\u00eb q\u00eb nofulla e poshtme futet m\u00eb thell\u00eb, n\u00eb pozicionimin e duhur n\u00eb kranium, n\u00eb kafk\u00eb dhe ulet kati i posht\u00ebm i fytyr\u00ebs.<\/p>\r\n<p>Nj\u00eb tjet\u00ebr arsye se pse kryhet ngritja e kafshimit vjen si rezultat i humbjes s\u00eb gjashtave, humbja e k\u00ebtyre dh\u00ebmball\u00ebve sidomos n\u00eb nj\u00eb mosh\u00eb t\u00eb hershme. Si pasoj\u00eb e k\u00ebsaj humbje dhqmb\u00ebt dhe dh\u00ebmball\u00ebt e tjera kan\u00eb migruar ose l\u00ebvizur dhe nuk takojn\u00eb m\u00eb me nj\u00ebri tjetrin n\u00eb lart\u00ebsin\u00eb e duhur idelae, n\u00eb at\u00eb \u00e7far\u00eb ka qen\u00eb para humbjes s\u00eb dh\u00ebmball\u00ebve. N\u00eb k\u00ebt\u00eb rast b\u00ebhet ngritje dhe rregullim i kafshimit me punimet ortopedike fikse dhe rregullim i relacionit t\u00eb nofullave, ku nofullat takojn\u00eb me nj\u00ebra-tjetr\u00ebn n\u00eb m\u00ebnyr\u00eb anomalike, ku nofulla e poshtme \u00ebsht\u00eb m\u00eb e dal\u00eb se nofulla e sip\u00ebrme. Kur kemi kafshim t\u00eb kryq\u00ebzuar bilateral, n\u00eb rastet ku nofulla e sip\u00ebrme \u00ebsht\u00eb m\u00eb e ngusht\u00eb n\u00eb an\u00ebsore se nofulla e poshtme etj.<\/p>\r\n<p>K\u00ebto jan\u00eb anomali skeletale t\u00eb pozicionimit t\u00eb nofullave dhe t\u00eb dh\u00ebmb\u00ebve. Rregullimi i relacionit t\u00eb nofullave \u00eb i lidhur inderekt me ngritjen e kafshimit dhe rehabilitimin e katiti t\u00eb posht\u00ebm t\u00eb fytyr\u00ebs. Rivendoset ekulilibri i kateve t\u00eb fytyr\u00ebs ku kati i sip\u00ebrm, i mes\u00ebm dhe i posht\u00ebm duhet te jen\u00eb t\u00eb tre nj\u00ebsoj n\u00eb lart\u00ebsin\u00eb e tyre. K\u00ebto anomali sjellin n\u00eb dukje nj\u00eb pamje m\u00eb t\u00eb vjet\u00ebr t\u00eb pacientit krahasuar me mosh\u00ebn e tij reale.<\/p>\r\n\r\n<p>[\/vc_column_text][\/vc_column][\/vc_row][vc_row][vc_column][tm_before_after_image image_before=&#8221;3428&#8243; image_after=&#8221;3429&#8243;][\/vc_column][\/vc_row]<\/p>","protected":false},"excerpt":{"rendered":"<p>[vc_row][vc_column][vc_column_text]Ngritja dhe rregullimi i kafshimit kryhet n\u00eb rastet kur pacienti i ka konsumuar gjat\u00ebsit\u00eb e dh\u00ebmb\u00ebve nd\u00ebr vite me an\u00eb t\u00eb bruksizmit, f\u00ebrkimit dhe shtr\u00ebngimit t\u00eb dh\u00ebmb\u00ebve n\u00eb m\u00ebnyr\u00eb t\u00eb pavullnetshme gjat\u00eb nat\u00ebs ose gjat\u00eb dit\u00ebs. Bruksizmi noktur ose diur jep uljen e gjat\u00ebsis\u00eb s\u00eb kuror\u00ebs klinike t\u00eb dh\u00ebmb\u00ebve dhe uljen e kafshimit. Kjo do t\u00eb thot\u00eb q\u00eb nofulla e poshtme futet m\u00eb thell\u00eb, n\u00eb pozicionimin e duhur n\u00eb kranium, n\u00eb kafk\u00eb dhe ulet kati i posht\u00ebm i fytyr\u00ebs. Nj\u00eb tjet\u00ebr arsye se pse kryhet ngritja e kafshimit vjen si rezultat i humbjes s\u00eb gjashtave, humbja e k\u00ebtyre dh\u00ebmball\u00ebve sidomos n\u00eb nj\u00eb mosh\u00eb t\u00eb hershme. Si pasoj\u00eb e k\u00ebsaj humbje dhqmb\u00ebt dhe dh\u00ebmball\u00ebt e tjera kan\u00eb migruar ose l\u00ebvizur dhe nuk takojn\u00eb m\u00eb me nj\u00ebri tjetrin n\u00eb lart\u00ebsin\u00eb e duhur idelae, n\u00eb at\u00eb \u00e7far\u00eb ka qen\u00eb para humbjes s\u00eb dh\u00ebmball\u00ebve. N\u00eb k\u00ebt\u00eb rast b\u00ebhet ngritje dhe rregullim i kafshimit me punimet ortopedike fikse dhe rregullim i relacionit t\u00eb nofullave, ku nofullat takojn\u00eb me nj\u00ebra-tjetr\u00ebn n\u00eb m\u00ebnyr\u00eb anomalike, ku nofulla e poshtme \u00ebsht\u00eb m\u00eb e dal\u00eb se nofulla e sip\u00ebrme. Kur kemi kafshim t\u00eb kryq\u00ebzuar bilateral, n\u00eb rastet ku nofulla e sip\u00ebrme \u00ebsht\u00eb m\u00eb e ngusht\u00eb n\u00eb an\u00ebsore se nofulla e poshtme etj. K\u00ebto jan\u00eb anomali skeletale t\u00eb pozicionimit t\u00eb nofullave dhe t\u00eb dh\u00ebmb\u00ebve. Rregullimi i relacionit t\u00eb nofullave \u00eb i lidhur inderekt me ngritjen e kafshimit dhe rehabilitimin e katiti t\u00eb posht\u00ebm t\u00eb fytyr\u00ebs. Rivendoset ekulilibri i kateve t\u00eb fytyr\u00ebs ku kati i sip\u00ebrm, i mes\u00ebm dhe i posht\u00ebm duhet te jen\u00eb t\u00eb tre nj\u00ebsoj n\u00eb lart\u00ebsin\u00eb e tyre. K\u00ebto anomali sjellin n\u00eb dukje nj\u00eb pamje m\u00eb t\u00eb vjet\u00ebr t\u00eb pacientit krahasuar me mosh\u00ebn e tij reale. [\/vc_column_text][\/vc_column][\/vc_row][vc_row][vc_column][tm_before_after_image image_before=&#8221;3428&#8243; image_after=&#8221;3429&#8243;][\/vc_column][\/vc_row]<\/p>\n","protected":false},"author":1,"featured_media":0,"parent":2956,"menu_order":0,"comment_status":"closed","ping_status":"closed","template":"","meta":{"footnotes":""},"class_list":["post-2959","page","type-page","status-publish","hentry"],"_links":{"self":[{"href":"https:\/\/ledismile.com\/al\/wp-json\/wp\/v2\/pages\/2959","targetHints":{"allow":["GET"]}}],"collection":[{"href":"https:\/\/ledismile.com\/al\/wp-json\/wp\/v2\/pages"}],"about":[{"href":"https:\/\/ledismile.com\/al\/wp-json\/wp\/v2\/types\/page"}],"author":[{"embeddable":true,"href":"https:\/\/ledismile.com\/al\/wp-json\/wp\/v2\/users\/1"}],"replies":[{"embeddable":true,"href":"https:\/\/ledismile.com\/al\/wp-json\/wp\/v2\/comments?post=2959"}],"version-history":[{"count":7,"href":"https:\/\/ledismile.com\/al\/wp-json\/wp\/v2\/pages\/2959\/revisions"}],"predecessor-version":[{"id":3430,"href":"https:\/\/ledismile.com\/al\/wp-json\/wp\/v2\/pages\/2959\/revisions\/3430"}],"up":[{"embeddable":true,"href":"https:\/\/ledismile.com\/al\/wp-json\/wp\/v2\/pages\/2956"}],"wp:attachment":[{"href":"https:\/\/ledismile.com\/al\/wp-json\/wp\/v2\/media?parent=2959"}],"curies":[{"name":"wp","href":"https:\/\/api.w.org\/{rel}","templated":true}]}}