{"id":3009,"date":"2022-06-29T09:33:50","date_gmt":"2022-06-29T09:33:50","guid":{"rendered":"http:\/\/ledismile.com\/?page_id=3009"},"modified":"2022-11-15T16:07:53","modified_gmt":"2022-11-15T16:07:53","slug":"mbushje-te-gradave-te-ndryshme","status":"publish","type":"page","link":"https:\/\/ledismile.com\/al\/terapi-2\/mbushje-te-gradave-te-ndryshme\/","title":{"rendered":"Mbushje e gradave t\u00eb ndryshme"},"content":{"rendered":"<p>[vc_row][vc_column][vc_column_text]Mbushje e dh\u00ebmb\u00ebve dhe dh\u00ebmball\u00ebve t\u00eb gradave t\u00eb ndryshme: grada I, grada II, grada III dhe grada e IV.[\/vc_column_text][\/vc_column][\/vc_row][vc_row][vc_column][tm_image image=&#8221;3498&#8243;][\/vc_column][\/vc_row]<\/p>\n","protected":false},"excerpt":{"rendered":"<p>[vc_row][vc_column][vc_column_text]Mbushje e dh\u00ebmb\u00ebve dhe dh\u00ebmball\u00ebve t\u00eb gradave t\u00eb ndryshme: grada I, grada II, grada III dhe grada e IV.[\/vc_column_text][\/vc_column][\/vc_row][vc_row][vc_column][tm_image image=&#8221;3498&#8243;][\/vc_column][\/vc_row]<\/p>\n","protected":false},"author":1,"featured_media":0,"parent":3007,"menu_order":0,"comment_status":"closed","ping_status":"closed","template":"","meta":{"footnotes":""},"class_list":["post-3009","page","type-page","status-publish","hentry"],"_links":{"self":[{"href":"https:\/\/ledismile.com\/al\/wp-json\/wp\/v2\/pages\/3009","targetHints":{"allow":["GET"]}}],"collection":[{"href":"https:\/\/ledismile.com\/al\/wp-json\/wp\/v2\/pages"}],"about":[{"href":"https:\/\/ledismile.com\/al\/wp-json\/wp\/v2\/types\/page"}],"author":[{"embeddable":true,"href":"https:\/\/ledismile.com\/al\/wp-json\/wp\/v2\/users\/1"}],"replies":[{"embeddable":true,"href":"https:\/\/ledismile.com\/al\/wp-json\/wp\/v2\/comments?post=3009"}],"version-history":[{"count":7,"href":"https:\/\/ledismile.com\/al\/wp-json\/wp\/v2\/pages\/3009\/revisions"}],"predecessor-version":[{"id":3500,"href":"https:\/\/ledismile.com\/al\/wp-json\/wp\/v2\/pages\/3009\/revisions\/3500"}],"up":[{"embeddable":true,"href":"https:\/\/ledismile.com\/al\/wp-json\/wp\/v2\/pages\/3007"}],"wp:attachment":[{"href":"https:\/\/ledismile.com\/al\/wp-json\/wp\/v2\/media?parent=3009"}],"curies":[{"name":"wp","href":"https:\/\/api.w.org\/{rel}","templated":true}]}}