{"id":3013,"date":"2022-06-29T09:37:19","date_gmt":"2022-06-29T09:37:19","guid":{"rendered":"http:\/\/ledismile.com\/?page_id=3013"},"modified":"2022-11-15T15:35:56","modified_gmt":"2022-11-15T15:35:56","slug":"rikonstruksion-koronar","status":"publish","type":"page","link":"https:\/\/ledismile.com\/al\/terapi-2\/rikonstruksion-koronar\/","title":{"rendered":"Rikonstruksion koronar"},"content":{"rendered":"<p>[vc_row][vc_column][vc_column_text]Thyerja e dh\u00ebmbit t\u00eb p\u00ebrparm\u00eb, si pasoj\u00eb e l\u00ebndimeve traumatike, ndodh shpesh n\u00eb stomatologji. Rind\u00ebrtimi i duhur i dh\u00ebmb\u00ebve t\u00eb d\u00ebmtuar gjer\u00ebsisht mund t\u00eb arrihet p\u00ebrmes procedur\u00ebs s\u00eb ribashkimit t\u00eb fragmentit t\u00eb njohur si &#8220;Restaurimi Biologjik&#8221;. Ky raport i rastit i referohet estetik\u00ebs dhe rikuperimit funksional t\u00eb inciziv\u00ebve qendror\u00eb maksilar\u00eb t\u00eb d\u00ebmtuar gjer\u00ebsisht n\u00ebp\u00ebrmjet p\u00ebrgatitjes dhe \u00e7imentimit me ngjit\u00ebs t\u00eb &#8220;Postave dhe kurorave biologjike&#8221; n\u00eb nj\u00eb pacient t\u00eb ri. Si shtyllat biologjike, ashtu edhe kurorat &#8211; fragmente postare dhe dentare t\u00eb marra p\u00ebrmes dh\u00ebmb\u00ebve natyral\u00eb, t\u00eb nxjerr\u00eb nga nj\u00eb individ tjet\u00ebr &#8211; p\u00ebrfaq\u00ebsojn\u00eb nj\u00eb opsion me kosto t\u00eb ul\u00ebt dhe nj\u00eb teknik\u00eb alternative p\u00ebr rikuperimin morfofunksional t\u00eb dh\u00ebmb\u00ebve t\u00eb p\u00ebrparm\u00eb t\u00eb d\u00ebmtuar gjer\u00ebsisht.[\/vc_column_text][\/vc_column][\/vc_row][vc_row][vc_column][tm_image image=&#8221;3491&#8243;][\/vc_column][\/vc_row]<\/p>\n","protected":false},"excerpt":{"rendered":"<p>[vc_row][vc_column][vc_column_text]Thyerja e dh\u00ebmbit t\u00eb p\u00ebrparm\u00eb, si pasoj\u00eb e l\u00ebndimeve traumatike, ndodh shpesh n\u00eb stomatologji. Rind\u00ebrtimi i duhur i dh\u00ebmb\u00ebve t\u00eb d\u00ebmtuar gjer\u00ebsisht mund t\u00eb arrihet p\u00ebrmes procedur\u00ebs s\u00eb ribashkimit t\u00eb fragmentit t\u00eb njohur si &#8220;Restaurimi Biologjik&#8221;. Ky raport i rastit i referohet estetik\u00ebs dhe rikuperimit funksional t\u00eb inciziv\u00ebve qendror\u00eb maksilar\u00eb t\u00eb d\u00ebmtuar gjer\u00ebsisht n\u00ebp\u00ebrmjet p\u00ebrgatitjes dhe \u00e7imentimit me ngjit\u00ebs t\u00eb &#8220;Postave dhe kurorave biologjike&#8221; n\u00eb nj\u00eb pacient t\u00eb ri. Si shtyllat biologjike, ashtu edhe kurorat &#8211; fragmente postare dhe dentare t\u00eb marra p\u00ebrmes dh\u00ebmb\u00ebve natyral\u00eb, t\u00eb nxjerr\u00eb nga nj\u00eb individ tjet\u00ebr &#8211; p\u00ebrfaq\u00ebsojn\u00eb nj\u00eb opsion me kosto t\u00eb ul\u00ebt dhe nj\u00eb teknik\u00eb alternative p\u00ebr rikuperimin morfofunksional t\u00eb dh\u00ebmb\u00ebve t\u00eb p\u00ebrparm\u00eb t\u00eb d\u00ebmtuar gjer\u00ebsisht.[\/vc_column_text][\/vc_column][\/vc_row][vc_row][vc_column][tm_image image=&#8221;3491&#8243;][\/vc_column][\/vc_row]<\/p>\n","protected":false},"author":1,"featured_media":0,"parent":3007,"menu_order":0,"comment_status":"closed","ping_status":"closed","template":"","meta":{"footnotes":""},"class_list":["post-3013","page","type-page","status-publish","hentry"],"_links":{"self":[{"href":"https:\/\/ledismile.com\/al\/wp-json\/wp\/v2\/pages\/3013","targetHints":{"allow":["GET"]}}],"collection":[{"href":"https:\/\/ledismile.com\/al\/wp-json\/wp\/v2\/pages"}],"about":[{"href":"https:\/\/ledismile.com\/al\/wp-json\/wp\/v2\/types\/page"}],"author":[{"embeddable":true,"href":"https:\/\/ledismile.com\/al\/wp-json\/wp\/v2\/users\/1"}],"replies":[{"embeddable":true,"href":"https:\/\/ledismile.com\/al\/wp-json\/wp\/v2\/comments?post=3013"}],"version-history":[{"count":5,"href":"https:\/\/ledismile.com\/al\/wp-json\/wp\/v2\/pages\/3013\/revisions"}],"predecessor-version":[{"id":3493,"href":"https:\/\/ledismile.com\/al\/wp-json\/wp\/v2\/pages\/3013\/revisions\/3493"}],"up":[{"embeddable":true,"href":"https:\/\/ledismile.com\/al\/wp-json\/wp\/v2\/pages\/3007"}],"wp:attachment":[{"href":"https:\/\/ledismile.com\/al\/wp-json\/wp\/v2\/media?parent=3013"}],"curies":[{"name":"wp","href":"https:\/\/api.w.org\/{rel}","templated":true}]}}