{"id":3014,"date":"2022-06-29T09:37:06","date_gmt":"2022-06-29T09:37:06","guid":{"rendered":"http:\/\/ledismile.com\/?page_id=3014"},"modified":"2022-11-15T15:46:06","modified_gmt":"2022-11-15T15:46:06","slug":"mbushja-e-kanaleve","status":"publish","type":"page","link":"https:\/\/ledismile.com\/al\/terapi-2\/mbushja-e-kanaleve\/","title":{"rendered":"Mbushja e kanaleve"},"content":{"rendered":"<p>[vc_row][vc_column][vc_column_text]Mbushja e kanalit t\u00eb rr\u00ebnj\u00ebs \u00ebsht\u00eb nj\u00eb m\u00ebnyr\u00eb p\u00ebr t\u00eb mbajtur nj\u00eb dh\u00ebmb, pasi pjesa e gjall\u00eb (pulpa) \u00ebsht\u00eb d\u00ebmtuar n\u00eb m\u00ebnyr\u00eb t\u00eb pakthyeshme.<br \/>\nPulpa \u00ebsht\u00eb nj\u00eb p\u00ebrzierje e fibrave nervore dhe en\u00ebve t\u00eb vogla t\u00eb gjakut q\u00eb mund t\u00eb inflamohen shum\u00eb (duke shkaktuar dhimbje dh\u00ebmbi) ose t\u00eb vdesin (duke shkaktuar nj\u00eb absces). Kjo mund t\u00eb ndodh\u00eb ose n\u00eb prani t\u00eb prishjes s\u00eb dh\u00ebmb\u00ebve ose pas nj\u00eb goditjeje t\u00eb r\u00ebnd\u00eb n\u00eb dh\u00ebmb.<\/p>\n<p>Q\u00ebllimi i procedur\u00ebs \u00ebsht\u00eb heqja pa dhimbje e pulp\u00ebs s\u00eb d\u00ebmtuar, n\u00ebn anestezi lokale dhe largimi i \u00e7do infeksioni q\u00eb mund t\u00eb jet\u00eb i pranish\u00ebm. Pasi kanalet jan\u00eb pastruar dhe formuar ato mbushen me nj\u00eb material t\u00eb ve\u00e7ant\u00eb mbush\u00ebs. Kjo pun\u00eb zakonisht kryhet n\u00eb dy vizita deri n\u00eb 90 minuta n\u00eb koh\u00eb. Pasi mbushja e kanalit t\u00eb rr\u00ebnj\u00ebs \u00ebsht\u00eb vendosur, kurora e dh\u00ebmbit restaurohet me nj\u00eb mbushje t\u00eb madhe.[\/vc_column_text][\/vc_column][\/vc_row][vc_row][vc_column][tm_image image=&#8221;3494&#8243;][\/vc_column][\/vc_row]<\/p>\n","protected":false},"excerpt":{"rendered":"<p>[vc_row][vc_column][vc_column_text]Mbushja e kanalit t\u00eb rr\u00ebnj\u00ebs \u00ebsht\u00eb nj\u00eb m\u00ebnyr\u00eb p\u00ebr t\u00eb mbajtur nj\u00eb dh\u00ebmb, pasi pjesa e gjall\u00eb (pulpa) \u00ebsht\u00eb d\u00ebmtuar n\u00eb m\u00ebnyr\u00eb t\u00eb pakthyeshme. Pulpa \u00ebsht\u00eb nj\u00eb p\u00ebrzierje e fibrave nervore dhe en\u00ebve t\u00eb vogla t\u00eb gjakut q\u00eb mund t\u00eb inflamohen shum\u00eb (duke shkaktuar dhimbje dh\u00ebmbi) ose t\u00eb vdesin (duke shkaktuar nj\u00eb absces). Kjo mund t\u00eb ndodh\u00eb ose n\u00eb prani t\u00eb prishjes s\u00eb dh\u00ebmb\u00ebve ose pas nj\u00eb goditjeje t\u00eb r\u00ebnd\u00eb n\u00eb dh\u00ebmb. Q\u00ebllimi i procedur\u00ebs \u00ebsht\u00eb heqja pa dhimbje e pulp\u00ebs s\u00eb d\u00ebmtuar, n\u00ebn anestezi lokale dhe largimi i \u00e7do infeksioni q\u00eb mund t\u00eb jet\u00eb i pranish\u00ebm. Pasi kanalet jan\u00eb pastruar dhe formuar ato mbushen me nj\u00eb material t\u00eb ve\u00e7ant\u00eb mbush\u00ebs. Kjo pun\u00eb zakonisht kryhet n\u00eb dy vizita deri n\u00eb 90 minuta n\u00eb koh\u00eb. Pasi mbushja e kanalit t\u00eb rr\u00ebnj\u00ebs \u00ebsht\u00eb vendosur, kurora e dh\u00ebmbit restaurohet me nj\u00eb mbushje t\u00eb madhe.[\/vc_column_text][\/vc_column][\/vc_row][vc_row][vc_column][tm_image image=&#8221;3494&#8243;][\/vc_column][\/vc_row]<\/p>\n","protected":false},"author":1,"featured_media":0,"parent":3007,"menu_order":0,"comment_status":"closed","ping_status":"closed","template":"","meta":{"footnotes":""},"class_list":["post-3014","page","type-page","status-publish","hentry"],"_links":{"self":[{"href":"https:\/\/ledismile.com\/al\/wp-json\/wp\/v2\/pages\/3014","targetHints":{"allow":["GET"]}}],"collection":[{"href":"https:\/\/ledismile.com\/al\/wp-json\/wp\/v2\/pages"}],"about":[{"href":"https:\/\/ledismile.com\/al\/wp-json\/wp\/v2\/types\/page"}],"author":[{"embeddable":true,"href":"https:\/\/ledismile.com\/al\/wp-json\/wp\/v2\/users\/1"}],"replies":[{"embeddable":true,"href":"https:\/\/ledismile.com\/al\/wp-json\/wp\/v2\/comments?post=3014"}],"version-history":[{"count":5,"href":"https:\/\/ledismile.com\/al\/wp-json\/wp\/v2\/pages\/3014\/revisions"}],"predecessor-version":[{"id":3496,"href":"https:\/\/ledismile.com\/al\/wp-json\/wp\/v2\/pages\/3014\/revisions\/3496"}],"up":[{"embeddable":true,"href":"https:\/\/ledismile.com\/al\/wp-json\/wp\/v2\/pages\/3007"}],"wp:attachment":[{"href":"https:\/\/ledismile.com\/al\/wp-json\/wp\/v2\/media?parent=3014"}],"curies":[{"name":"wp","href":"https:\/\/api.w.org\/{rel}","templated":true}]}}