{"id":3039,"date":"2022-06-29T10:09:00","date_gmt":"2022-06-29T10:09:00","guid":{"rendered":"http:\/\/ledismile.com\/?page_id=3039"},"modified":"2022-11-03T13:55:54","modified_gmt":"2022-11-03T13:55:54","slug":"protetike-dentare","status":"publish","type":"page","link":"https:\/\/ledismile.com\/al\/protetike-dentare\/","title":{"rendered":"Protetik\u00eb dentare fikse"},"content":{"rendered":"<p>[vc_row][vc_column][vc_column_text]Protezat fikse p\u00ebrfshijn\u00eb k\u00ebll\u00ebf\u00ebt dhe urat. Ato p\u00ebrdoren p\u00ebr t\u00eb z\u00ebvend\u00ebsuar dh\u00ebmb\u00ebt natyral\u00eb dhe p\u00ebr t\u00eb p\u00ebrmir\u00ebsuar estetik\u00ebn e dh\u00ebmb\u00ebve, kur dh\u00ebmb\u00ebt d\u00ebmtohen, por akoma mund t\u00eb rikuperohen.<\/p>\n<p>Kurorat dentare jan\u00eb restaurime artificiale q\u00eb z\u00ebvend\u00ebsojn\u00eb p\u00ebrgjithmon\u00eb dh\u00ebmb\u00ebt e thyer, t\u00eb humbur ose t\u00eb cop\u00ebtuar. Jan\u00eb veshje q\u00eb shkojn\u00eb p\u00ebrtej dh\u00ebmbit origjinal. Kurorat mund t\u00eb jen\u00eb prej qeramike prej zirkoni, metali qeramik, ari qeramik ose qeramika e plot\u00eb.<\/p>\n<p>P\u00ebrve\u00e7 z\u00ebvend\u00ebsimit t\u00eb nj\u00eb dh\u00ebmbi n\u00eb p\u00ebrsosm\u00ebri, ata jan\u00eb gjithashtu n\u00eb gjendje t\u00eb p\u00ebrs\u00ebrisin natyralitetin. Protezat dentare fikse p\u00ebrfshijn\u00eb kurora dhe ura t\u00eb fiksuara n\u00eb dh\u00ebmb\u00eb natyral\u00eb dhe ato t\u00eb fiksuara n\u00eb implantet e integruara t\u00eb kockave. Ato jan\u00eb proteza t\u00eb p\u00ebrhershme dentare: t\u00eb \u00e7imentuara n\u00eb dh\u00ebmb\u00eb natyral\u00eb ose rr\u00ebnj\u00eb artificiale dhe nuk mund t\u00eb hiqen.<\/p>\n<p>[\/vc_column_text][\/vc_column][\/vc_row][vc_row][vc_column][tm_before_after_image image_before=&#8221;3446&#8243; image_after=&#8221;3447&#8243;][\/vc_column][\/vc_row]<\/p>\n","protected":false},"excerpt":{"rendered":"<p>[vc_row][vc_column][vc_column_text]Protezat fikse p\u00ebrfshijn\u00eb k\u00ebll\u00ebf\u00ebt dhe urat. Ato p\u00ebrdoren p\u00ebr t\u00eb z\u00ebvend\u00ebsuar dh\u00ebmb\u00ebt natyral\u00eb dhe p\u00ebr t\u00eb p\u00ebrmir\u00ebsuar estetik\u00ebn e dh\u00ebmb\u00ebve, kur dh\u00ebmb\u00ebt d\u00ebmtohen, por akoma mund t\u00eb rikuperohen. Kurorat dentare jan\u00eb restaurime artificiale q\u00eb z\u00ebvend\u00ebsojn\u00eb p\u00ebrgjithmon\u00eb dh\u00ebmb\u00ebt e thyer, t\u00eb humbur ose t\u00eb cop\u00ebtuar. Jan\u00eb veshje q\u00eb shkojn\u00eb p\u00ebrtej dh\u00ebmbit origjinal. Kurorat mund t\u00eb jen\u00eb prej qeramike prej zirkoni, metali qeramik, ari qeramik ose qeramika e plot\u00eb. P\u00ebrve\u00e7 z\u00ebvend\u00ebsimit t\u00eb nj\u00eb dh\u00ebmbi n\u00eb p\u00ebrsosm\u00ebri, ata jan\u00eb gjithashtu n\u00eb gjendje t\u00eb p\u00ebrs\u00ebrisin natyralitetin. Protezat dentare fikse p\u00ebrfshijn\u00eb kurora dhe ura t\u00eb fiksuara n\u00eb dh\u00ebmb\u00eb natyral\u00eb dhe ato t\u00eb fiksuara n\u00eb implantet e integruara t\u00eb kockave. Ato jan\u00eb proteza t\u00eb p\u00ebrhershme dentare: t\u00eb \u00e7imentuara n\u00eb dh\u00ebmb\u00eb natyral\u00eb ose rr\u00ebnj\u00eb artificiale dhe nuk mund t\u00eb hiqen. [\/vc_column_text][\/vc_column][\/vc_row][vc_row][vc_column][tm_before_after_image image_before=&#8221;3446&#8243; image_after=&#8221;3447&#8243;][\/vc_column][\/vc_row]<\/p>\n","protected":false},"author":1,"featured_media":0,"parent":0,"menu_order":0,"comment_status":"closed","ping_status":"closed","template":"","meta":{"footnotes":""},"class_list":["post-3039","page","type-page","status-publish","hentry"],"_links":{"self":[{"href":"https:\/\/ledismile.com\/al\/wp-json\/wp\/v2\/pages\/3039","targetHints":{"allow":["GET"]}}],"collection":[{"href":"https:\/\/ledismile.com\/al\/wp-json\/wp\/v2\/pages"}],"about":[{"href":"https:\/\/ledismile.com\/al\/wp-json\/wp\/v2\/types\/page"}],"author":[{"embeddable":true,"href":"https:\/\/ledismile.com\/al\/wp-json\/wp\/v2\/users\/1"}],"replies":[{"embeddable":true,"href":"https:\/\/ledismile.com\/al\/wp-json\/wp\/v2\/comments?post=3039"}],"version-history":[{"count":7,"href":"https:\/\/ledismile.com\/al\/wp-json\/wp\/v2\/pages\/3039\/revisions"}],"predecessor-version":[{"id":3457,"href":"https:\/\/ledismile.com\/al\/wp-json\/wp\/v2\/pages\/3039\/revisions\/3457"}],"wp:attachment":[{"href":"https:\/\/ledismile.com\/al\/wp-json\/wp\/v2\/media?parent=3039"}],"curies":[{"name":"wp","href":"https:\/\/api.w.org\/{rel}","templated":true}]}}