{"id":3044,"date":"2022-06-29T10:13:34","date_gmt":"2022-06-29T10:13:34","guid":{"rendered":"http:\/\/ledismile.com\/?page_id=3044"},"modified":"2022-10-22T14:11:18","modified_gmt":"2022-10-22T14:11:18","slug":"kellefe","status":"publish","type":"page","link":"https:\/\/ledismile.com\/al\/protetike-dentare\/kellefe\/","title":{"rendered":"K\u00ebll\u00ebf\u00eb"},"content":{"rendered":"<p>[vc_row][vc_column][vc_column_text]K\u00ebll\u00ebf\u00ebt veshin sip\u00ebrfaqen e dh\u00ebmb\u00ebve. Ofrojn\u00eb nj\u00eb transformim t\u00eb menj\u00ebhersh\u00ebm p\u00ebr buz\u00ebqeshjen e nj\u00eb pacienti. N\u00eb rast se kurora e dh\u00ebmbit \u00ebsht\u00eb e d\u00ebmtuar n\u00eb m\u00ebnyr\u00eb t\u00eb konsiderueshme ose estetikisht e pap\u00ebrshtatshme, ne e shpojm\u00eb dhe e z\u00ebvend\u00ebsojm\u00eb me nj\u00eb kuror\u00eb artificiale.[\/vc_column_text][\/vc_column][\/vc_row][vc_row][vc_column][tm_before_after_image image_before=&#8221;3449&#8243; image_after=&#8221;3450&#8243;][\/vc_column][\/vc_row]<\/p>\n","protected":false},"excerpt":{"rendered":"<p>[vc_row][vc_column][vc_column_text]K\u00ebll\u00ebf\u00ebt veshin sip\u00ebrfaqen e dh\u00ebmb\u00ebve. Ofrojn\u00eb nj\u00eb transformim t\u00eb menj\u00ebhersh\u00ebm p\u00ebr buz\u00ebqeshjen e nj\u00eb pacienti. N\u00eb rast se kurora e dh\u00ebmbit \u00ebsht\u00eb e d\u00ebmtuar n\u00eb m\u00ebnyr\u00eb t\u00eb konsiderueshme ose estetikisht e pap\u00ebrshtatshme, ne e shpojm\u00eb dhe e z\u00ebvend\u00ebsojm\u00eb me nj\u00eb kuror\u00eb artificiale.[\/vc_column_text][\/vc_column][\/vc_row][vc_row][vc_column][tm_before_after_image image_before=&#8221;3449&#8243; image_after=&#8221;3450&#8243;][\/vc_column][\/vc_row]<\/p>\n","protected":false},"author":1,"featured_media":0,"parent":3039,"menu_order":0,"comment_status":"closed","ping_status":"closed","template":"","meta":{"footnotes":""},"class_list":["post-3044","page","type-page","status-publish","hentry"],"_links":{"self":[{"href":"https:\/\/ledismile.com\/al\/wp-json\/wp\/v2\/pages\/3044","targetHints":{"allow":["GET"]}}],"collection":[{"href":"https:\/\/ledismile.com\/al\/wp-json\/wp\/v2\/pages"}],"about":[{"href":"https:\/\/ledismile.com\/al\/wp-json\/wp\/v2\/types\/page"}],"author":[{"embeddable":true,"href":"https:\/\/ledismile.com\/al\/wp-json\/wp\/v2\/users\/1"}],"replies":[{"embeddable":true,"href":"https:\/\/ledismile.com\/al\/wp-json\/wp\/v2\/comments?post=3044"}],"version-history":[{"count":3,"href":"https:\/\/ledismile.com\/al\/wp-json\/wp\/v2\/pages\/3044\/revisions"}],"predecessor-version":[{"id":3451,"href":"https:\/\/ledismile.com\/al\/wp-json\/wp\/v2\/pages\/3044\/revisions\/3451"}],"up":[{"embeddable":true,"href":"https:\/\/ledismile.com\/al\/wp-json\/wp\/v2\/pages\/3039"}],"wp:attachment":[{"href":"https:\/\/ledismile.com\/al\/wp-json\/wp\/v2\/media?parent=3044"}],"curies":[{"name":"wp","href":"https:\/\/api.w.org\/{rel}","templated":true}]}}