{"id":3045,"date":"2022-06-29T10:13:55","date_gmt":"2022-06-29T10:13:55","guid":{"rendered":"http:\/\/ledismile.com\/?page_id=3045"},"modified":"2022-10-22T14:58:04","modified_gmt":"2022-10-22T14:58:04","slug":"ura","status":"publish","type":"page","link":"https:\/\/ledismile.com\/al\/protetike-dentare\/ura\/","title":{"rendered":"Ura"},"content":{"rendered":"<p>[vc_row][vc_column][vc_column_text]N\u00eb rast se nj\u00eb ose m\u00eb shum\u00eb dh\u00ebmb\u00eb mungojn\u00eb, ne shpojm\u00eb dh\u00ebmb\u00ebt fqinj dhe ata sh\u00ebrbejn\u00eb si bart\u00ebs t\u00eb disa kurorave t\u00eb lidhura n\u00eb nj\u00eb ur\u00eb.[\/vc_column_text][\/vc_column][\/vc_row][vc_row][vc_column][tm_before_after_image image_before=&#8221;3452&#8243; image_after=&#8221;3453&#8243;][\/vc_column][\/vc_row]<\/p>\n","protected":false},"excerpt":{"rendered":"<p>[vc_row][vc_column][vc_column_text]N\u00eb rast se nj\u00eb ose m\u00eb shum\u00eb dh\u00ebmb\u00eb mungojn\u00eb, ne shpojm\u00eb dh\u00ebmb\u00ebt fqinj dhe ata sh\u00ebrbejn\u00eb si bart\u00ebs t\u00eb disa kurorave t\u00eb lidhura n\u00eb nj\u00eb ur\u00eb.[\/vc_column_text][\/vc_column][\/vc_row][vc_row][vc_column][tm_before_after_image image_before=&#8221;3452&#8243; image_after=&#8221;3453&#8243;][\/vc_column][\/vc_row]<\/p>\n","protected":false},"author":1,"featured_media":0,"parent":3039,"menu_order":0,"comment_status":"closed","ping_status":"closed","template":"","meta":{"footnotes":""},"class_list":["post-3045","page","type-page","status-publish","hentry"],"_links":{"self":[{"href":"https:\/\/ledismile.com\/al\/wp-json\/wp\/v2\/pages\/3045","targetHints":{"allow":["GET"]}}],"collection":[{"href":"https:\/\/ledismile.com\/al\/wp-json\/wp\/v2\/pages"}],"about":[{"href":"https:\/\/ledismile.com\/al\/wp-json\/wp\/v2\/types\/page"}],"author":[{"embeddable":true,"href":"https:\/\/ledismile.com\/al\/wp-json\/wp\/v2\/users\/1"}],"replies":[{"embeddable":true,"href":"https:\/\/ledismile.com\/al\/wp-json\/wp\/v2\/comments?post=3045"}],"version-history":[{"count":3,"href":"https:\/\/ledismile.com\/al\/wp-json\/wp\/v2\/pages\/3045\/revisions"}],"predecessor-version":[{"id":3454,"href":"https:\/\/ledismile.com\/al\/wp-json\/wp\/v2\/pages\/3045\/revisions\/3454"}],"up":[{"embeddable":true,"href":"https:\/\/ledismile.com\/al\/wp-json\/wp\/v2\/pages\/3039"}],"wp:attachment":[{"href":"https:\/\/ledismile.com\/al\/wp-json\/wp\/v2\/media?parent=3045"}],"curies":[{"name":"wp","href":"https:\/\/api.w.org\/{rel}","templated":true}]}}