{"id":3067,"date":"2022-06-30T09:24:07","date_gmt":"2022-06-30T09:24:07","guid":{"rendered":"http:\/\/ledismile.com\/?page_id=3067"},"modified":"2022-11-03T16:32:34","modified_gmt":"2022-11-03T16:32:34","slug":"kirurgji-dentare","status":"publish","type":"page","link":"https:\/\/ledismile.com\/al\/kirurgji-dentare-2\/kirurgji-dentare\/","title":{"rendered":"Implantologji (mbjellje dhembesh)"},"content":{"rendered":"<p>[vc_row][vc_column][vc_column_text]Kirurgjia e implantit dentar \u00ebsht\u00eb nj\u00eb procedur\u00eb q\u00eb z\u00ebvend\u00ebson rr\u00ebnj\u00ebt e dh\u00ebmbit me metal, n\u00ebp\u00ebrmjet vidhosjes duke z\u00ebvend\u00ebsuar dh\u00ebmb\u00ebt e d\u00ebmtuar ose t\u00eb zhdukur me dh\u00ebmb\u00eb artificial\u00eb q\u00eb duken dhe funksionojn\u00eb nj\u00ebsoj si dh\u00ebmb\u00ebt real\u00eb. Kirurgjia e implantit dentar mund t\u00eb ofroj\u00eb nj\u00eb alternative t\u00eb mir\u00ebpritur p\u00ebr protezat ose lidhjet me ur\u00eb q\u00eb nuk p\u00ebrshtaten mir\u00eb dhe mund t\u00eb ofrojn\u00eb nj\u00eb mund\u00ebsi kur mungesa e rr\u00ebnj\u00ebve t\u00eb dh\u00ebmb\u00ebve natyral\u00eb nuk lejon nd\u00ebrtimin e protezave ose z\u00ebvend\u00ebsimin e dh\u00ebmb\u00ebve me ur\u00eb.<\/p>\n<p>Se si kryhet operacioni i implantit dentar varet nga lloji i implantit dhe gjendja e nofull\u00ebs suaj. Kirurgjia e implantit dentar mund t\u00eb p\u00ebrfshij\u00eb disa procedura. P\u00ebrfitimi kryesor i implanteve \u00ebsht\u00eb mb\u00ebshtetje e fort\u00eb p\u00ebr dh\u00ebmb\u00ebt tuaj t\u00eb rinj \u2013 nj\u00eb proces q\u00eb k\u00ebrkon sh\u00ebrimin e kock\u00ebs rreth implantit. P\u00ebr shkak se ky sh\u00ebrim i kockave k\u00ebrkon koh\u00eb, procesi mund t\u00eb zgjas\u00eb shum\u00eb muaj.<\/p>\n<p><strong>P\u00ebrse impantet dentare jan\u00eb nj\u00eb zgjedhje e mir\u00eb?\u00a0\u00a0\u00a0\u00a0\u00a0\u00a0\u00a0\u00a0\u00a0\u00a0\u00a0\u00a0\u00a0\u00a0\u00a0\u00a0\u00a0\u00a0\u00a0\u00a0<\/strong><\/p>\n<p>Implantet dentare vendosen n\u00eb m\u00ebnyr\u00eb kirurgjikale n\u00eb nofull\u00ebn tuaj, ku sh\u00ebrbejn\u00eb si rr\u00ebnj\u00ebt e dh\u00ebmb\u00ebve q\u00eb mungojn\u00eb. titaniumi i gjendur n\u00eb implant bashkohet me nofull\u00ebn dhe kjo nuk e lejon implantin t\u00eb rr\u00ebshkas\u00eb, t\u00eb b\u00ebj\u00eb zhurm\u00eb apo t\u00eb shkaktoj\u00eb d\u00ebmtim t\u00eb kock\u00ebs, sic mund t\u00eb ndodh\u00eb nga vendosja e ur\u00ebs apo protezave. Materiali nuk mund t\u00eb kalbet si dh\u00ebmb\u00ebt normal\u00eb.<\/p>\n<p>N\u00eb p\u00ebrgjith\u00ebsi, implantet dentare mund t\u00eb jen\u00eb t\u00eb p\u00ebrshtatshme n\u00eb rastet kur:<\/p>\n<ul>\n<li>Keni nj\u00eb ose m\u00eb shum\u00eb dh\u00ebmb\u00eb q\u00eb mungojn\u00eb<\/li>\n<li>Keni nj\u00eb nofull q\u00eb ka arritur n\u00eb rritjen e plot\u00eb<\/li>\n<li>Keni kock\u00eb t\u00eb mjaftueshme p\u00ebr t\u00eb siguruar implantet ose jan\u00eb n\u00eb gjendje t\u00eb ken\u00eb nj\u00eb shartim kockash<\/li>\n<li>Keni inde t\u00eb sh\u00ebndetsh\u00ebm oral<\/li>\n<li>Nuk keni kushte sh\u00ebndet\u00ebsore q\u00eb do t\u00eb ndikojn\u00eb n\u00eb sh\u00ebrimin e kockave<\/li>\n<li>Jeni t\u00eb gatsh\u00ebm t\u00eb angazhohen disa muaj p\u00ebr procesin<\/li>\n<li>Nuk pini duhan<\/li>\n<\/ul>\n<p><strong>Rreziqet<\/strong><\/p>\n<p>Si \u00e7do nd\u00ebrhyrje kirurgjikle edhe kirurgjia e \u00a0implantit dentar paraqet disa rreziqe sh\u00ebndet\u00ebsore. Problemet jan\u00eb t\u00eb rralla, megjithat\u00eb, dhe kur ato ndodhin, ato zakonisht jan\u00eb t\u00eb vogla dhe trajtohen leht\u00ebsisht. Rreziqet p\u00ebrfshijn\u00eb:<\/p>\n<ul>\n<li>Infeksioni n\u00eb vendin e implantit.<\/li>\n<li>L\u00ebndimi ose d\u00ebmtimi i strukturave p\u00ebrreth, si\u00e7 jan\u00eb dh\u00ebmb\u00ebt e tjer\u00eb ose en\u00ebt e gjakut.<\/li>\n<li>D\u00ebmtimi nervor, i cili mund t\u00eb shkaktoj\u00eb dhimbje, mpirje ose ndjesi shpimi gjilp\u00ebrash n\u00eb dh\u00ebmb\u00ebt tuaj natyral\u00eb, mishrat e dh\u00ebmb\u00ebve, buz\u00ebt ose mjekr\u00ebn.<\/li>\n<li>Problemet me sinusin, kur implantet dentare t\u00eb vendosura n\u00eb nofull\u00ebn e sip\u00ebrme shp\u00ebrthejn\u00eb n\u00eb nj\u00eb nga zgavrat tuaja t\u00eb sinusit.<\/li>\n<\/ul>\n<p><strong>P\u00ebrgatitja p\u00ebr impalntim<\/strong><\/p>\n<p>Procesi i planifikimit t\u00eb implanteve dentare mund t\u00eb p\u00ebrfshij\u00eb nj\u00eb s\u00ebr\u00eb specialist\u00ebsh, duke p\u00ebrfshir\u00eb nj\u00eb mjek q\u00eb specializohet n\u00eb kushte t\u00eb goj\u00ebs, nofull\u00ebs dhe fytyr\u00ebs (kirurg oral dhe maksilofacial), dentist i specializuar n\u00eb trajtimin e strukturave q\u00eb mb\u00ebshtesin dh\u00ebmb\u00ebt, si mishrat e dh\u00ebmb\u00ebve dhe eshtrat (periodontist), nj\u00eb dentist q\u00eb harton dhe p\u00ebrshtatet dh\u00ebmb\u00eb artificial\u00eb (protodontist), ose her\u00eb pas here nj\u00eb specialist n\u00eb vesh, hund\u00eb dhe fyt (ENT). T\u00eb gjith\u00eb k\u00ebta specialist\u00eb jan\u00eb n\u00eb dispozicionin tuaj vet\u00ebm n\u00eb klinik\u00ebn \u2019Ledismile\u2019.<\/p>\n<div class=\"wp-block-image\"><\/div>\n<p>P\u00ebr shkak se implantet dentare k\u00ebrkojn\u00eb nj\u00eb ose m\u00eb shum\u00eb procedura kirurgjikale, duhet t\u00eb keni nj\u00eb vler\u00ebsim t\u00eb plot\u00eb p\u00ebr t\u2019u p\u00ebrgatitur p\u00ebr procesin, duke p\u00ebrfshir\u00eb nj\u00eb:<\/p>\n<ul>\n<li>Kontroll gjith\u00ebp\u00ebrfshir\u00ebs dentar.<\/li>\n<li>Grafi panoramike dhe skaner 3D<\/li>\n<li>Modele t\u00eb b\u00ebra nga dh\u00ebmb\u00ebt dhe nofulla.<\/li>\n<li>Rishikimi i historis\u00eb suaj mjek\u00ebsore. Tregoni mjekut tuaj p\u00ebr \u00e7do gjendje mjek\u00ebsore dhe \u00e7do ila\u00e7 q\u00eb merrni, p\u00ebrfshir\u00eb recet\u00ebn dhe ila\u00e7et pa recet\u00eb dhe suplementet. N\u00ebse keni kushte t\u00eb caktuara t\u00eb zemr\u00ebs ose implantet ortopedike, mjeku juaj mund t\u00eb p\u00ebrshkruaj\u00eb antibiotik\u00eb para operacionit p\u00ebr t\u00eb ndihmuar n\u00eb parandalimin e infeksionit.<\/li>\n<li>Plani i trajtimit. P\u00ebrshtatur me situat\u00ebn tuaj, ky plan merr parasysh faktor\u00eb t\u00eb till\u00eb si sa dh\u00ebmb\u00eb ju nevojiten p\u00ebr t\u00eb z\u00ebvend\u00ebsuar dhe gjendjen e nofull\u00ebs e dh\u00ebmb\u00ebve t\u00eb mbetur.<\/li>\n<\/ul>\n<p>Kirurgjia e implantit dentar \u00ebsht\u00eb nj\u00eb operacion i kryer n\u00eb faza me koh\u00eb sh\u00ebrimi midis procedurave. Procesi i vendosjes s\u00eb implantit dentar p\u00ebrfshin hapa t\u00eb shum\u00ebfisht\u00eb, duke p\u00ebrfshir\u00eb:<\/p>\n<ul>\n<li>Heqja e dh\u00ebmbit t\u00eb d\u00ebmtuar.<\/li>\n<li>P\u00ebrgatitja (shartimi) i nofull\u00ebs, kur \u00ebsht\u00eb e nevojshme.<\/li>\n<li>Vendosja e implantit dentar.<\/li>\n<li>Rritja dhe sh\u00ebrimi i kockave.<\/li>\n<li>Vendosja e abutmentit.<\/li>\n<li>Vendosja\u00a0 dh\u00ebmbit artificial.<\/li>\n<\/ul>\n<p>I gjith\u00eb procesi mund t\u00eb zgjas\u00eb shum\u00eb muaj nga fillimi n\u00eb fund. Pjesa m\u00eb e madhe e asaj kohe i kushtohet sh\u00ebrimit dhe duke pritur rritjen e kockave t\u00eb reja n\u00eb nofull\u00ebn tuaj. N\u00eb var\u00ebsi t\u00eb situat\u00ebs tuaj, procedur\u00ebs specifike t\u00eb b\u00ebr\u00eb ose materialeve t\u00eb p\u00ebrdorura, hapa t\u00eb caktuar ndonj\u00ebher\u00eb mund t\u00eb kombinohen.<\/p>\n<p><strong>Rezultatet<\/strong><\/p>\n<p>Shumica e implanteve dentare jan\u00eb t\u00eb suksesshme. Ndonj\u00ebher\u00eb, megjithat\u00eb, kocka nuk arrin t\u00eb bashkohet si duhet me implantin metalik. Pirja e duhanit, p\u00ebr shembull, mund t\u00eb kontribuoj\u00eb n\u00eb d\u00ebshtimin e implantit dhe sjelljen e komplikimeve.<\/p>\n<p>N\u00ebse kocka nuk arrin t\u00eb bashkohet mjaftuesh\u00ebm, implanti hiqet, kocka pastrohet, dhe ju mund ta provoni procedur\u00ebn p\u00ebrs\u00ebri pas rreth tre muajsh.<\/p>\n<div class=\"wp-block-image\"><\/div>\n<p>Ju duhet t\u00eb ndiqni k\u00ebshillat e m\u00ebposhtme p\u00ebr t\u00eb pasur dh\u00ebmb\u00eb t\u00eb sh\u00ebndetdhe implante q\u00eb zgjasin:<\/p>\n<ol type=\"1\">\n<li>Praktikoni higjen\u00eb t\u00eb shk\u00eblqyer orale si p\u00ebr dh\u00ebmb\u00ebt natyral\u00eb ashtu edhe p\u00ebr dh\u00ebmb\u00ebt artificial\u00eb mbi implante dhe duke mos l\u00ebn\u00eb pas dore edhe mishrat e dh\u00ebmb\u00ebve.<\/li>\n<li>P\u00ebrdorni furca t\u00eb dizenjuara posac\u00ebrisht p\u00ebr pastrimin e zonave midis dh\u00ebmb\u00ebve, mishrave dhe vendosjet metalike.<\/li>\n<li>Konsultohuni rregullisht te dentisti.<\/li>\n<li>Programoni kontrolle dentare p\u00ebr t\u00eb siguruar sh\u00ebndetin dhe funksionimin e duhur t\u00eb implanteve tuaja dhe ndiqni k\u00ebshillat p\u00ebr pastrimin profesional.<\/li>\n<li>Shmangni zakonet t\u00eb cilat d\u00ebmtojn\u00eb dh\u00ebmb\u00ebt si p\u00ebrtypja e sendeve t\u00eb forta ose konsumimin e duhanit dhe kafein\u00ebs.<\/li>\n<\/ol>\n<p><strong><em>Pyetjet m\u00eb t\u00eb shpeshta q\u00eb m\u00eb b\u00ebjn\u00eb pacient\u00ebt n\u00eb lidhje me implantet dentare:<\/em><\/strong><\/p>\n<ol type=\"1\">\n<li style=\"text-align: left;\"><strong><em>Kush \u00ebsht\u00eb nj\u00eb kandidat i mir\u00eb p\u00ebr implantet dentare?<\/em><\/strong><\/li>\n<\/ol>\n<p class=\"has-text-align-center\" style=\"text-align: left;\"><em>Pothuajse kushdo q\u00eb i mungon nj\u00eb dh\u00ebmb i vet\u00ebm, dh\u00ebmb\u00eb t\u00eb shum\u00ebfisht\u00eb ose t\u00eb gjith\u00eb dh\u00ebmb\u00ebt jan\u00eb kandidat\u00eb p\u00ebr implantet dentare. P\u00ebr t\u00eb par\u00eb n\u00ebse ju jeni nj\u00eb kandidat p\u00ebr vendosjen e implanteve.<\/em><\/p>\n<p class=\"has-text-align-center\" style=\"text-align: left;\"><strong><em>2. Cilat jan\u00eb avantazhet e implanteve dentare?<\/em><\/strong><\/p>\n<p class=\"has-text-align-center\" style=\"text-align: left;\"><em>Njer\u00ebzit jan\u00eb \u201ct\u00eb bekuar\u201d me 2 grupe dh\u00ebmb\u00ebsh (dh\u00ebmb\u00eb e qum\u00ebshtit dhe dh\u00ebmb\u00eb t\u00eb rritur \/ t\u00eb p\u00ebrhersh\u00ebm). Kur nj\u00eb dh\u00ebmb i vet\u00ebm i p\u00ebrhersh\u00ebm ose dh\u00ebmb\u00eb t\u00eb shum\u00ebfisht\u00eb humbasin p\u00ebr shkak t\u00eb prishjes s\u00eb dh\u00ebmb\u00ebve ose s\u00ebmundjes s\u00eb mishit t\u00eb dh\u00ebmb\u00ebve, implantet dentare tani mund t\u2019i z\u00ebvend\u00ebsojn\u00eb ato si grupi i 3 i dh\u00ebmb\u00ebve t\u00eb fiksuar! Implantet dentare mund t\u00eb zgjasin nj\u00eb jet\u00eb dhe mund t\u00eb p\u00ebrmir\u00ebsojn\u00eb pamjen tuaj, besimin tuaj dhe aft\u00ebsin\u00eb tuaj p\u00ebr t\u00eb ngr\u00ebn\u00eb ushqime q\u00eb ju p\u00eblqen, dhe t\u00eb marrin pjes\u00eb n\u00eb nj\u00eb m\u00ebnyr\u00eb jetese aktive, pa u shqet\u00ebsuar p\u00ebr dh\u00ebmb\u00ebt tuaj. Implantet dentare jan\u00eb b\u00ebr\u00eb nga titan dhe nuk mund t\u00eb marrin kurr\u00eb prishje t\u00eb dh\u00ebmb\u00ebve!<\/em><\/p>\n<p class=\"has-text-align-center\" style=\"text-align: left;\"><em><strong>3. A ka rreziqe implantimi dental?<\/strong><\/em><\/p>\n<p class=\"has-text-align-center\" style=\"text-align: left;\"><em>Si \u00e7do procedur\u00eb kirurgjikale orale, ekziston rreziku i infeksionit, inflamacionit dhe dhimbjes, por protetologu i klinik\u00ebs \u2018Ledismile\u2019 do t\u00eb diskutoj\u00eb se si mund t\u00eb menaxhohen k\u00ebto p\u00ebr situat\u00ebn tuaj specifike. N\u00ebse nuk ka kock\u00eb t\u00eb disponueshme p\u00ebr t\u00eb vendosur implantin, at\u00ebher\u00eb mund t\u00eb k\u00ebrkohen procedura t\u00eb shartimit t\u00eb kockave.<\/em><\/p>\n<div class=\"wp-block-image\"><\/div>\n<p class=\"has-text-align-center\" style=\"text-align: left;\">4.\u00a0<em><strong>Sa t\u00eb suksessh\u00ebm jan\u00eb implantet dentare?<\/strong><\/em><\/p>\n<p class=\"has-text-align-center\" style=\"text-align: left;\"><em>Suksesi ndryshon nga individi n\u00eb individ dhe varet kryesisht nga sh\u00ebndeti i p\u00ebrgjithsh\u00ebm i paciantit. P\u00ebr nj\u00eb individ t\u00eb sh\u00ebnd\u00ebtsh\u00ebm me nj\u00eb higjen\u00eb t\u00eb mir\u00eb orale, suksesi i implanteve dentare n\u00eb klinik\u00ebn \u2018Ledismile\u2019 shkon nga 95%-99% t\u00eb rasteve.<\/em><\/p>\n<p class=\"has-text-align-center\" style=\"text-align: left;\"><em><strong>5. A zgjasin implantet dentare?<\/strong><\/em><\/p>\n<p class=\"has-text-align-center\" style=\"text-align: left;\"><em>\u00a0\u00a0\u00a0\u00a0\u00a0\u00a0\u00a0\u00a0\u00a0\u00a0\u00a0 Ndryshe nga dh\u00ebmb\u00ebt natyral\u00eb, implantet dentare nuk jan\u00eb t\u00eb ndjeshme ndaj s\u00ebmundjeve t\u00eb dh\u00ebmb\u00ebve si\u00e7 \u00ebsht\u00eb prishja; sidoqoft\u00eb, sh\u00ebndeti i mishrave t\u00eb dh\u00ebmb\u00ebve \u00ebsht\u00eb thelb\u00ebsor p\u00ebr suksesin e implantit. Kujdesi i nd\u00ebrgjegjsh\u00ebm n\u00eb sht\u00ebpi nga pacienti, pastrimet dhe kontrollet e rregullta profesionale jan\u00eb elemente thelb\u00ebsore p\u00ebr q\u00ebndrueshm\u00ebrin\u00eb e implantit dentar. cdo pacient \u00ebsht\u00eb i ndrysh\u00ebm, dhe suksesi mb\u00ebshtetet n\u00eb diagnoz\u00ebn dhe planifikimin, historin\u00eb mjek\u00ebsore dhe nj\u00eb s\u00ebr\u00eb faktor\u00ebsh t\u00eb tjer\u00eb.<\/em><\/p>\n<p class=\"has-text-align-center\" style=\"text-align: left;\"><em><strong>6. A jan\u00eb implantet dentare t\u00eb l\u00ebvizsh\u00ebm si protezat apo q\u00ebndrojn\u00eb n\u00eb goj\u00eb?<\/strong><\/em><\/p>\n<p class=\"has-text-align-center\" style=\"text-align: left;\"><em>Jo, implantet dentare jan\u00eb t\u00eb fiksuara n\u00eb kock\u00eb dhe lejojn\u00eb q\u00eb dh\u00ebmb\u00ebt t\u00eb z\u00ebvend\u00ebsohen n\u00eb at\u00eb m\u00ebnyr\u00eb q\u00eb \u00ebsht\u00eb m\u00eb af\u00ebr dh\u00ebmb\u00ebve natyral\u00eb.<\/em><\/p>\n<p>[\/vc_column_text][\/vc_column][\/vc_row]<\/p>\n","protected":false},"excerpt":{"rendered":"<p>[vc_row][vc_column][vc_column_text]Kirurgjia e implantit dentar \u00ebsht\u00eb nj\u00eb procedur\u00eb q\u00eb z\u00ebvend\u00ebson rr\u00ebnj\u00ebt e dh\u00ebmbit me metal, n\u00ebp\u00ebrmjet vidhosjes duke z\u00ebvend\u00ebsuar dh\u00ebmb\u00ebt e d\u00ebmtuar ose t\u00eb zhdukur me dh\u00ebmb\u00eb artificial\u00eb q\u00eb duken dhe funksionojn\u00eb nj\u00ebsoj si dh\u00ebmb\u00ebt real\u00eb. Kirurgjia e implantit dentar mund t\u00eb ofroj\u00eb nj\u00eb alternative t\u00eb mir\u00ebpritur p\u00ebr protezat ose lidhjet me ur\u00eb q\u00eb nuk p\u00ebrshtaten mir\u00eb dhe mund t\u00eb ofrojn\u00eb nj\u00eb mund\u00ebsi kur mungesa e rr\u00ebnj\u00ebve t\u00eb dh\u00ebmb\u00ebve natyral\u00eb nuk lejon nd\u00ebrtimin e protezave ose z\u00ebvend\u00ebsimin e dh\u00ebmb\u00ebve me ur\u00eb. Se si kryhet operacioni i implantit dentar varet nga lloji i implantit dhe gjendja e nofull\u00ebs suaj. Kirurgjia e implantit dentar mund t\u00eb p\u00ebrfshij\u00eb disa procedura. P\u00ebrfitimi kryesor i implanteve \u00ebsht\u00eb mb\u00ebshtetje e fort\u00eb p\u00ebr dh\u00ebmb\u00ebt tuaj t\u00eb rinj \u2013 nj\u00eb proces q\u00eb k\u00ebrkon sh\u00ebrimin e kock\u00ebs rreth implantit. P\u00ebr shkak se ky sh\u00ebrim i kockave k\u00ebrkon koh\u00eb, procesi mund t\u00eb zgjas\u00eb shum\u00eb muaj. P\u00ebrse impantet dentare jan\u00eb nj\u00eb zgjedhje e mir\u00eb?\u00a0\u00a0\u00a0\u00a0\u00a0\u00a0\u00a0\u00a0\u00a0\u00a0\u00a0\u00a0\u00a0\u00a0\u00a0\u00a0\u00a0\u00a0\u00a0\u00a0 Implantet dentare vendosen n\u00eb m\u00ebnyr\u00eb kirurgjikale n\u00eb nofull\u00ebn tuaj, ku sh\u00ebrbejn\u00eb si rr\u00ebnj\u00ebt e dh\u00ebmb\u00ebve q\u00eb mungojn\u00eb. titaniumi i gjendur n\u00eb implant bashkohet me nofull\u00ebn dhe kjo nuk e lejon implantin t\u00eb rr\u00ebshkas\u00eb, t\u00eb b\u00ebj\u00eb zhurm\u00eb apo t\u00eb shkaktoj\u00eb d\u00ebmtim t\u00eb kock\u00ebs, sic mund t\u00eb ndodh\u00eb nga vendosja e ur\u00ebs apo protezave. Materiali nuk mund t\u00eb kalbet si dh\u00ebmb\u00ebt normal\u00eb. N\u00eb p\u00ebrgjith\u00ebsi, implantet dentare mund t\u00eb jen\u00eb t\u00eb p\u00ebrshtatshme n\u00eb rastet kur: Keni nj\u00eb ose m\u00eb shum\u00eb dh\u00ebmb\u00eb q\u00eb mungojn\u00eb Keni nj\u00eb nofull q\u00eb ka arritur n\u00eb rritjen e plot\u00eb Keni kock\u00eb t\u00eb mjaftueshme p\u00ebr t\u00eb siguruar implantet ose jan\u00eb n\u00eb gjendje t\u00eb ken\u00eb nj\u00eb shartim kockash Keni inde t\u00eb sh\u00ebndetsh\u00ebm oral Nuk keni kushte sh\u00ebndet\u00ebsore q\u00eb do t\u00eb ndikojn\u00eb n\u00eb sh\u00ebrimin e kockave Jeni t\u00eb gatsh\u00ebm t\u00eb angazhohen disa muaj p\u00ebr procesin Nuk pini duhan Rreziqet Si \u00e7do nd\u00ebrhyrje kirurgjikle edhe kirurgjia e \u00a0implantit dentar paraqet disa rreziqe sh\u00ebndet\u00ebsore. Problemet jan\u00eb t\u00eb rralla, megjithat\u00eb, dhe kur ato ndodhin, ato zakonisht jan\u00eb t\u00eb vogla dhe trajtohen leht\u00ebsisht. Rreziqet p\u00ebrfshijn\u00eb: Infeksioni n\u00eb vendin e implantit. L\u00ebndimi ose d\u00ebmtimi i strukturave p\u00ebrreth, si\u00e7 jan\u00eb dh\u00ebmb\u00ebt e tjer\u00eb ose en\u00ebt e gjakut. D\u00ebmtimi nervor, i cili mund t\u00eb shkaktoj\u00eb dhimbje, mpirje ose ndjesi shpimi gjilp\u00ebrash n\u00eb dh\u00ebmb\u00ebt tuaj natyral\u00eb, mishrat e dh\u00ebmb\u00ebve, buz\u00ebt ose mjekr\u00ebn. Problemet me sinusin, kur implantet dentare t\u00eb vendosura n\u00eb nofull\u00ebn e sip\u00ebrme shp\u00ebrthejn\u00eb n\u00eb nj\u00eb nga zgavrat tuaja t\u00eb sinusit. P\u00ebrgatitja p\u00ebr impalntim Procesi i planifikimit t\u00eb implanteve dentare mund t\u00eb p\u00ebrfshij\u00eb nj\u00eb s\u00ebr\u00eb specialist\u00ebsh, duke p\u00ebrfshir\u00eb nj\u00eb mjek q\u00eb specializohet n\u00eb kushte t\u00eb goj\u00ebs, nofull\u00ebs dhe fytyr\u00ebs (kirurg oral dhe maksilofacial), dentist i specializuar n\u00eb trajtimin e strukturave q\u00eb mb\u00ebshtesin dh\u00ebmb\u00ebt, si mishrat e dh\u00ebmb\u00ebve dhe eshtrat (periodontist), nj\u00eb dentist q\u00eb harton dhe p\u00ebrshtatet dh\u00ebmb\u00eb artificial\u00eb (protodontist), ose her\u00eb pas here nj\u00eb specialist n\u00eb vesh, hund\u00eb dhe fyt (ENT). T\u00eb gjith\u00eb k\u00ebta specialist\u00eb jan\u00eb n\u00eb dispozicionin tuaj vet\u00ebm n\u00eb klinik\u00ebn \u2019Ledismile\u2019. P\u00ebr shkak se implantet dentare k\u00ebrkojn\u00eb nj\u00eb ose m\u00eb shum\u00eb procedura kirurgjikale, duhet t\u00eb keni nj\u00eb vler\u00ebsim t\u00eb plot\u00eb p\u00ebr t\u2019u p\u00ebrgatitur p\u00ebr procesin, duke p\u00ebrfshir\u00eb nj\u00eb: Kontroll gjith\u00ebp\u00ebrfshir\u00ebs dentar. Grafi panoramike dhe skaner 3D Modele t\u00eb b\u00ebra nga dh\u00ebmb\u00ebt dhe nofulla. Rishikimi i historis\u00eb suaj mjek\u00ebsore. Tregoni mjekut tuaj p\u00ebr \u00e7do gjendje mjek\u00ebsore dhe \u00e7do ila\u00e7 q\u00eb merrni, p\u00ebrfshir\u00eb recet\u00ebn dhe ila\u00e7et pa recet\u00eb dhe suplementet. N\u00ebse keni kushte t\u00eb caktuara t\u00eb zemr\u00ebs ose implantet ortopedike, mjeku juaj mund t\u00eb p\u00ebrshkruaj\u00eb antibiotik\u00eb para operacionit p\u00ebr t\u00eb ndihmuar n\u00eb parandalimin e infeksionit. Plani i trajtimit. P\u00ebrshtatur me situat\u00ebn tuaj, ky plan merr parasysh faktor\u00eb t\u00eb till\u00eb si sa dh\u00ebmb\u00eb ju nevojiten p\u00ebr t\u00eb z\u00ebvend\u00ebsuar dhe gjendjen e nofull\u00ebs e dh\u00ebmb\u00ebve t\u00eb mbetur. Kirurgjia e implantit dentar \u00ebsht\u00eb nj\u00eb operacion i kryer n\u00eb faza me koh\u00eb sh\u00ebrimi midis procedurave. Procesi i vendosjes s\u00eb implantit dentar p\u00ebrfshin hapa t\u00eb shum\u00ebfisht\u00eb, duke p\u00ebrfshir\u00eb: Heqja e dh\u00ebmbit t\u00eb d\u00ebmtuar. P\u00ebrgatitja (shartimi) i nofull\u00ebs, kur \u00ebsht\u00eb e nevojshme. Vendosja e implantit dentar. Rritja dhe sh\u00ebrimi i kockave. Vendosja e abutmentit. Vendosja\u00a0 dh\u00ebmbit artificial. I gjith\u00eb procesi mund t\u00eb zgjas\u00eb shum\u00eb muaj nga fillimi n\u00eb fund. Pjesa m\u00eb e madhe e asaj kohe i kushtohet sh\u00ebrimit dhe duke pritur rritjen e kockave t\u00eb reja n\u00eb nofull\u00ebn tuaj. N\u00eb var\u00ebsi t\u00eb situat\u00ebs tuaj, procedur\u00ebs specifike t\u00eb b\u00ebr\u00eb ose materialeve t\u00eb p\u00ebrdorura, hapa t\u00eb caktuar ndonj\u00ebher\u00eb mund t\u00eb kombinohen. Rezultatet Shumica e implanteve dentare jan\u00eb t\u00eb suksesshme. Ndonj\u00ebher\u00eb, megjithat\u00eb, kocka nuk arrin t\u00eb bashkohet si duhet me implantin metalik. Pirja e duhanit, p\u00ebr shembull, mund t\u00eb kontribuoj\u00eb n\u00eb d\u00ebshtimin e implantit dhe sjelljen e komplikimeve. N\u00ebse kocka nuk arrin t\u00eb bashkohet mjaftuesh\u00ebm, implanti hiqet, kocka pastrohet, dhe ju mund ta provoni procedur\u00ebn p\u00ebrs\u00ebri pas rreth tre muajsh. Ju duhet t\u00eb ndiqni k\u00ebshillat e m\u00ebposhtme p\u00ebr t\u00eb pasur dh\u00ebmb\u00eb t\u00eb sh\u00ebndetdhe implante q\u00eb zgjasin: Praktikoni higjen\u00eb t\u00eb shk\u00eblqyer orale si p\u00ebr dh\u00ebmb\u00ebt natyral\u00eb ashtu edhe p\u00ebr dh\u00ebmb\u00ebt artificial\u00eb mbi implante dhe duke mos l\u00ebn\u00eb pas dore edhe mishrat e dh\u00ebmb\u00ebve. P\u00ebrdorni furca t\u00eb dizenjuara posac\u00ebrisht p\u00ebr pastrimin e zonave midis dh\u00ebmb\u00ebve, mishrave dhe vendosjet metalike. Konsultohuni rregullisht te dentisti. Programoni kontrolle dentare p\u00ebr t\u00eb siguruar sh\u00ebndetin dhe funksionimin e duhur t\u00eb implanteve tuaja dhe ndiqni k\u00ebshillat p\u00ebr pastrimin profesional. Shmangni zakonet t\u00eb cilat d\u00ebmtojn\u00eb dh\u00ebmb\u00ebt si p\u00ebrtypja e sendeve t\u00eb forta ose konsumimin e duhanit dhe kafein\u00ebs. Pyetjet m\u00eb t\u00eb shpeshta q\u00eb m\u00eb b\u00ebjn\u00eb pacient\u00ebt n\u00eb lidhje me implantet dentare: Kush \u00ebsht\u00eb nj\u00eb kandidat i mir\u00eb p\u00ebr implantet dentare? Pothuajse kushdo q\u00eb i mungon nj\u00eb dh\u00ebmb i vet\u00ebm, dh\u00ebmb\u00eb t\u00eb shum\u00ebfisht\u00eb ose t\u00eb gjith\u00eb dh\u00ebmb\u00ebt jan\u00eb kandidat\u00eb p\u00ebr implantet dentare. P\u00ebr t\u00eb par\u00eb n\u00ebse ju jeni nj\u00eb kandidat p\u00ebr vendosjen e implanteve. 2. Cilat jan\u00eb avantazhet e implanteve dentare? Njer\u00ebzit jan\u00eb \u201ct\u00eb bekuar\u201d me 2 grupe dh\u00ebmb\u00ebsh (dh\u00ebmb\u00eb e qum\u00ebshtit dhe dh\u00ebmb\u00eb t\u00eb rritur \/ t\u00eb p\u00ebrhersh\u00ebm). Kur nj\u00eb dh\u00ebmb i vet\u00ebm i p\u00ebrhersh\u00ebm ose dh\u00ebmb\u00eb t\u00eb shum\u00ebfisht\u00eb humbasin p\u00ebr shkak t\u00eb prishjes s\u00eb dh\u00ebmb\u00ebve ose s\u00ebmundjes s\u00eb mishit t\u00eb dh\u00ebmb\u00ebve, implantet dentare tani mund t\u2019i z\u00ebvend\u00ebsojn\u00eb ato si grupi i 3 i dh\u00ebmb\u00ebve t\u00eb fiksuar! Implantet dentare mund t\u00eb zgjasin nj\u00eb jet\u00eb dhe mund t\u00eb p\u00ebrmir\u00ebsojn\u00eb pamjen tuaj, besimin tuaj dhe aft\u00ebsin\u00eb tuaj p\u00ebr t\u00eb ngr\u00ebn\u00eb ushqime q\u00eb ju p\u00eblqen, dhe [&hellip;]<\/p>\n","protected":false},"author":1,"featured_media":0,"parent":3070,"menu_order":0,"comment_status":"closed","ping_status":"closed","template":"","meta":{"footnotes":""},"class_list":["post-3067","page","type-page","status-publish","hentry"],"_links":{"self":[{"href":"https:\/\/ledismile.com\/al\/wp-json\/wp\/v2\/pages\/3067","targetHints":{"allow":["GET"]}}],"collection":[{"href":"https:\/\/ledismile.com\/al\/wp-json\/wp\/v2\/pages"}],"about":[{"href":"https:\/\/ledismile.com\/al\/wp-json\/wp\/v2\/types\/page"}],"author":[{"embeddable":true,"href":"https:\/\/ledismile.com\/al\/wp-json\/wp\/v2\/users\/1"}],"replies":[{"embeddable":true,"href":"https:\/\/ledismile.com\/al\/wp-json\/wp\/v2\/comments?post=3067"}],"version-history":[{"count":5,"href":"https:\/\/ledismile.com\/al\/wp-json\/wp\/v2\/pages\/3067\/revisions"}],"predecessor-version":[{"id":3468,"href":"https:\/\/ledismile.com\/al\/wp-json\/wp\/v2\/pages\/3067\/revisions\/3468"}],"up":[{"embeddable":true,"href":"https:\/\/ledismile.com\/al\/wp-json\/wp\/v2\/pages\/3070"}],"wp:attachment":[{"href":"https:\/\/ledismile.com\/al\/wp-json\/wp\/v2\/media?parent=3067"}],"curies":[{"name":"wp","href":"https:\/\/api.w.org\/{rel}","templated":true}]}}