{"id":3070,"date":"2022-06-30T09:24:07","date_gmt":"2022-06-30T09:24:07","guid":{"rendered":"http:\/\/ledismile.com\/kirurgji-dentare-2\/"},"modified":"2022-11-08T15:48:12","modified_gmt":"2022-11-08T15:48:12","slug":"kirurgji-dentare-2","status":"publish","type":"page","link":"https:\/\/ledismile.com\/al\/kirurgji-dentare-2\/","title":{"rendered":"Kirurgji dentare"},"content":{"rendered":"<p>[vc_row][vc_column width=&#8221;2\/3&#8243;][vc_column_text]Kirurgjia orale i referohet \u00e7do procedure kirurgjikale t\u00eb kryer n\u00eb dh\u00ebmb\u00ebt, mishrat, nofullat ose strukturat e tjera orale. Kjo p\u00ebrfshin nxjerrjet, implantet, transplantet e mishrave t\u00eb dh\u00ebmb\u00ebve dhe operacionet e nofull\u00ebs. Kirurgjia orale zakonisht kryhet nga nj\u00eb kirurg oral dhe maksilofacial ose nj\u00eb periodontist. K\u00ebta jan\u00eb specialist\u00eb dentar\u00eb q\u00eb kan\u00eb trajnim t\u00eb avancuar n\u00eb procedurat e kirurgjis\u00eb orale.[\/vc_column_text][vc_column_text][\/vc_column_text][vc_separator color=&#8221;blue&#8221; css=&#8221;.vc_custom_1652451124213{padding-top: 10px !important;padding-bottom: 10px !important;}&#8221;][tm_before_after_image image_before=&#8221;3469&#8243; image_after=&#8221;3470&#8243;][\/vc_column][vc_column width=&#8221;1\/3&#8243;][tm_custom_menu align=&#8221;right&#8221; title=&#8221;Kirurgji Dentare&#8221; nav_menu=&#8221;kirurgji-dentare&#8221;][\/vc_column][\/vc_row]<\/p>\n","protected":false},"excerpt":{"rendered":"<p>[vc_row][vc_column width=&#8221;2\/3&#8243;][vc_column_text]Kirurgjia orale i referohet \u00e7do procedure kirurgjikale t\u00eb kryer n\u00eb dh\u00ebmb\u00ebt, mishrat, nofullat ose strukturat e tjera orale. Kjo p\u00ebrfshin nxjerrjet, implantet, transplantet e mishrave t\u00eb dh\u00ebmb\u00ebve dhe operacionet e nofull\u00ebs. Kirurgjia orale zakonisht kryhet nga nj\u00eb kirurg oral dhe maksilofacial ose nj\u00eb periodontist. K\u00ebta jan\u00eb specialist\u00eb dentar\u00eb q\u00eb kan\u00eb trajnim t\u00eb avancuar n\u00eb procedurat e kirurgjis\u00eb orale.[\/vc_column_text][vc_column_text][\/vc_column_text][vc_separator color=&#8221;blue&#8221; css=&#8221;.vc_custom_1652451124213{padding-top: 10px !important;padding-bottom: 10px !important;}&#8221;][tm_before_after_image image_before=&#8221;3469&#8243; image_after=&#8221;3470&#8243;][\/vc_column][vc_column width=&#8221;1\/3&#8243;][tm_custom_menu align=&#8221;right&#8221; title=&#8221;Kirurgji Dentare&#8221; nav_menu=&#8221;kirurgji-dentare&#8221;][\/vc_column][\/vc_row]<\/p>\n","protected":false},"author":1,"featured_media":0,"parent":0,"menu_order":0,"comment_status":"closed","ping_status":"closed","template":"","meta":{"footnotes":""},"class_list":["post-3070","page","type-page","status-publish","hentry"],"_links":{"self":[{"href":"https:\/\/ledismile.com\/al\/wp-json\/wp\/v2\/pages\/3070","targetHints":{"allow":["GET"]}}],"collection":[{"href":"https:\/\/ledismile.com\/al\/wp-json\/wp\/v2\/pages"}],"about":[{"href":"https:\/\/ledismile.com\/al\/wp-json\/wp\/v2\/types\/page"}],"author":[{"embeddable":true,"href":"https:\/\/ledismile.com\/al\/wp-json\/wp\/v2\/users\/1"}],"replies":[{"embeddable":true,"href":"https:\/\/ledismile.com\/al\/wp-json\/wp\/v2\/comments?post=3070"}],"version-history":[{"count":2,"href":"https:\/\/ledismile.com\/al\/wp-json\/wp\/v2\/pages\/3070\/revisions"}],"predecessor-version":[{"id":3473,"href":"https:\/\/ledismile.com\/al\/wp-json\/wp\/v2\/pages\/3070\/revisions\/3473"}],"wp:attachment":[{"href":"https:\/\/ledismile.com\/al\/wp-json\/wp\/v2\/media?parent=3070"}],"curies":[{"name":"wp","href":"https:\/\/api.w.org\/{rel}","templated":true}]}}