{"id":3072,"date":"2022-06-30T09:46:29","date_gmt":"2022-06-30T09:46:29","guid":{"rendered":"http:\/\/ledismile.com\/?page_id=3072"},"modified":"2022-07-04T15:25:13","modified_gmt":"2022-07-04T15:25:13","slug":"all-on-4","status":"publish","type":"page","link":"https:\/\/ledismile.com\/al\/kirurgji-dentare-2\/all-on-4\/","title":{"rendered":"All on 4"},"content":{"rendered":"<p>All On 4 \u00ebsht\u00eb nj\u00eb teknik\u00eb e implantit dentar ku grupi i sip\u00ebrm ose i posht\u00ebm i dh\u00ebmb\u00ebve z\u00ebvend\u00ebsohet me vet\u00ebm kat\u00ebr implante. K\u00ebto kat\u00ebr implante veprojn\u00eb si nj\u00eb mekaniz\u00ebm mb\u00ebshtet\u00ebs p\u00ebr vendosjen e nj\u00eb grupi t\u00eb ri dh\u00ebmb\u00ebsh t\u00eb fiksuar.<\/p>\n<p>Me pro\u00e7edur\u00ebn e implantit dentar All On 4, implantet e pasme anohen 45\u00b0 drejt pjes\u00ebs s\u00eb pasme t\u00eb goj\u00ebs dhe vendosen n\u00eb maksill\u00ebn e p\u00ebrparme, nj\u00eb zon\u00eb e nofull\u00ebs me densitet m\u00eb t\u00eb lart\u00eb kockor. Krahasuar me metodat e tjera t\u00eb implantimit, teknika All On 4 nuk k\u00ebrkon t\u00eb nj\u00ebjt\u00ebn densitet kockash p\u00ebr t\u00eb siguruar implantin.<\/p>\n","protected":false},"excerpt":{"rendered":"<p>All On 4 \u00ebsht\u00eb nj\u00eb teknik\u00eb e implantit dentar ku grupi i sip\u00ebrm ose i posht\u00ebm i dh\u00ebmb\u00ebve z\u00ebvend\u00ebsohet me vet\u00ebm kat\u00ebr implante. K\u00ebto kat\u00ebr implante veprojn\u00eb si nj\u00eb mekaniz\u00ebm mb\u00ebshtet\u00ebs p\u00ebr vendosjen e nj\u00eb grupi t\u00eb ri dh\u00ebmb\u00ebsh t\u00eb fiksuar. Me pro\u00e7edur\u00ebn e implantit dentar All On 4, implantet e pasme anohen 45\u00b0 drejt pjes\u00ebs s\u00eb pasme t\u00eb goj\u00ebs dhe vendosen n\u00eb maksill\u00ebn e p\u00ebrparme, nj\u00eb zon\u00eb e nofull\u00ebs me densitet m\u00eb t\u00eb lart\u00eb kockor. Krahasuar me metodat e tjera t\u00eb implantimit, teknika All On 4 nuk k\u00ebrkon t\u00eb nj\u00ebjt\u00ebn densitet kockash p\u00ebr t\u00eb siguruar implantin.<\/p>\n","protected":false},"author":1,"featured_media":0,"parent":3070,"menu_order":0,"comment_status":"closed","ping_status":"closed","template":"","meta":{"footnotes":""},"class_list":["post-3072","page","type-page","status-publish","hentry"],"_links":{"self":[{"href":"https:\/\/ledismile.com\/al\/wp-json\/wp\/v2\/pages\/3072","targetHints":{"allow":["GET"]}}],"collection":[{"href":"https:\/\/ledismile.com\/al\/wp-json\/wp\/v2\/pages"}],"about":[{"href":"https:\/\/ledismile.com\/al\/wp-json\/wp\/v2\/types\/page"}],"author":[{"embeddable":true,"href":"https:\/\/ledismile.com\/al\/wp-json\/wp\/v2\/users\/1"}],"replies":[{"embeddable":true,"href":"https:\/\/ledismile.com\/al\/wp-json\/wp\/v2\/comments?post=3072"}],"version-history":[{"count":2,"href":"https:\/\/ledismile.com\/al\/wp-json\/wp\/v2\/pages\/3072\/revisions"}],"predecessor-version":[{"id":3231,"href":"https:\/\/ledismile.com\/al\/wp-json\/wp\/v2\/pages\/3072\/revisions\/3231"}],"up":[{"embeddable":true,"href":"https:\/\/ledismile.com\/al\/wp-json\/wp\/v2\/pages\/3070"}],"wp:attachment":[{"href":"https:\/\/ledismile.com\/al\/wp-json\/wp\/v2\/media?parent=3072"}],"curies":[{"name":"wp","href":"https:\/\/api.w.org\/{rel}","templated":true}]}}