{"id":3073,"date":"2022-06-30T09:53:18","date_gmt":"2022-06-30T09:53:18","guid":{"rendered":"http:\/\/ledismile.com\/?page_id=3073"},"modified":"2022-07-04T16:02:28","modified_gmt":"2022-07-04T16:02:28","slug":"all-on-6","status":"publish","type":"page","link":"https:\/\/ledismile.com\/al\/kirurgji-dentare-2\/all-on-6\/","title":{"rendered":"All on 6"},"content":{"rendered":"\n<p>Trajtimi i implantit dentar All-on-6 rekomandohet p\u00ebr pacient\u00ebt me hark t\u00eb plot\u00eb t\u00eb dh\u00ebmb\u00ebve q\u00eb mungojn\u00eb. \u00cbsht\u00eb gjithashtu p\u00ebr pacient\u00ebt me dh\u00ebmb\u00eb t\u00eb munguar pjes\u00ebrisht dhe duan t\u00eb marrin nj\u00eb implant dentar me hark t\u00eb plot\u00eb, duke z\u00ebvend\u00ebsuar dh\u00ebmb\u00ebt ekzistues. Procesi All-on-6 ofron nj\u00eb alternativ\u00eb t\u00eb q\u00ebndrueshme, afatgjat\u00eb, ndaj protezave tradicionale.<\/p>\n\n\n\n<p>Para implanteve t\u00eb plota dentare, dentisti do t\u00eb duhet t\u00eb ekzaminoj\u00eb goj\u00ebn tuaj dhe do t\u00eb d\u00ebshiroj\u00eb t\u00eb diskutoj\u00eb historin\u00eb tuaj mjek\u00ebsore pasi s\u00ebmundjet sistemike mund t\u00eb ndikojn\u00eb n\u00eb sh\u00ebrimin. Disa medikamente gjithashtu mund t\u00eb ndikojn\u00eb t\u00eb gjitha n\u00eb trajtimin e gjasht\u00eb implanteve.<\/p>\n\n\n\n<p>Me opsionin e z\u00ebvend\u00ebsimit t\u00eb plot\u00eb t\u00eb dh\u00ebmbit t\u00eb goj\u00ebs, 6 implante dentare vendosen n\u00eb intervale strategjike p\u00ebrgjat\u00eb harkut tuaj t\u00eb sip\u00ebrm ose t\u00eb posht\u00ebm dhe \u00ebsht\u00eb e r\u00ebnd\u00ebsishme q\u00eb ato t\u00eb marrin mb\u00ebshtetje t\u00eb mjaftueshme nga kocka p\u00ebrreth. N\u00ebse keni humbur dh\u00ebmb\u00ebt disa vite m\u00eb par\u00eb, at\u00ebher\u00eb mund t\u00eb keni vuajtur ndjesh\u00ebm nga humbja e dh\u00ebmb\u00ebve nga humbja e kockave t\u00eb dh\u00ebmb\u00ebve.<\/p>\n\n\n\n<p>Ky mund t\u00eb jet\u00eb gjithashtu rasti n\u00ebse keni pasur nj\u00eb s\u00ebmundje periodontale t\u00eb avancuar e cila ka rezultuar n\u00eb shkat\u00ebrrimin e kockave q\u00eb dikur rrethonin dh\u00ebmb\u00ebt tuaj natyral\u00eb. N\u00ebse keni humbur kock\u00ebn, at\u00ebher\u00eb nj\u00eb seri e plot\u00eb e trajtimit t\u00eb implanteve dentare \u00ebsht\u00eb normalisht ende e mundur pasi dentisti mund t\u00eb krijoj\u00eb kocka p\u00ebr nivelet e implantit duke p\u00ebrdorur teknika t\u00eb sofistikuara t\u00eb shartimit t\u00eb kockave.<\/p>\n","protected":false},"excerpt":{"rendered":"<p>Trajtimi i implantit dentar All-on-6 rekomandohet p\u00ebr pacient\u00ebt me hark t\u00eb plot\u00eb t\u00eb dh\u00ebmb\u00ebve q\u00eb mungojn\u00eb. \u00cbsht\u00eb gjithashtu p\u00ebr pacient\u00ebt me dh\u00ebmb\u00eb t\u00eb munguar pjes\u00ebrisht dhe duan t\u00eb marrin nj\u00eb implant dentar me hark t\u00eb plot\u00eb, duke z\u00ebvend\u00ebsuar dh\u00ebmb\u00ebt ekzistues. Procesi All-on-6 ofron nj\u00eb alternativ\u00eb t\u00eb q\u00ebndrueshme, afatgjat\u00eb, ndaj protezave tradicionale. Para implanteve t\u00eb plota dentare, dentisti do t\u00eb duhet t\u00eb ekzaminoj\u00eb goj\u00ebn tuaj dhe do t\u00eb d\u00ebshiroj\u00eb t\u00eb diskutoj\u00eb historin\u00eb tuaj mjek\u00ebsore pasi s\u00ebmundjet sistemike mund t\u00eb ndikojn\u00eb n\u00eb sh\u00ebrimin. Disa medikamente gjithashtu mund t\u00eb ndikojn\u00eb t\u00eb gjitha n\u00eb trajtimin e gjasht\u00eb implanteve. Me opsionin e z\u00ebvend\u00ebsimit t\u00eb plot\u00eb t\u00eb dh\u00ebmbit t\u00eb goj\u00ebs, 6 implante dentare vendosen n\u00eb intervale strategjike p\u00ebrgjat\u00eb harkut tuaj t\u00eb sip\u00ebrm ose t\u00eb posht\u00ebm dhe \u00ebsht\u00eb e r\u00ebnd\u00ebsishme q\u00eb ato t\u00eb marrin mb\u00ebshtetje t\u00eb mjaftueshme nga kocka p\u00ebrreth. N\u00ebse keni humbur dh\u00ebmb\u00ebt disa vite m\u00eb par\u00eb, at\u00ebher\u00eb mund t\u00eb keni vuajtur ndjesh\u00ebm nga humbja e dh\u00ebmb\u00ebve nga humbja e kockave t\u00eb dh\u00ebmb\u00ebve. Ky mund t\u00eb jet\u00eb gjithashtu rasti n\u00ebse keni pasur nj\u00eb s\u00ebmundje periodontale t\u00eb avancuar e cila ka rezultuar n\u00eb shkat\u00ebrrimin e kockave q\u00eb dikur rrethonin dh\u00ebmb\u00ebt tuaj natyral\u00eb. N\u00ebse keni humbur kock\u00ebn, at\u00ebher\u00eb nj\u00eb seri e plot\u00eb e trajtimit t\u00eb implanteve dentare \u00ebsht\u00eb normalisht ende e mundur pasi dentisti mund t\u00eb krijoj\u00eb kocka p\u00ebr nivelet e implantit duke p\u00ebrdorur teknika t\u00eb sofistikuara t\u00eb shartimit t\u00eb kockave.<\/p>\n","protected":false},"author":1,"featured_media":0,"parent":3070,"menu_order":0,"comment_status":"closed","ping_status":"closed","template":"","meta":{"footnotes":""},"class_list":["post-3073","page","type-page","status-publish","hentry"],"_links":{"self":[{"href":"https:\/\/ledismile.com\/al\/wp-json\/wp\/v2\/pages\/3073","targetHints":{"allow":["GET"]}}],"collection":[{"href":"https:\/\/ledismile.com\/al\/wp-json\/wp\/v2\/pages"}],"about":[{"href":"https:\/\/ledismile.com\/al\/wp-json\/wp\/v2\/types\/page"}],"author":[{"embeddable":true,"href":"https:\/\/ledismile.com\/al\/wp-json\/wp\/v2\/users\/1"}],"replies":[{"embeddable":true,"href":"https:\/\/ledismile.com\/al\/wp-json\/wp\/v2\/comments?post=3073"}],"version-history":[{"count":3,"href":"https:\/\/ledismile.com\/al\/wp-json\/wp\/v2\/pages\/3073\/revisions"}],"predecessor-version":[{"id":3234,"href":"https:\/\/ledismile.com\/al\/wp-json\/wp\/v2\/pages\/3073\/revisions\/3234"}],"up":[{"embeddable":true,"href":"https:\/\/ledismile.com\/al\/wp-json\/wp\/v2\/pages\/3070"}],"wp:attachment":[{"href":"https:\/\/ledismile.com\/al\/wp-json\/wp\/v2\/media?parent=3073"}],"curies":[{"name":"wp","href":"https:\/\/api.w.org\/{rel}","templated":true}]}}