{"id":3074,"date":"2022-06-30T09:53:46","date_gmt":"2022-06-30T09:53:46","guid":{"rendered":"http:\/\/ledismile.com\/?page_id=3074"},"modified":"2022-07-04T16:02:35","modified_gmt":"2022-07-04T16:02:35","slug":"all-on-8","status":"publish","type":"page","link":"https:\/\/ledismile.com\/al\/kirurgji-dentare-2\/all-on-8\/","title":{"rendered":"All on 8"},"content":{"rendered":"<p>Implantet dentare All-on-8 jan\u00eb nj\u00eb lloj implanti me ngarkim t\u00eb menj\u00ebhersh\u00ebm me nj\u00eb faz\u00eb. Kjo teknik\u00eb \u00ebsht\u00eb m\u00eb e p\u00ebrshtatshme n\u00eb rastin e adentis\u00eb totale (humbjes s\u00eb t\u00eb gjith\u00eb dh\u00ebmb\u00ebve). Nj\u00eb hark dentar k\u00ebrkon nga 8 deri n\u00eb 12-14 implante dentare. Karakteristika kryesore e k\u00ebtij protokolli implantimi \u00ebsht\u00eb se nuk p\u00ebrfshin shartim kockor: n\u00eb 90% t\u00eb rasteve vendosja e implanteve mund t\u00eb kryhet pa korrigjim paraprak t\u00eb densitetit kockor t\u00eb nofull\u00ebs. P\u00ebrve\u00e7 k\u00ebsaj, protezat vendosen menj\u00ebher\u00eb, gj\u00eb q\u00eb i mund\u00ebson pacientit t\u00eb kthehet n\u00eb nj\u00eb jet\u00eb t\u00eb plot\u00eb n\u00eb vet\u00ebm pak dit\u00eb pas procedur\u00ebs. Nj\u00eb protez\u00eb fikse vendoset brenda 2-3 dit\u00ebve t\u00eb para pas instalimit t\u00eb implantit. Kjo \u00ebsht\u00eb shum\u00eb e r\u00ebnd\u00ebsishme sepse rikthen estetik\u00ebn dhe funksionalitetin identik me ato t\u00eb dh\u00ebmb\u00ebve natyral\u00eb, duke rritur vet\u00ebbesimin e pacientit. P\u00ebrve\u00e7 k\u00ebsaj, proteza \u00ebsht\u00eb e nevojshme p\u00ebr sh\u00ebndetin e indit kockor dhe p\u00ebr ngarkimin e implanteve.<\/p>\n","protected":false},"excerpt":{"rendered":"<p>Implantet dentare All-on-8 jan\u00eb nj\u00eb lloj implanti me ngarkim t\u00eb menj\u00ebhersh\u00ebm me nj\u00eb faz\u00eb. Kjo teknik\u00eb \u00ebsht\u00eb m\u00eb e p\u00ebrshtatshme n\u00eb rastin e adentis\u00eb totale (humbjes s\u00eb t\u00eb gjith\u00eb dh\u00ebmb\u00ebve). Nj\u00eb hark dentar k\u00ebrkon nga 8 deri n\u00eb 12-14 implante dentare. Karakteristika kryesore e k\u00ebtij protokolli implantimi \u00ebsht\u00eb se nuk p\u00ebrfshin shartim kockor: n\u00eb 90% t\u00eb rasteve vendosja e implanteve mund t\u00eb kryhet pa korrigjim paraprak t\u00eb densitetit kockor t\u00eb nofull\u00ebs. P\u00ebrve\u00e7 k\u00ebsaj, protezat vendosen menj\u00ebher\u00eb, gj\u00eb q\u00eb i mund\u00ebson pacientit t\u00eb kthehet n\u00eb nj\u00eb jet\u00eb t\u00eb plot\u00eb n\u00eb vet\u00ebm pak dit\u00eb pas procedur\u00ebs. Nj\u00eb protez\u00eb fikse vendoset brenda 2-3 dit\u00ebve t\u00eb para pas instalimit t\u00eb implantit. Kjo \u00ebsht\u00eb shum\u00eb e r\u00ebnd\u00ebsishme sepse rikthen estetik\u00ebn dhe funksionalitetin identik me ato t\u00eb dh\u00ebmb\u00ebve natyral\u00eb, duke rritur vet\u00ebbesimin e pacientit. P\u00ebrve\u00e7 k\u00ebsaj, proteza \u00ebsht\u00eb e nevojshme p\u00ebr sh\u00ebndetin e indit kockor dhe p\u00ebr ngarkimin e implanteve.<\/p>\n","protected":false},"author":1,"featured_media":0,"parent":3070,"menu_order":0,"comment_status":"closed","ping_status":"closed","template":"","meta":{"footnotes":""},"class_list":["post-3074","page","type-page","status-publish","hentry"],"_links":{"self":[{"href":"https:\/\/ledismile.com\/al\/wp-json\/wp\/v2\/pages\/3074","targetHints":{"allow":["GET"]}}],"collection":[{"href":"https:\/\/ledismile.com\/al\/wp-json\/wp\/v2\/pages"}],"about":[{"href":"https:\/\/ledismile.com\/al\/wp-json\/wp\/v2\/types\/page"}],"author":[{"embeddable":true,"href":"https:\/\/ledismile.com\/al\/wp-json\/wp\/v2\/users\/1"}],"replies":[{"embeddable":true,"href":"https:\/\/ledismile.com\/al\/wp-json\/wp\/v2\/comments?post=3074"}],"version-history":[{"count":2,"href":"https:\/\/ledismile.com\/al\/wp-json\/wp\/v2\/pages\/3074\/revisions"}],"predecessor-version":[{"id":3236,"href":"https:\/\/ledismile.com\/al\/wp-json\/wp\/v2\/pages\/3074\/revisions\/3236"}],"up":[{"embeddable":true,"href":"https:\/\/ledismile.com\/al\/wp-json\/wp\/v2\/pages\/3070"}],"wp:attachment":[{"href":"https:\/\/ledismile.com\/al\/wp-json\/wp\/v2\/media?parent=3074"}],"curies":[{"name":"wp","href":"https:\/\/api.w.org\/{rel}","templated":true}]}}