{"id":3075,"date":"2022-06-30T09:54:11","date_gmt":"2022-06-30T09:54:11","guid":{"rendered":"http:\/\/ledismile.com\/?page_id=3075"},"modified":"2022-07-06T12:47:54","modified_gmt":"2022-07-06T12:47:54","slug":"sinus-lift-major","status":"publish","type":"page","link":"https:\/\/ledismile.com\/al\/kirurgji-dentare-2\/sinus-lift-major\/","title":{"rendered":"Sinus-lift Major"},"content":{"rendered":"<p>Ngritja e sinusit i referohet shtimit ose ngritjes s\u00eb sinusit maksilar p\u00ebr t\u00eb krijuar m\u00eb shum\u00eb hap\u00ebsir\u00eb \u200b\u200bp\u00ebr kock\u00ebn e re.<\/p>\n<p>Sinuset maksilare jan\u00eb kavitete t\u00eb mbushura me aj\u00ebr q\u00eb ndodhen pak mbi pjes\u00ebn e pasme t\u00eb nofull\u00ebs s\u00eb sip\u00ebrme ose t\u00eb nofull\u00ebs s\u00eb sip\u00ebrme. Duke ngritur sinusin dhe duke shartuar kock\u00ebn n\u00eb mes, ka m\u00eb shum\u00eb kock\u00eb p\u00ebr nj\u00eb mjek p\u00ebr t\u00eb vendosur nj\u00eb implant dentar.<\/p>\n<p>N\u00ebse nuk keni mjaft kock\u00eb t\u00eb nofull\u00ebs s\u00eb sip\u00ebrme, implanti nuk mund t\u00eb ankorohet si\u00e7 duhet dhe implanti juaj i ri dentar nuk mund t\u00eb kryej\u00eb disa detyra m\u00eb t\u00eb v\u00ebshtira, si\u00e7 \u00ebsht\u00eb p\u00ebrtypja.<\/p>\n<p>Pa kocka t\u00eb mjaftueshme, implanti dentar nuk do t\u00eb sigurohet si\u00e7 duhet dhe mund t\u00eb d\u00ebshtoj\u00eb. Disa nga arsyet pse mund t\u00eb keni p\u00ebrjetuar humbje kockore n\u00eb nofull p\u00ebrfshijn\u00eb:<\/p>\n<ul>\n<li>defekte te lindjes<\/li>\n<li>kanceri<\/li>\n<li>variacion natyral, ku kavitetet tuaja t\u00eb sinusit jan\u00eb shum\u00eb t\u00eb m\u00ebdha ose kocka e nofull\u00ebs shum\u00eb e holl\u00eb<\/li>\n<li>s\u00ebmundje periodontale<\/li>\n<\/ul>\n<p>P\u00ebr Sinus-Lift Major nevojitet kock\u00eb artificiale dhe b\u00ebhet hapje laterale.<\/p>\n","protected":false},"excerpt":{"rendered":"<p>Ngritja e sinusit i referohet shtimit ose ngritjes s\u00eb sinusit maksilar p\u00ebr t\u00eb krijuar m\u00eb shum\u00eb hap\u00ebsir\u00eb \u200b\u200bp\u00ebr kock\u00ebn e re. Sinuset maksilare jan\u00eb kavitete t\u00eb mbushura me aj\u00ebr q\u00eb ndodhen pak mbi pjes\u00ebn e pasme t\u00eb nofull\u00ebs s\u00eb sip\u00ebrme ose t\u00eb nofull\u00ebs s\u00eb sip\u00ebrme. Duke ngritur sinusin dhe duke shartuar kock\u00ebn n\u00eb mes, ka m\u00eb shum\u00eb kock\u00eb p\u00ebr nj\u00eb mjek p\u00ebr t\u00eb vendosur nj\u00eb implant dentar. N\u00ebse nuk keni mjaft kock\u00eb t\u00eb nofull\u00ebs s\u00eb sip\u00ebrme, implanti nuk mund t\u00eb ankorohet si\u00e7 duhet dhe implanti juaj i ri dentar nuk mund t\u00eb kryej\u00eb disa detyra m\u00eb t\u00eb v\u00ebshtira, si\u00e7 \u00ebsht\u00eb p\u00ebrtypja. Pa kocka t\u00eb mjaftueshme, implanti dentar nuk do t\u00eb sigurohet si\u00e7 duhet dhe mund t\u00eb d\u00ebshtoj\u00eb. Disa nga arsyet pse mund t\u00eb keni p\u00ebrjetuar humbje kockore n\u00eb nofull p\u00ebrfshijn\u00eb: defekte te lindjes kanceri variacion natyral, ku kavitetet tuaja t\u00eb sinusit jan\u00eb shum\u00eb t\u00eb m\u00ebdha ose kocka e nofull\u00ebs shum\u00eb e holl\u00eb s\u00ebmundje periodontale P\u00ebr Sinus-Lift Major nevojitet kock\u00eb artificiale dhe b\u00ebhet hapje laterale.<\/p>\n","protected":false},"author":1,"featured_media":0,"parent":3070,"menu_order":0,"comment_status":"closed","ping_status":"closed","template":"","meta":{"footnotes":""},"class_list":["post-3075","page","type-page","status-publish","hentry"],"_links":{"self":[{"href":"https:\/\/ledismile.com\/al\/wp-json\/wp\/v2\/pages\/3075","targetHints":{"allow":["GET"]}}],"collection":[{"href":"https:\/\/ledismile.com\/al\/wp-json\/wp\/v2\/pages"}],"about":[{"href":"https:\/\/ledismile.com\/al\/wp-json\/wp\/v2\/types\/page"}],"author":[{"embeddable":true,"href":"https:\/\/ledismile.com\/al\/wp-json\/wp\/v2\/users\/1"}],"replies":[{"embeddable":true,"href":"https:\/\/ledismile.com\/al\/wp-json\/wp\/v2\/comments?post=3075"}],"version-history":[{"count":2,"href":"https:\/\/ledismile.com\/al\/wp-json\/wp\/v2\/pages\/3075\/revisions"}],"predecessor-version":[{"id":3240,"href":"https:\/\/ledismile.com\/al\/wp-json\/wp\/v2\/pages\/3075\/revisions\/3240"}],"up":[{"embeddable":true,"href":"https:\/\/ledismile.com\/al\/wp-json\/wp\/v2\/pages\/3070"}],"wp:attachment":[{"href":"https:\/\/ledismile.com\/al\/wp-json\/wp\/v2\/media?parent=3075"}],"curies":[{"name":"wp","href":"https:\/\/api.w.org\/{rel}","templated":true}]}}