{"id":3076,"date":"2022-06-30T09:54:24","date_gmt":"2022-06-30T09:54:24","guid":{"rendered":"http:\/\/ledismile.com\/?page_id=3076"},"modified":"2022-07-06T12:23:50","modified_gmt":"2022-07-06T12:23:50","slug":"sinus-lift-minor","status":"publish","type":"page","link":"https:\/\/ledismile.com\/al\/kirurgji-dentare-2\/sinus-lift-minor\/","title":{"rendered":"Sinus-Lift Minor"},"content":{"rendered":"\n<p>Ngritja e sinuseve, e quajtur edhe shtimi i sinusit, \u00ebsht\u00eb nj\u00eb procedur\u00eb q\u00eb e b\u00ebn m\u00eb t\u00eb leht\u00eb vendosjen e implanteve dentare. Disa pacient\u00eb kan\u00eb nevoj\u00eb p\u00ebr implante dentare, por kan\u00eb p\u00ebsuar humbje kockore, duke mos pasur mb\u00ebshtetje t\u00eb mjaftueshme kockore t\u00eb nevojshme p\u00ebr implantet. Ju mund t\u00eb merrni mb\u00ebshtetjen q\u00eb ju nevojitet duke b\u00ebr\u00eb nj\u00eb zmadhim t\u00eb sinusit.<\/p>\n\n\n\n<p>Kjo procedur\u00eb rrit sasin\u00eb e kockave n\u00eb nofull\u00ebn e sip\u00ebrme q\u00eb k\u00ebrkohet p\u00ebr implantet dentare. Kjo \u00ebsht\u00eb nj\u00eb nga procedurat m\u00eb t\u00eb zakonshme t\u00eb shartimit t\u00eb kockave p\u00ebr pacient\u00ebt me implant dentar. Nj\u00eb zmadhim i sinusit mund t\u00eb jet\u00eb i nevojsh\u00ebm n\u00ebse ju mungojn\u00eb dh\u00ebmb\u00ebt dhe kocka e nofull\u00ebs n\u00eb pjes\u00ebn e pasme t\u00eb nofull\u00ebs tuaj, af\u00ebr sinuseve. Kocka e nofull\u00ebs dhe dh\u00ebmb\u00ebt n\u00eb k\u00ebt\u00eb zon\u00eb mund t\u00eb humbasin p\u00ebr shkak t\u00eb defekteve t\u00eb lindjes, s\u00ebmundjes periodontale, kancerit, kushteve t\u00eb tjera mjek\u00ebsore ose thjesht procesit t\u00eb sh\u00ebrimit natyror. Nj\u00eb sinus lift mund t\u00eb p\u00ebrdoret gjithashtu n\u00ebse sinuset tuaja jan\u00eb shum\u00eb af\u00ebr nofull\u00ebs s\u00eb sip\u00ebrme dhe keni nevoj\u00eb p\u00ebr m\u00eb shum\u00eb hap\u00ebsir\u00eb \u200b\u200bp\u00ebr t\u00eb vendosur implantin. <\/p>\n\n\n\n<p>Sinus-Lift minor ndodh n\u00eb rastet ku nuk \u00ebsht\u00eb e nevojshme hapja laterale.<\/p>\n","protected":false},"excerpt":{"rendered":"<p>Ngritja e sinuseve, e quajtur edhe shtimi i sinusit, \u00ebsht\u00eb nj\u00eb procedur\u00eb q\u00eb e b\u00ebn m\u00eb t\u00eb leht\u00eb vendosjen e implanteve dentare. Disa pacient\u00eb kan\u00eb nevoj\u00eb p\u00ebr implante dentare, por kan\u00eb p\u00ebsuar humbje kockore, duke mos pasur mb\u00ebshtetje t\u00eb mjaftueshme kockore t\u00eb nevojshme p\u00ebr implantet. Ju mund t\u00eb merrni mb\u00ebshtetjen q\u00eb ju nevojitet duke b\u00ebr\u00eb nj\u00eb zmadhim t\u00eb sinusit. Kjo procedur\u00eb rrit sasin\u00eb e kockave n\u00eb nofull\u00ebn e sip\u00ebrme q\u00eb k\u00ebrkohet p\u00ebr implantet dentare. Kjo \u00ebsht\u00eb nj\u00eb nga procedurat m\u00eb t\u00eb zakonshme t\u00eb shartimit t\u00eb kockave p\u00ebr pacient\u00ebt me implant dentar. Nj\u00eb zmadhim i sinusit mund t\u00eb jet\u00eb i nevojsh\u00ebm n\u00ebse ju mungojn\u00eb dh\u00ebmb\u00ebt dhe kocka e nofull\u00ebs n\u00eb pjes\u00ebn e pasme t\u00eb nofull\u00ebs tuaj, af\u00ebr sinuseve. Kocka e nofull\u00ebs dhe dh\u00ebmb\u00ebt n\u00eb k\u00ebt\u00eb zon\u00eb mund t\u00eb humbasin p\u00ebr shkak t\u00eb defekteve t\u00eb lindjes, s\u00ebmundjes periodontale, kancerit, kushteve t\u00eb tjera mjek\u00ebsore ose thjesht procesit t\u00eb sh\u00ebrimit natyror. Nj\u00eb sinus lift mund t\u00eb p\u00ebrdoret gjithashtu n\u00ebse sinuset tuaja jan\u00eb shum\u00eb af\u00ebr nofull\u00ebs s\u00eb sip\u00ebrme dhe keni nevoj\u00eb p\u00ebr m\u00eb shum\u00eb hap\u00ebsir\u00eb \u200b\u200bp\u00ebr t\u00eb vendosur implantin. Sinus-Lift minor ndodh n\u00eb rastet ku nuk \u00ebsht\u00eb e nevojshme hapja laterale.<\/p>\n","protected":false},"author":1,"featured_media":0,"parent":3070,"menu_order":0,"comment_status":"closed","ping_status":"closed","template":"","meta":{"footnotes":""},"class_list":["post-3076","page","type-page","status-publish","hentry"],"_links":{"self":[{"href":"https:\/\/ledismile.com\/al\/wp-json\/wp\/v2\/pages\/3076","targetHints":{"allow":["GET"]}}],"collection":[{"href":"https:\/\/ledismile.com\/al\/wp-json\/wp\/v2\/pages"}],"about":[{"href":"https:\/\/ledismile.com\/al\/wp-json\/wp\/v2\/types\/page"}],"author":[{"embeddable":true,"href":"https:\/\/ledismile.com\/al\/wp-json\/wp\/v2\/users\/1"}],"replies":[{"embeddable":true,"href":"https:\/\/ledismile.com\/al\/wp-json\/wp\/v2\/comments?post=3076"}],"version-history":[{"count":2,"href":"https:\/\/ledismile.com\/al\/wp-json\/wp\/v2\/pages\/3076\/revisions"}],"predecessor-version":[{"id":3238,"href":"https:\/\/ledismile.com\/al\/wp-json\/wp\/v2\/pages\/3076\/revisions\/3238"}],"up":[{"embeddable":true,"href":"https:\/\/ledismile.com\/al\/wp-json\/wp\/v2\/pages\/3070"}],"wp:attachment":[{"href":"https:\/\/ledismile.com\/al\/wp-json\/wp\/v2\/media?parent=3076"}],"curies":[{"name":"wp","href":"https:\/\/api.w.org\/{rel}","templated":true}]}}