{"id":3077,"date":"2022-06-30T09:54:48","date_gmt":"2022-06-30T09:54:48","guid":{"rendered":"http:\/\/ledismile.com\/?page_id=3077"},"modified":"2022-07-06T14:31:10","modified_gmt":"2022-07-06T14:31:10","slug":"graft-kockor","status":"publish","type":"page","link":"https:\/\/ledismile.com\/al\/kirurgji-dentare-2\/graft-kockor\/","title":{"rendered":"Graft kockor"},"content":{"rendered":"<p>Nj\u00eb transplant kockor dentar shton volumin dhe dend\u00ebsin\u00eb n\u00eb nofull\u00ebn tuaj n\u00eb zonat ku ka ndodhur humbja e kockave. Pasi t\u00eb jet\u00eb vendosur grafti i kock\u00ebs, ai mban hap\u00ebsir\u00eb \u200b\u200bp\u00ebr trupin tuaj p\u00ebr t\u00eb kryer pun\u00ebn e riparimit. Me fjal\u00eb t\u00eb tjera, nj\u00eb transplant kockor dentar \u00ebsht\u00eb si nj\u00eb skel\u00eb mbi t\u00eb cil\u00ebn mund t\u00eb rritet dhe rigjenerohet indi juaj kockor.<\/p>\n<p>N\u00eb disa raste, ofruesi juaj dentar mund t\u00eb kombinoj\u00eb nj\u00eb transplant kockor dentar me plazm\u00ebn e pasur me trombocite (PRP). Kjo \u00ebsht\u00eb marr\u00eb nga nj\u00eb most\u00ebr e gjakut tuaj dhe p\u00ebrdoret p\u00ebr t\u00eb nxitur sh\u00ebrimin dhe rigjenerimin e indeve.<\/p>\n<p>Kush ka nevoj\u00eb p\u00ebr nj\u00eb transplant kockor dentar?<br \/>\nNj\u00eb person me humbje kockore n\u00eb nofull\u00ebn e tij zakonisht ka nevoj\u00eb p\u00ebr nj\u00eb transplant kockor dentar. Kjo procedur\u00eb mund t\u00eb rekomandohet n\u00ebse:<\/p>\n<ul>\n<li>Jan\u00eb duke hequr nj\u00eb dh\u00ebmb.<\/li>\n<li>Planifikoni t\u00eb z\u00ebvend\u00ebsoni nj\u00eb dh\u00ebmb q\u00eb mungon me nj\u00eb implant dentar.<\/li>\n<li>Duhet t\u00eb rind\u00ebrtoni nofull\u00ebn p\u00ebrpara se t\u00eb merrni proteza.<\/li>\n<li>Keni zona me humbje kockore p\u00ebr shkak t\u00eb s\u00ebmundjes s\u00eb mishrave t\u00eb dh\u00ebmb\u00ebve (periodontale).<\/li>\n<\/ul>\n","protected":false},"excerpt":{"rendered":"<p>Nj\u00eb transplant kockor dentar shton volumin dhe dend\u00ebsin\u00eb n\u00eb nofull\u00ebn tuaj n\u00eb zonat ku ka ndodhur humbja e kockave. Pasi t\u00eb jet\u00eb vendosur grafti i kock\u00ebs, ai mban hap\u00ebsir\u00eb \u200b\u200bp\u00ebr trupin tuaj p\u00ebr t\u00eb kryer pun\u00ebn e riparimit. Me fjal\u00eb t\u00eb tjera, nj\u00eb transplant kockor dentar \u00ebsht\u00eb si nj\u00eb skel\u00eb mbi t\u00eb cil\u00ebn mund t\u00eb rritet dhe rigjenerohet indi juaj kockor. N\u00eb disa raste, ofruesi juaj dentar mund t\u00eb kombinoj\u00eb nj\u00eb transplant kockor dentar me plazm\u00ebn e pasur me trombocite (PRP). Kjo \u00ebsht\u00eb marr\u00eb nga nj\u00eb most\u00ebr e gjakut tuaj dhe p\u00ebrdoret p\u00ebr t\u00eb nxitur sh\u00ebrimin dhe rigjenerimin e indeve. Kush ka nevoj\u00eb p\u00ebr nj\u00eb transplant kockor dentar? Nj\u00eb person me humbje kockore n\u00eb nofull\u00ebn e tij zakonisht ka nevoj\u00eb p\u00ebr nj\u00eb transplant kockor dentar. Kjo procedur\u00eb mund t\u00eb rekomandohet n\u00ebse: Jan\u00eb duke hequr nj\u00eb dh\u00ebmb. Planifikoni t\u00eb z\u00ebvend\u00ebsoni nj\u00eb dh\u00ebmb q\u00eb mungon me nj\u00eb implant dentar. Duhet t\u00eb rind\u00ebrtoni nofull\u00ebn p\u00ebrpara se t\u00eb merrni proteza. Keni zona me humbje kockore p\u00ebr shkak t\u00eb s\u00ebmundjes s\u00eb mishrave t\u00eb dh\u00ebmb\u00ebve (periodontale).<\/p>\n","protected":false},"author":1,"featured_media":0,"parent":3070,"menu_order":0,"comment_status":"closed","ping_status":"closed","template":"","meta":{"footnotes":""},"class_list":["post-3077","page","type-page","status-publish","hentry"],"_links":{"self":[{"href":"https:\/\/ledismile.com\/al\/wp-json\/wp\/v2\/pages\/3077","targetHints":{"allow":["GET"]}}],"collection":[{"href":"https:\/\/ledismile.com\/al\/wp-json\/wp\/v2\/pages"}],"about":[{"href":"https:\/\/ledismile.com\/al\/wp-json\/wp\/v2\/types\/page"}],"author":[{"embeddable":true,"href":"https:\/\/ledismile.com\/al\/wp-json\/wp\/v2\/users\/1"}],"replies":[{"embeddable":true,"href":"https:\/\/ledismile.com\/al\/wp-json\/wp\/v2\/comments?post=3077"}],"version-history":[{"count":2,"href":"https:\/\/ledismile.com\/al\/wp-json\/wp\/v2\/pages\/3077\/revisions"}],"predecessor-version":[{"id":3242,"href":"https:\/\/ledismile.com\/al\/wp-json\/wp\/v2\/pages\/3077\/revisions\/3242"}],"up":[{"embeddable":true,"href":"https:\/\/ledismile.com\/al\/wp-json\/wp\/v2\/pages\/3070"}],"wp:attachment":[{"href":"https:\/\/ledismile.com\/al\/wp-json\/wp\/v2\/media?parent=3077"}],"curies":[{"name":"wp","href":"https:\/\/api.w.org\/{rel}","templated":true}]}}