{"id":3078,"date":"2022-06-30T09:55:04","date_gmt":"2022-06-30T09:55:04","guid":{"rendered":"http:\/\/ledismile.com\/?page_id=3078"},"modified":"2022-07-07T14:13:15","modified_gmt":"2022-07-07T14:13:15","slug":"graft-mukozal","status":"publish","type":"page","link":"https:\/\/ledismile.com\/al\/kirurgji-dentare-2\/graft-mukozal\/","title":{"rendered":"Graft mukozal"},"content":{"rendered":"<p>Grafti i mukoz\u00ebs orale \u00ebsht\u00eb nj\u00eb autograft leht\u00ebsisht i aksesuesh\u00ebm q\u00eb mund t\u00eb merret n\u00eb nj\u00eb madh\u00ebsi t\u00eb mjaftueshme p\u00ebr procedura t\u00eb vetme ose t\u00eb shum\u00ebfishta. Mukoza e goj\u00ebs \u00ebsht\u00eb termi i p\u00ebrdorur p\u00ebr t\u00eb p\u00ebrshkruar rreshtimin e indeve t\u00eb buta t\u00eb zgavr\u00ebs me goj\u00eb, duke p\u00ebrfshir\u00eb mukoz\u00ebn bukale dhe gingivat. Ka shum\u00eb funksione t\u00eb ndryshme dhe p\u00ebrb\u00ebhet nga nj\u00eb struktur\u00eb e ve\u00e7ant\u00eb me shtresa q\u00eb \u00ebsht\u00eb e ngjashme me struktur\u00ebn dhe funksionin e l\u00ebkur\u00ebs.<\/p>\n","protected":false},"excerpt":{"rendered":"<p>Grafti i mukoz\u00ebs orale \u00ebsht\u00eb nj\u00eb autograft leht\u00ebsisht i aksesuesh\u00ebm q\u00eb mund t\u00eb merret n\u00eb nj\u00eb madh\u00ebsi t\u00eb mjaftueshme p\u00ebr procedura t\u00eb vetme ose t\u00eb shum\u00ebfishta. Mukoza e goj\u00ebs \u00ebsht\u00eb termi i p\u00ebrdorur p\u00ebr t\u00eb p\u00ebrshkruar rreshtimin e indeve t\u00eb buta t\u00eb zgavr\u00ebs me goj\u00eb, duke p\u00ebrfshir\u00eb mukoz\u00ebn bukale dhe gingivat. Ka shum\u00eb funksione t\u00eb ndryshme dhe p\u00ebrb\u00ebhet nga nj\u00eb struktur\u00eb e ve\u00e7ant\u00eb me shtresa q\u00eb \u00ebsht\u00eb e ngjashme me struktur\u00ebn dhe funksionin e l\u00ebkur\u00ebs.<\/p>\n","protected":false},"author":1,"featured_media":0,"parent":3070,"menu_order":0,"comment_status":"closed","ping_status":"closed","template":"","meta":{"footnotes":""},"class_list":["post-3078","page","type-page","status-publish","hentry"],"_links":{"self":[{"href":"https:\/\/ledismile.com\/al\/wp-json\/wp\/v2\/pages\/3078","targetHints":{"allow":["GET"]}}],"collection":[{"href":"https:\/\/ledismile.com\/al\/wp-json\/wp\/v2\/pages"}],"about":[{"href":"https:\/\/ledismile.com\/al\/wp-json\/wp\/v2\/types\/page"}],"author":[{"embeddable":true,"href":"https:\/\/ledismile.com\/al\/wp-json\/wp\/v2\/users\/1"}],"replies":[{"embeddable":true,"href":"https:\/\/ledismile.com\/al\/wp-json\/wp\/v2\/comments?post=3078"}],"version-history":[{"count":2,"href":"https:\/\/ledismile.com\/al\/wp-json\/wp\/v2\/pages\/3078\/revisions"}],"predecessor-version":[{"id":3244,"href":"https:\/\/ledismile.com\/al\/wp-json\/wp\/v2\/pages\/3078\/revisions\/3244"}],"up":[{"embeddable":true,"href":"https:\/\/ledismile.com\/al\/wp-json\/wp\/v2\/pages\/3070"}],"wp:attachment":[{"href":"https:\/\/ledismile.com\/al\/wp-json\/wp\/v2\/media?parent=3078"}],"curies":[{"name":"wp","href":"https:\/\/api.w.org\/{rel}","templated":true}]}}