{"id":3079,"date":"2022-06-30T09:55:22","date_gmt":"2022-06-30T09:55:22","guid":{"rendered":"http:\/\/ledismile.com\/?page_id=3079"},"modified":"2022-11-08T16:00:43","modified_gmt":"2022-11-08T16:00:43","slug":"heqje-kirurgjikale-e-dhembeve-te-retinuar","status":"publish","type":"page","link":"https:\/\/ledismile.com\/al\/kirurgji-dentare-2\/heqje-kirurgjikale-e-dhembeve-te-retinuar\/","title":{"rendered":"Heqje kirurgjikale e dhembeve te retinuar"},"content":{"rendered":"<p>[vc_row][vc_column][vc_column_text]Heqja kirurgjikale e nj\u00eb dh\u00ebmbi t\u00eb varrosur ose t\u00eb impaktuar \u00ebsht\u00eb nj\u00eb procedur\u00eb p\u00ebr t\u00eb hequr nj\u00eb dh\u00ebmb q\u00eb \u00ebsht\u00eb zhvilluar n\u00eb nj\u00eb pozicion t\u00eb gabuar. Heqja kirurgjikale e dh\u00ebmb\u00ebve t\u00eb impaktuar k\u00ebrkohet kur dh\u00ebmbi nuk ka dal\u00eb n\u00eb zgavr\u00ebn e goj\u00ebs dhe \u00ebsht\u00eb i mbuluar nga inde t\u00eb buta dhe\/ose kocka, dhe procedura k\u00ebrkon prerjen e k\u00ebtyre indeve. Dh\u00ebmb\u00ebt m\u00eb t\u00eb prekur jan\u00eb molar\u00ebt e tret\u00eb dhe kanin\u00ebt nofull, por impaksioni mund t\u00eb ndodh\u00eb me \u00e7do dh\u00ebmb.<\/p>\r\n<p>E gjith\u00eb pro\u00e7edura zakonisht zgjat rreth 30 deri n\u00eb 60 minuta. Dh\u00ebmb\u00ebt q\u00eb nuk jan\u00eb plot\u00ebsisht t\u00eb zhytur n\u00ebn mish, jan\u00eb m\u00eb t\u00eb thjesht\u00eb p\u00ebr t&#8217;u hequr se e anasjellta.<br \/>N\u00eb disa raste, n\u00ebse nj\u00eb dh\u00ebmb i prekur ose i varrosur nuk hiqet, mund t\u00eb \u00e7oj\u00eb n\u00eb probleme t\u00eb m\u00ebtejshme dentare, duke p\u00ebrfshir\u00eb prishjen dhe s\u00ebmundjen e mishrave t\u00eb dh\u00ebmb\u00ebve. Heqja e dh\u00ebmbit ose dh\u00ebmb\u00ebve mund t\u00eb ndihmoj\u00eb n\u00eb zvog\u00eblimin e gjasave q\u00eb kjo t\u00eb ndodh\u00eb.<\/p>\r\n<p>[\/vc_column_text][\/vc_column][\/vc_row][vc_row][vc_column][tm_image image=&#8221;3474&#8243;][\/vc_column][\/vc_row]<\/p>","protected":false},"excerpt":{"rendered":"<p>[vc_row][vc_column][vc_column_text]Heqja kirurgjikale e nj\u00eb dh\u00ebmbi t\u00eb varrosur ose t\u00eb impaktuar \u00ebsht\u00eb nj\u00eb procedur\u00eb p\u00ebr t\u00eb hequr nj\u00eb dh\u00ebmb q\u00eb \u00ebsht\u00eb zhvilluar n\u00eb nj\u00eb pozicion t\u00eb gabuar. Heqja kirurgjikale e dh\u00ebmb\u00ebve t\u00eb impaktuar k\u00ebrkohet kur dh\u00ebmbi nuk ka dal\u00eb n\u00eb zgavr\u00ebn e goj\u00ebs dhe \u00ebsht\u00eb i mbuluar nga inde t\u00eb buta dhe\/ose kocka, dhe procedura k\u00ebrkon prerjen e k\u00ebtyre indeve. Dh\u00ebmb\u00ebt m\u00eb t\u00eb prekur jan\u00eb molar\u00ebt e tret\u00eb dhe kanin\u00ebt nofull, por impaksioni mund t\u00eb ndodh\u00eb me \u00e7do dh\u00ebmb. E gjith\u00eb pro\u00e7edura zakonisht zgjat rreth 30 deri n\u00eb 60 minuta. Dh\u00ebmb\u00ebt q\u00eb nuk jan\u00eb plot\u00ebsisht t\u00eb zhytur n\u00ebn mish, jan\u00eb m\u00eb t\u00eb thjesht\u00eb p\u00ebr t&#8217;u hequr se e anasjellta.N\u00eb disa raste, n\u00ebse nj\u00eb dh\u00ebmb i prekur ose i varrosur nuk hiqet, mund t\u00eb \u00e7oj\u00eb n\u00eb probleme t\u00eb m\u00ebtejshme dentare, duke p\u00ebrfshir\u00eb prishjen dhe s\u00ebmundjen e mishrave t\u00eb dh\u00ebmb\u00ebve. Heqja e dh\u00ebmbit ose dh\u00ebmb\u00ebve mund t\u00eb ndihmoj\u00eb n\u00eb zvog\u00eblimin e gjasave q\u00eb kjo t\u00eb ndodh\u00eb. [\/vc_column_text][\/vc_column][\/vc_row][vc_row][vc_column][tm_image image=&#8221;3474&#8243;][\/vc_column][\/vc_row]<\/p>\n","protected":false},"author":1,"featured_media":0,"parent":3070,"menu_order":0,"comment_status":"closed","ping_status":"closed","template":"","meta":{"footnotes":""},"class_list":["post-3079","page","type-page","status-publish","hentry"],"_links":{"self":[{"href":"https:\/\/ledismile.com\/al\/wp-json\/wp\/v2\/pages\/3079","targetHints":{"allow":["GET"]}}],"collection":[{"href":"https:\/\/ledismile.com\/al\/wp-json\/wp\/v2\/pages"}],"about":[{"href":"https:\/\/ledismile.com\/al\/wp-json\/wp\/v2\/types\/page"}],"author":[{"embeddable":true,"href":"https:\/\/ledismile.com\/al\/wp-json\/wp\/v2\/users\/1"}],"replies":[{"embeddable":true,"href":"https:\/\/ledismile.com\/al\/wp-json\/wp\/v2\/comments?post=3079"}],"version-history":[{"count":4,"href":"https:\/\/ledismile.com\/al\/wp-json\/wp\/v2\/pages\/3079\/revisions"}],"predecessor-version":[{"id":3476,"href":"https:\/\/ledismile.com\/al\/wp-json\/wp\/v2\/pages\/3079\/revisions\/3476"}],"up":[{"embeddable":true,"href":"https:\/\/ledismile.com\/al\/wp-json\/wp\/v2\/pages\/3070"}],"wp:attachment":[{"href":"https:\/\/ledismile.com\/al\/wp-json\/wp\/v2\/media?parent=3079"}],"curies":[{"name":"wp","href":"https:\/\/api.w.org\/{rel}","templated":true}]}}