{"id":3080,"date":"2022-06-30T09:55:38","date_gmt":"2022-06-30T09:55:38","guid":{"rendered":"http:\/\/ledismile.com\/?page_id=3080"},"modified":"2022-11-08T16:05:07","modified_gmt":"2022-11-08T16:05:07","slug":"heqje-kirurgjikale-e-dhemballeve-te-pjekurise","status":"publish","type":"page","link":"https:\/\/ledismile.com\/al\/kirurgji-dentare-2\/heqje-kirurgjikale-e-dhemballeve-te-pjekurise\/","title":{"rendered":"Heqje kirurgjikale e dh\u00ebmball\u00ebve t\u00eb pjekuris\u00eb"},"content":{"rendered":"<p>[vc_row][vc_column][vc_column_text]Shpesh dh\u00ebmball\u00ebt e pjekuris\u00eb krijojn\u00eb probleme, dhe zgjidhja m\u00eb e mir\u00eb n\u00eb k\u00ebto raste \u00ebsht\u00eb heqja e tyre.<\/p>\n<p>Pro\u00e7edura kalon n\u00eb fazat e m\u00ebposhtme:<\/p>\n<ul>\n<li>B\u00ebhet nj\u00eb prerje n\u00eb indin e mishrave t\u00eb dh\u00ebmb\u00ebve p\u00ebr t\u00eb ekspozuar dh\u00ebmbin dhe kock\u00ebn.<\/li>\n<li>Hiqet kocka q\u00eb bllokon hyrjen n\u00eb rr\u00ebnj\u00ebn e dh\u00ebmbit.<\/li>\n<li>Ndahet dh\u00ebmbi n\u00eb pjes\u00eb n\u00ebse \u00ebsht\u00eb m\u00eb e leht\u00eb p\u00ebr t&#8217;u hequr n\u00eb copa.<\/li>\n<li>Kryhet heqja e dh\u00ebmbit.<\/li>\n<li>Pastrohet vendi i dh\u00ebmbit t\u00eb hequr nga \u00e7do mbetje nga dh\u00ebmbi ose kocka.<\/li>\n<li>Qepet plaga p\u00ebr t\u00eb nxitur sh\u00ebrimin, megjith\u00ebse kjo nuk \u00ebsht\u00eb gjithmon\u00eb e nevojshme.<\/li>\n<li>Vendoset garz\u00eb mbi vendin e nxjerrjes p\u00ebr t\u00eb kontrolluar gjakderdhjen dhe p\u00ebr t\u00eb ndihmuar n\u00eb formimin e mpiksjes s\u00eb gjakut.<\/li>\n<\/ul>\n<p>[\/vc_column_text][\/vc_column][\/vc_row][vc_row][vc_column][tm_image image=&#8221;3477&#8243;][\/vc_column][\/vc_row]<\/p>\n","protected":false},"excerpt":{"rendered":"<p>[vc_row][vc_column][vc_column_text]Shpesh dh\u00ebmball\u00ebt e pjekuris\u00eb krijojn\u00eb probleme, dhe zgjidhja m\u00eb e mir\u00eb n\u00eb k\u00ebto raste \u00ebsht\u00eb heqja e tyre. Pro\u00e7edura kalon n\u00eb fazat e m\u00ebposhtme: B\u00ebhet nj\u00eb prerje n\u00eb indin e mishrave t\u00eb dh\u00ebmb\u00ebve p\u00ebr t\u00eb ekspozuar dh\u00ebmbin dhe kock\u00ebn. Hiqet kocka q\u00eb bllokon hyrjen n\u00eb rr\u00ebnj\u00ebn e dh\u00ebmbit. Ndahet dh\u00ebmbi n\u00eb pjes\u00eb n\u00ebse \u00ebsht\u00eb m\u00eb e leht\u00eb p\u00ebr t&#8217;u hequr n\u00eb copa. Kryhet heqja e dh\u00ebmbit. Pastrohet vendi i dh\u00ebmbit t\u00eb hequr nga \u00e7do mbetje nga dh\u00ebmbi ose kocka. Qepet plaga p\u00ebr t\u00eb nxitur sh\u00ebrimin, megjith\u00ebse kjo nuk \u00ebsht\u00eb gjithmon\u00eb e nevojshme. Vendoset garz\u00eb mbi vendin e nxjerrjes p\u00ebr t\u00eb kontrolluar gjakderdhjen dhe p\u00ebr t\u00eb ndihmuar n\u00eb formimin e mpiksjes s\u00eb gjakut. [\/vc_column_text][\/vc_column][\/vc_row][vc_row][vc_column][tm_image image=&#8221;3477&#8243;][\/vc_column][\/vc_row]<\/p>\n","protected":false},"author":1,"featured_media":0,"parent":3070,"menu_order":0,"comment_status":"closed","ping_status":"closed","template":"","meta":{"footnotes":""},"class_list":["post-3080","page","type-page","status-publish","hentry"],"_links":{"self":[{"href":"https:\/\/ledismile.com\/al\/wp-json\/wp\/v2\/pages\/3080","targetHints":{"allow":["GET"]}}],"collection":[{"href":"https:\/\/ledismile.com\/al\/wp-json\/wp\/v2\/pages"}],"about":[{"href":"https:\/\/ledismile.com\/al\/wp-json\/wp\/v2\/types\/page"}],"author":[{"embeddable":true,"href":"https:\/\/ledismile.com\/al\/wp-json\/wp\/v2\/users\/1"}],"replies":[{"embeddable":true,"href":"https:\/\/ledismile.com\/al\/wp-json\/wp\/v2\/comments?post=3080"}],"version-history":[{"count":4,"href":"https:\/\/ledismile.com\/al\/wp-json\/wp\/v2\/pages\/3080\/revisions"}],"predecessor-version":[{"id":3478,"href":"https:\/\/ledismile.com\/al\/wp-json\/wp\/v2\/pages\/3080\/revisions\/3478"}],"up":[{"embeddable":true,"href":"https:\/\/ledismile.com\/al\/wp-json\/wp\/v2\/pages\/3070"}],"wp:attachment":[{"href":"https:\/\/ledismile.com\/al\/wp-json\/wp\/v2\/media?parent=3080"}],"curies":[{"name":"wp","href":"https:\/\/api.w.org\/{rel}","templated":true}]}}