{"id":3081,"date":"2022-06-30T09:55:54","date_gmt":"2022-06-30T09:55:54","guid":{"rendered":"http:\/\/ledismile.com\/?page_id=3081"},"modified":"2022-11-08T16:13:40","modified_gmt":"2022-11-08T16:13:40","slug":"rezeksion-apikal","status":"publish","type":"page","link":"https:\/\/ledismile.com\/al\/kirurgji-dentare-2\/rezeksion-apikal\/","title":{"rendered":"Rezeksion apikal"},"content":{"rendered":"<p>[vc_row][vc_column][vc_column_text]Kirurgjia apikale konsiderohet nj\u00eb procedur\u00eb standarde kirurgjikale orale. Shpesh \u00ebsht\u00eb zgjidhja e fundit p\u00ebr t\u00eb mbajtur kirurgjikisht nj\u00eb dh\u00ebmb me nj\u00eb lezion periapikal q\u00eb nuk mund t\u00eb menaxhohet me (ri-)trajtimin endodontik konvencional. Q\u00ebllimi kryesor i kirurgjis\u00eb apikale \u00ebsht\u00eb t\u00eb parandaloj\u00eb rrjedhjen bakteriale nga sistemi i kanalit rr\u00ebnj\u00eb n\u00eb indet periradikulare duke vendosur nj\u00eb mbushje t\u00eb ngusht\u00eb n\u00eb fund t\u00eb rr\u00ebnj\u00ebs pas heqjes s\u00eb skajit t\u00eb rr\u00ebnj\u00ebs. Klinik\u00ebt k\u00ebshillohen t\u00eb p\u00ebrdorin nj\u00eb mikroskop kirurgjik p\u00ebr t\u00eb kryer operacione apikale p\u00ebr t\u00eb p\u00ebrfituar nga zmadhimi dhe ndri\u00e7imi. P\u00ebr m\u00eb tep\u00ebr, aplikimi i teknikave mikrokirurgjikale n\u00eb kirurgjin\u00eb apikale, d.m.th., incizioni i but\u00eb dhe ngritja e flapeve, prodhimi i nj\u00eb osteotomie t\u00eb vog\u00ebl dhe p\u00ebrdorimi i mikromajave t\u00eb drejtuara nga tingulli ose ultrasonik, do t\u00eb rezultoj\u00eb n\u00eb m\u00eb pak traum\u00eb p\u00ebr pacientin dhe sh\u00ebrim m\u00eb t\u00eb shpejt\u00eb pas operacionit. Nj\u00eb hap i madh n\u00eb kirurgjin\u00eb apikale \u00ebsht\u00eb identifikimi i zonave t\u00eb mundshme t\u00eb rrjedhjeve n\u00eb faqen e rr\u00ebnj\u00ebs s\u00eb prer\u00eb dhe m\u00eb pas sigurimi i mbushjes adekuate t\u00eb skajit t\u00eb rr\u00ebnj\u00ebs. Vet\u00ebm nj\u00eb obturim i ngusht\u00eb dhe i vazhduesh\u00ebm apikal do t\u00eb lejoj\u00eb sh\u00ebrimin periapikal me prognoz\u00eb t\u00eb mir\u00eb afatgjat\u00eb. Punimi aktual p\u00ebrshkruan indikacionet aktuale, teknikat dhe rezultatin e kirurgjis\u00eb apikale.<\/p>\r\n\r\n<p>[\/vc_column_text][\/vc_column][\/vc_row][vc_row][vc_column][tm_image image=&#8221;3480&#8243;][\/vc_column][\/vc_row]<\/p>","protected":false},"excerpt":{"rendered":"<p>[vc_row][vc_column][vc_column_text]Kirurgjia apikale konsiderohet nj\u00eb procedur\u00eb standarde kirurgjikale orale. Shpesh \u00ebsht\u00eb zgjidhja e fundit p\u00ebr t\u00eb mbajtur kirurgjikisht nj\u00eb dh\u00ebmb me nj\u00eb lezion periapikal q\u00eb nuk mund t\u00eb menaxhohet me (ri-)trajtimin endodontik konvencional. Q\u00ebllimi kryesor i kirurgjis\u00eb apikale \u00ebsht\u00eb t\u00eb parandaloj\u00eb rrjedhjen bakteriale nga sistemi i kanalit rr\u00ebnj\u00eb n\u00eb indet periradikulare duke vendosur nj\u00eb mbushje t\u00eb ngusht\u00eb n\u00eb fund t\u00eb rr\u00ebnj\u00ebs pas heqjes s\u00eb skajit t\u00eb rr\u00ebnj\u00ebs. Klinik\u00ebt k\u00ebshillohen t\u00eb p\u00ebrdorin nj\u00eb mikroskop kirurgjik p\u00ebr t\u00eb kryer operacione apikale p\u00ebr t\u00eb p\u00ebrfituar nga zmadhimi dhe ndri\u00e7imi. P\u00ebr m\u00eb tep\u00ebr, aplikimi i teknikave mikrokirurgjikale n\u00eb kirurgjin\u00eb apikale, d.m.th., incizioni i but\u00eb dhe ngritja e flapeve, prodhimi i nj\u00eb osteotomie t\u00eb vog\u00ebl dhe p\u00ebrdorimi i mikromajave t\u00eb drejtuara nga tingulli ose ultrasonik, do t\u00eb rezultoj\u00eb n\u00eb m\u00eb pak traum\u00eb p\u00ebr pacientin dhe sh\u00ebrim m\u00eb t\u00eb shpejt\u00eb pas operacionit. Nj\u00eb hap i madh n\u00eb kirurgjin\u00eb apikale \u00ebsht\u00eb identifikimi i zonave t\u00eb mundshme t\u00eb rrjedhjeve n\u00eb faqen e rr\u00ebnj\u00ebs s\u00eb prer\u00eb dhe m\u00eb pas sigurimi i mbushjes adekuate t\u00eb skajit t\u00eb rr\u00ebnj\u00ebs. Vet\u00ebm nj\u00eb obturim i ngusht\u00eb dhe i vazhduesh\u00ebm apikal do t\u00eb lejoj\u00eb sh\u00ebrimin periapikal me prognoz\u00eb t\u00eb mir\u00eb afatgjat\u00eb. Punimi aktual p\u00ebrshkruan indikacionet aktuale, teknikat dhe rezultatin e kirurgjis\u00eb apikale. [\/vc_column_text][\/vc_column][\/vc_row][vc_row][vc_column][tm_image image=&#8221;3480&#8243;][\/vc_column][\/vc_row]<\/p>\n","protected":false},"author":1,"featured_media":0,"parent":3070,"menu_order":0,"comment_status":"closed","ping_status":"closed","template":"","meta":{"footnotes":""},"class_list":["post-3081","page","type-page","status-publish","hentry"],"_links":{"self":[{"href":"https:\/\/ledismile.com\/al\/wp-json\/wp\/v2\/pages\/3081","targetHints":{"allow":["GET"]}}],"collection":[{"href":"https:\/\/ledismile.com\/al\/wp-json\/wp\/v2\/pages"}],"about":[{"href":"https:\/\/ledismile.com\/al\/wp-json\/wp\/v2\/types\/page"}],"author":[{"embeddable":true,"href":"https:\/\/ledismile.com\/al\/wp-json\/wp\/v2\/users\/1"}],"replies":[{"embeddable":true,"href":"https:\/\/ledismile.com\/al\/wp-json\/wp\/v2\/comments?post=3081"}],"version-history":[{"count":4,"href":"https:\/\/ledismile.com\/al\/wp-json\/wp\/v2\/pages\/3081\/revisions"}],"predecessor-version":[{"id":3481,"href":"https:\/\/ledismile.com\/al\/wp-json\/wp\/v2\/pages\/3081\/revisions\/3481"}],"up":[{"embeddable":true,"href":"https:\/\/ledismile.com\/al\/wp-json\/wp\/v2\/pages\/3070"}],"wp:attachment":[{"href":"https:\/\/ledismile.com\/al\/wp-json\/wp\/v2\/media?parent=3081"}],"curies":[{"name":"wp","href":"https:\/\/api.w.org\/{rel}","templated":true}]}}