{"id":3082,"date":"2022-06-30T09:56:10","date_gmt":"2022-06-30T09:56:10","guid":{"rendered":"http:\/\/ledismile.com\/?page_id=3082"},"modified":"2022-11-08T16:44:02","modified_gmt":"2022-11-08T16:44:02","slug":"heqje-kirurgjikale-e-dhembeve-te-thyer","status":"publish","type":"page","link":"https:\/\/ledismile.com\/al\/kirurgji-dentare-2\/heqje-kirurgjikale-e-dhembeve-te-thyer\/","title":{"rendered":"Heqje kirurgjikale e dh\u00ebmb\u00ebve t\u00eb thyer"},"content":{"rendered":"<p>[vc_row][vc_column][vc_column_text]<br \/>N\u00ebse nj\u00eb dh\u00ebmb thyhet n\u00eb vij\u00ebn e mishrave t\u00eb dh\u00ebmb\u00ebve, dentistit mund t&#8217;i duhet t\u00eb b\u00ebj\u00eb nj\u00eb prerje p\u00ebr t\u00eb hequr copat. M\u00ebnyra e heqjes varet nga vendndodhja dhe gjendja e dh\u00ebmbit. Shumica e rasteve k\u00ebrkojn\u00eb vet\u00ebm nxjerrje t\u00eb thjeshta. Nj\u00eb prerje b\u00ebhet e nevojshme kur dentisti nuk mund ta arrij\u00eb dh\u00ebmbin me mjete. Nxjerrja kirurgjikale shpesh ndodh me dh\u00ebmb\u00ebt e pjekuris\u00eb. Gjat\u00eb k\u00ebsaj procedure t\u00eb nxjerrjes s\u00eb dh\u00ebmbit t\u00eb thyer, mund t\u00eb prisni q\u00eb t\u00eb merrni nj\u00eb injeksion me lidokain\u00eb p\u00ebr t\u00eb mpir\u00eb zon\u00ebn. Disa pacient\u00eb mund t\u00eb ken\u00eb nevoj\u00eb gjithashtu p\u00ebr qet\u00ebsim p\u00ebr t&#8217;u marr\u00eb me procesin.<\/p>\r\n<p>[\/vc_column_text][\/vc_column][\/vc_row][vc_row][vc_column][tm_image image=&#8221;3482&#8243;][\/vc_column][\/vc_row]<\/p>","protected":false},"excerpt":{"rendered":"<p>[vc_row][vc_column][vc_column_text]N\u00ebse nj\u00eb dh\u00ebmb thyhet n\u00eb vij\u00ebn e mishrave t\u00eb dh\u00ebmb\u00ebve, dentistit mund t&#8217;i duhet t\u00eb b\u00ebj\u00eb nj\u00eb prerje p\u00ebr t\u00eb hequr copat. M\u00ebnyra e heqjes varet nga vendndodhja dhe gjendja e dh\u00ebmbit. Shumica e rasteve k\u00ebrkojn\u00eb vet\u00ebm nxjerrje t\u00eb thjeshta. Nj\u00eb prerje b\u00ebhet e nevojshme kur dentisti nuk mund ta arrij\u00eb dh\u00ebmbin me mjete. Nxjerrja kirurgjikale shpesh ndodh me dh\u00ebmb\u00ebt e pjekuris\u00eb. Gjat\u00eb k\u00ebsaj procedure t\u00eb nxjerrjes s\u00eb dh\u00ebmbit t\u00eb thyer, mund t\u00eb prisni q\u00eb t\u00eb merrni nj\u00eb injeksion me lidokain\u00eb p\u00ebr t\u00eb mpir\u00eb zon\u00ebn. Disa pacient\u00eb mund t\u00eb ken\u00eb nevoj\u00eb gjithashtu p\u00ebr qet\u00ebsim p\u00ebr t&#8217;u marr\u00eb me procesin. [\/vc_column_text][\/vc_column][\/vc_row][vc_row][vc_column][tm_image image=&#8221;3482&#8243;][\/vc_column][\/vc_row]<\/p>\n","protected":false},"author":1,"featured_media":0,"parent":3070,"menu_order":0,"comment_status":"closed","ping_status":"closed","template":"","meta":{"footnotes":""},"class_list":["post-3082","page","type-page","status-publish","hentry"],"_links":{"self":[{"href":"https:\/\/ledismile.com\/al\/wp-json\/wp\/v2\/pages\/3082","targetHints":{"allow":["GET"]}}],"collection":[{"href":"https:\/\/ledismile.com\/al\/wp-json\/wp\/v2\/pages"}],"about":[{"href":"https:\/\/ledismile.com\/al\/wp-json\/wp\/v2\/types\/page"}],"author":[{"embeddable":true,"href":"https:\/\/ledismile.com\/al\/wp-json\/wp\/v2\/users\/1"}],"replies":[{"embeddable":true,"href":"https:\/\/ledismile.com\/al\/wp-json\/wp\/v2\/comments?post=3082"}],"version-history":[{"count":4,"href":"https:\/\/ledismile.com\/al\/wp-json\/wp\/v2\/pages\/3082\/revisions"}],"predecessor-version":[{"id":3484,"href":"https:\/\/ledismile.com\/al\/wp-json\/wp\/v2\/pages\/3082\/revisions\/3484"}],"up":[{"embeddable":true,"href":"https:\/\/ledismile.com\/al\/wp-json\/wp\/v2\/pages\/3070"}],"wp:attachment":[{"href":"https:\/\/ledismile.com\/al\/wp-json\/wp\/v2\/media?parent=3082"}],"curies":[{"name":"wp","href":"https:\/\/api.w.org\/{rel}","templated":true}]}}