{"id":3124,"date":"2022-06-30T13:50:23","date_gmt":"2022-06-30T13:50:23","guid":{"rendered":"http:\/\/ledismile.com\/?page_id=3124"},"modified":"2022-11-16T10:02:47","modified_gmt":"2022-11-16T10:02:47","slug":"ortodonci","status":"publish","type":"page","link":"https:\/\/ledismile.com\/al\/ortodonci\/","title":{"rendered":"Ortodonci"},"content":{"rendered":"<p>[vc_row][vc_column width=&#8221;2\/3&#8243;][vc_column_text]Ortodoncia \u00ebsht\u00eb nj\u00eb specialitet stomatologjik q\u00eb trajton diagnoz\u00ebn, parandalimin, menaxhimin dhe korrigjimin e dh\u00ebmb\u00ebve dhe nofullave t\u00eb pozicionuara keq, dhe modeleve t\u00eb kafshimit t\u00eb gabuar. Mund t\u00eb adresoj\u00eb gjithashtu modifikimin e rritjes s\u00eb fytyr\u00ebs, i njohur si ortopedi dentofaciale.[\/vc_column_text][vc_separator color=&#8221;blue&#8221; css=&#8221;.vc_custom_1652451124213{padding-top: 10px !important;padding-bottom: 10px !important;}&#8221;][tm_image image=&#8221;3506&#8243;][\/vc_column][vc_column width=&#8221;1\/3&#8243;][tm_custom_menu align=&#8221;right&#8221; title=&#8221;Ortodonci&#8221; nav_menu=&#8221;ortodonci&#8221;][\/vc_column][\/vc_row]<\/p>\n","protected":false},"excerpt":{"rendered":"<p>[vc_row][vc_column width=&#8221;2\/3&#8243;][vc_column_text]Ortodoncia \u00ebsht\u00eb nj\u00eb specialitet stomatologjik q\u00eb trajton diagnoz\u00ebn, parandalimin, menaxhimin dhe korrigjimin e dh\u00ebmb\u00ebve dhe nofullave t\u00eb pozicionuara keq, dhe modeleve t\u00eb kafshimit t\u00eb gabuar. Mund t\u00eb adresoj\u00eb gjithashtu modifikimin e rritjes s\u00eb fytyr\u00ebs, i njohur si ortopedi dentofaciale.[\/vc_column_text][vc_separator color=&#8221;blue&#8221; css=&#8221;.vc_custom_1652451124213{padding-top: 10px !important;padding-bottom: 10px !important;}&#8221;][tm_image image=&#8221;3506&#8243;][\/vc_column][vc_column width=&#8221;1\/3&#8243;][tm_custom_menu align=&#8221;right&#8221; title=&#8221;Ortodonci&#8221; nav_menu=&#8221;ortodonci&#8221;][\/vc_column][\/vc_row]<\/p>\n","protected":false},"author":1,"featured_media":0,"parent":0,"menu_order":0,"comment_status":"closed","ping_status":"closed","template":"","meta":{"footnotes":""},"class_list":["post-3124","page","type-page","status-publish","hentry"],"_links":{"self":[{"href":"https:\/\/ledismile.com\/al\/wp-json\/wp\/v2\/pages\/3124","targetHints":{"allow":["GET"]}}],"collection":[{"href":"https:\/\/ledismile.com\/al\/wp-json\/wp\/v2\/pages"}],"about":[{"href":"https:\/\/ledismile.com\/al\/wp-json\/wp\/v2\/types\/page"}],"author":[{"embeddable":true,"href":"https:\/\/ledismile.com\/al\/wp-json\/wp\/v2\/users\/1"}],"replies":[{"embeddable":true,"href":"https:\/\/ledismile.com\/al\/wp-json\/wp\/v2\/comments?post=3124"}],"version-history":[{"count":5,"href":"https:\/\/ledismile.com\/al\/wp-json\/wp\/v2\/pages\/3124\/revisions"}],"predecessor-version":[{"id":3507,"href":"https:\/\/ledismile.com\/al\/wp-json\/wp\/v2\/pages\/3124\/revisions\/3507"}],"wp:attachment":[{"href":"https:\/\/ledismile.com\/al\/wp-json\/wp\/v2\/media?parent=3124"}],"curies":[{"name":"wp","href":"https:\/\/api.w.org\/{rel}","templated":true}]}}