{"id":3133,"date":"2022-06-30T15:58:46","date_gmt":"2022-06-30T15:58:46","guid":{"rendered":"http:\/\/ledismile.com\/?page_id=3133"},"modified":"2022-11-16T11:52:00","modified_gmt":"2022-11-16T11:52:00","slug":"zgjarues-maxilar","status":"publish","type":"page","link":"https:\/\/ledismile.com\/al\/ortodonci\/zgjarues-maxilar\/","title":{"rendered":"Zgjerues maxilar"},"content":{"rendered":"<p>[vc_row][vc_column][vc_column_text]Zgjeruesi palatal \u00ebsht\u00eb nj\u00eb pajisje n\u00eb fush\u00ebn e ortodoncis\u00eb e cila p\u00ebrdoret p\u00ebr zgjerimin e nofull\u00ebs s\u00eb sip\u00ebrme (maksil\u00ebs)n\u00eb m\u00ebnyr\u00eb q\u00eb dh\u00ebmb\u00ebt e posht\u00ebm dhe t\u00eb sip\u00ebrm t\u00eb p\u00ebrshtaten m\u00eb mir\u00eb s\u00eb bashku. Kjo \u00ebsht\u00eb nj\u00eb procedur\u00eb e zakonshme ortodontike. Edhe pse p\u00ebrdorimi i nj\u00eb zgjeruesi \u00ebsht\u00eb m\u00eb i zakonsh\u00ebm tek f\u00ebmij\u00ebt dhe adoleshent\u00ebt 8-18 vje\u00e7, ai mund t\u00eb p\u00ebrdoret edhe tek t\u00eb rriturit, megjith\u00ebse zgjerimi \u00ebsht\u00eb pak m\u00eb i pak\u00ebndsh\u00ebm dhe zgjat m\u00eb shum\u00eb. Nj\u00eb pacient q\u00eb m\u00eb mir\u00eb nuk do t\u00eb pres\u00eb disa muaj p\u00ebr rezultatin p\u00ebrfundimtar nga nj\u00eb zgjerues palatal mund t\u00eb jet\u00eb n\u00eb gjendje t\u00eb zgjedh\u00eb nj\u00eb ndarje kirurgjikale t\u00eb maksill\u00ebs. P\u00ebrdorimi i nj\u00eb zgjeruesi palatal m\u00eb s\u00eb shpeshti ndiqet nga mbajt\u00ebset p\u00ebr t\u00eb rregulluar m\u00eb pas dh\u00ebmb\u00ebt.<\/p>\n<p>Besohet se terapia e zgjerimit duhet t\u00eb fillohet te pacient\u00ebt ose para ose gjat\u00eb rritjes s\u00eb tyre maksimale. P\u00ebr t\u00eb arritur ndryshime maksimale t\u00eb skeletit, terapia zakonisht fillon n\u00eb nj\u00eb mosh\u00eb shum\u00eb t\u00eb hershme. Terapia e zgjerimit e kryer pas kulmit t\u00eb rritjes do t\u00eb \u00e7oj\u00eb n\u00eb m\u00eb shum\u00eb ndryshime dentare sesa skeletore, gj\u00eb q\u00eb \u00e7on n\u00eb maj\u00eb t\u00eb dh\u00ebmb\u00ebve bukal\u00eb.<\/p>\n<p>Zgjerimi maksilar indikohet n\u00eb rastet me nj\u00eb ndryshim n\u00eb gjer\u00ebsin\u00eb e nofull\u00ebs s\u00eb sip\u00ebrme me nofull\u00ebn e poshtme t\u00eb barabart\u00eb ose m\u00eb t\u00eb madhe se 4 mm. Zakonisht kjo matet nga gjer\u00ebsia e pjes\u00ebs s\u00eb jashtme t\u00eb molar\u00ebve t\u00eb par\u00eb n\u00eb nofull\u00ebn e sip\u00ebrme n\u00eb krahasim me nofull\u00ebn e poshtme, duke marr\u00eb parasysh q\u00eb dh\u00ebmball\u00ebk\u00ebt shpesh do t\u00eb kthehen nga jasht\u00eb p\u00ebr t\u00eb kompensuar ndryshimin. Zgjerimi i shpejt\u00eb i qiellz\u00ebs p\u00ebrdoret gjithashtu n\u00eb riparimin e qiellz\u00ebs s\u00eb \u00e7ar\u00eb dhe p\u00ebr t\u00eb fituar hap\u00ebsir\u00eb \u200b\u200b\u200b\u200bp\u00ebr dh\u00ebmb\u00ebt n\u00eb pacient\u00ebt me grumbullim t\u00eb moderuar t\u00eb dh\u00ebmb\u00ebve n\u00eb nofull\u00ebn e sip\u00ebrme.[\/vc_column_text][\/vc_column][\/vc_row][vc_row][vc_column][tm_image image=&#8221;3516&#8243;][\/vc_column][\/vc_row]<\/p>\n","protected":false},"excerpt":{"rendered":"<p>[vc_row][vc_column][vc_column_text]Zgjeruesi palatal \u00ebsht\u00eb nj\u00eb pajisje n\u00eb fush\u00ebn e ortodoncis\u00eb e cila p\u00ebrdoret p\u00ebr zgjerimin e nofull\u00ebs s\u00eb sip\u00ebrme (maksil\u00ebs)n\u00eb m\u00ebnyr\u00eb q\u00eb dh\u00ebmb\u00ebt e posht\u00ebm dhe t\u00eb sip\u00ebrm t\u00eb p\u00ebrshtaten m\u00eb mir\u00eb s\u00eb bashku. Kjo \u00ebsht\u00eb nj\u00eb procedur\u00eb e zakonshme ortodontike. Edhe pse p\u00ebrdorimi i nj\u00eb zgjeruesi \u00ebsht\u00eb m\u00eb i zakonsh\u00ebm tek f\u00ebmij\u00ebt dhe adoleshent\u00ebt 8-18 vje\u00e7, ai mund t\u00eb p\u00ebrdoret edhe tek t\u00eb rriturit, megjith\u00ebse zgjerimi \u00ebsht\u00eb pak m\u00eb i pak\u00ebndsh\u00ebm dhe zgjat m\u00eb shum\u00eb. Nj\u00eb pacient q\u00eb m\u00eb mir\u00eb nuk do t\u00eb pres\u00eb disa muaj p\u00ebr rezultatin p\u00ebrfundimtar nga nj\u00eb zgjerues palatal mund t\u00eb jet\u00eb n\u00eb gjendje t\u00eb zgjedh\u00eb nj\u00eb ndarje kirurgjikale t\u00eb maksill\u00ebs. P\u00ebrdorimi i nj\u00eb zgjeruesi palatal m\u00eb s\u00eb shpeshti ndiqet nga mbajt\u00ebset p\u00ebr t\u00eb rregulluar m\u00eb pas dh\u00ebmb\u00ebt. Besohet se terapia e zgjerimit duhet t\u00eb fillohet te pacient\u00ebt ose para ose gjat\u00eb rritjes s\u00eb tyre maksimale. P\u00ebr t\u00eb arritur ndryshime maksimale t\u00eb skeletit, terapia zakonisht fillon n\u00eb nj\u00eb mosh\u00eb shum\u00eb t\u00eb hershme. Terapia e zgjerimit e kryer pas kulmit t\u00eb rritjes do t\u00eb \u00e7oj\u00eb n\u00eb m\u00eb shum\u00eb ndryshime dentare sesa skeletore, gj\u00eb q\u00eb \u00e7on n\u00eb maj\u00eb t\u00eb dh\u00ebmb\u00ebve bukal\u00eb. Zgjerimi maksilar indikohet n\u00eb rastet me nj\u00eb ndryshim n\u00eb gjer\u00ebsin\u00eb e nofull\u00ebs s\u00eb sip\u00ebrme me nofull\u00ebn e poshtme t\u00eb barabart\u00eb ose m\u00eb t\u00eb madhe se 4 mm. Zakonisht kjo matet nga gjer\u00ebsia e pjes\u00ebs s\u00eb jashtme t\u00eb molar\u00ebve t\u00eb par\u00eb n\u00eb nofull\u00ebn e sip\u00ebrme n\u00eb krahasim me nofull\u00ebn e poshtme, duke marr\u00eb parasysh q\u00eb dh\u00ebmball\u00ebk\u00ebt shpesh do t\u00eb kthehen nga jasht\u00eb p\u00ebr t\u00eb kompensuar ndryshimin. Zgjerimi i shpejt\u00eb i qiellz\u00ebs p\u00ebrdoret gjithashtu n\u00eb riparimin e qiellz\u00ebs s\u00eb \u00e7ar\u00eb dhe p\u00ebr t\u00eb fituar hap\u00ebsir\u00eb \u200b\u200b\u200b\u200bp\u00ebr dh\u00ebmb\u00ebt n\u00eb pacient\u00ebt me grumbullim t\u00eb moderuar t\u00eb dh\u00ebmb\u00ebve n\u00eb nofull\u00ebn e sip\u00ebrme.[\/vc_column_text][\/vc_column][\/vc_row][vc_row][vc_column][tm_image image=&#8221;3516&#8243;][\/vc_column][\/vc_row]<\/p>\n","protected":false},"author":1,"featured_media":0,"parent":3124,"menu_order":0,"comment_status":"closed","ping_status":"closed","template":"","meta":{"footnotes":""},"class_list":["post-3133","page","type-page","status-publish","hentry"],"_links":{"self":[{"href":"https:\/\/ledismile.com\/al\/wp-json\/wp\/v2\/pages\/3133","targetHints":{"allow":["GET"]}}],"collection":[{"href":"https:\/\/ledismile.com\/al\/wp-json\/wp\/v2\/pages"}],"about":[{"href":"https:\/\/ledismile.com\/al\/wp-json\/wp\/v2\/types\/page"}],"author":[{"embeddable":true,"href":"https:\/\/ledismile.com\/al\/wp-json\/wp\/v2\/users\/1"}],"replies":[{"embeddable":true,"href":"https:\/\/ledismile.com\/al\/wp-json\/wp\/v2\/comments?post=3133"}],"version-history":[{"count":5,"href":"https:\/\/ledismile.com\/al\/wp-json\/wp\/v2\/pages\/3133\/revisions"}],"predecessor-version":[{"id":3518,"href":"https:\/\/ledismile.com\/al\/wp-json\/wp\/v2\/pages\/3133\/revisions\/3518"}],"up":[{"embeddable":true,"href":"https:\/\/ledismile.com\/al\/wp-json\/wp\/v2\/pages\/3124"}],"wp:attachment":[{"href":"https:\/\/ledismile.com\/al\/wp-json\/wp\/v2\/media?parent=3133"}],"curies":[{"name":"wp","href":"https:\/\/api.w.org\/{rel}","templated":true}]}}