{"id":3135,"date":"2022-06-30T15:58:46","date_gmt":"2022-06-30T15:58:46","guid":{"rendered":"http:\/\/ledismile.com\/ortodonci\/ortodonci-interceptive-parandalimi-i-anomalive-te-pozicionimit-te-nofullave-2\/"},"modified":"2022-07-12T13:49:53","modified_gmt":"2022-07-12T13:49:53","slug":"ortodonci-interceptive-parandalimi-i-anomalive-te-pozicionimit-te-nofullave-2","status":"publish","type":"page","link":"https:\/\/ledismile.com\/al\/ortodonci\/ortodonci-interceptive-parandalimi-i-anomalive-te-pozicionimit-te-nofullave-2\/","title":{"rendered":"Ortodonci interceptive &#8211; parandalimi i anomalive te pozicionimit te nofullave"},"content":{"rendered":"<p style=\"text-align: left;\">Ortodoncia parandaluese \u00ebsht\u00eb veprimi i nd\u00ebrmarr\u00eb p\u00ebr t\u00eb ruajtur integritetin e asaj q\u00eb duket t\u00eb jet\u00eb normale n\u00eb nj\u00eb koh\u00eb t\u00eb caktuar. \u00c7do procedur\u00eb q\u00eb tenton t\u00eb shmang\u00eb sulmet e pafavorshme mjedisore ose \u00e7do gj\u00eb q\u00eb do t\u00eb ndryshonte rrjedh\u00ebn normale t\u00eb ngjarjeve, p.sh.<\/p>\n<p style=\"text-align: left;\">1. Lidhja e hershme e kariesit proksimal q\u00eb mund t\u00eb ndryshoj\u00eb gjat\u00ebsin\u00eb e harkut.<\/p>\n<p style=\"text-align: left;\">2. Njohja e hershme dhe eliminimi i zakoneve orale q\u00eb mund t\u00eb nd\u00ebrhyjn\u00eb n\u00eb zhvillimin normal t\u00eb dh\u00ebmb\u00ebve dhe nofullave.<\/p>\n<p style=\"text-align: left;\">3. Vendosja e nj\u00eb mbajt\u00ebse hap\u00ebsire p\u00ebr t\u00eb mbajtur pozicionin e duhur t\u00eb dh\u00ebmb\u00ebve ngjitur Ortodoncia interceptive p\u00ebrdoret p\u00ebr t\u00eb njohur dhe eliminuar parregullsit\u00eb e mundshme dhe pozicionin e gabuar n\u00eb kompleksin dentofacial n\u00eb zhvillim. K\u00ebto procedura p\u00ebrdoren p\u00ebr t\u00eb zvog\u00ebluar ose eliminuar ashp\u00ebrsin\u00eb e zhvillimit t\u00eb malokluzionit. p.sh. nxjerrja serike.<\/p>\n<p style=\"text-align: left;\">Ai inkurajon pritjet e pap\u00ebrshtatshme nga trajtimi, duke n\u00ebnkuptuar se n\u00ebse trajtimi i duhur b\u00ebhet n\u00eb mosh\u00eb t\u00eb hershme, at\u00ebher\u00eb nuk do t\u00eb nevojitet trajtim i m\u00ebtejsh\u00ebm. Koncepti aktual \u00ebsht\u00eb se shumica e f\u00ebmij\u00ebve, t\u00eb cil\u00ebt kan\u00eb pasur trajtim ortodontik n\u00eb vitet para adoleshenc\u00ebs, do t\u00eb ken\u00eb nevoj\u00eb p\u00ebr nj\u00eb faz\u00eb t\u00eb dyt\u00eb t\u00eb trajtimit pas daljes s\u00eb dh\u00ebmb\u00ebve t\u00eb p\u00ebrhersh\u00ebm pasardh\u00ebs. P\u00ebrkund\u00ebr k\u00ebsaj, trajtimi n\u00eb dh\u00ebmb\u00ebt miks ose primar mund t\u00eb jet\u00eb shum\u00eb i dobish\u00ebm.<\/p>\n\n\n<p><\/p>\n","protected":false},"excerpt":{"rendered":"<p>Ortodoncia parandaluese \u00ebsht\u00eb veprimi i nd\u00ebrmarr\u00eb p\u00ebr t\u00eb ruajtur integritetin e asaj q\u00eb duket t\u00eb jet\u00eb normale n\u00eb nj\u00eb koh\u00eb t\u00eb caktuar. \u00c7do procedur\u00eb q\u00eb tenton t\u00eb shmang\u00eb sulmet e pafavorshme mjedisore ose \u00e7do gj\u00eb q\u00eb do t\u00eb ndryshonte rrjedh\u00ebn normale t\u00eb ngjarjeve, p.sh. 1. Lidhja e hershme e kariesit proksimal q\u00eb mund t\u00eb ndryshoj\u00eb gjat\u00ebsin\u00eb e harkut. 2. Njohja e hershme dhe eliminimi i zakoneve orale q\u00eb mund t\u00eb nd\u00ebrhyjn\u00eb n\u00eb zhvillimin normal t\u00eb dh\u00ebmb\u00ebve dhe nofullave. 3. Vendosja e nj\u00eb mbajt\u00ebse hap\u00ebsire p\u00ebr t\u00eb mbajtur pozicionin e duhur t\u00eb dh\u00ebmb\u00ebve ngjitur Ortodoncia interceptive p\u00ebrdoret p\u00ebr t\u00eb njohur dhe eliminuar parregullsit\u00eb e mundshme dhe pozicionin e gabuar n\u00eb kompleksin dentofacial n\u00eb zhvillim. K\u00ebto procedura p\u00ebrdoren p\u00ebr t\u00eb zvog\u00ebluar ose eliminuar ashp\u00ebrsin\u00eb e zhvillimit t\u00eb malokluzionit. p.sh. nxjerrja serike. Ai inkurajon pritjet e pap\u00ebrshtatshme nga trajtimi, duke n\u00ebnkuptuar se n\u00ebse trajtimi i duhur b\u00ebhet n\u00eb mosh\u00eb t\u00eb hershme, at\u00ebher\u00eb nuk do t\u00eb nevojitet trajtim i m\u00ebtejsh\u00ebm. Koncepti aktual \u00ebsht\u00eb se shumica e f\u00ebmij\u00ebve, t\u00eb cil\u00ebt kan\u00eb pasur trajtim ortodontik n\u00eb vitet para adoleshenc\u00ebs, do t\u00eb ken\u00eb nevoj\u00eb p\u00ebr nj\u00eb faz\u00eb t\u00eb dyt\u00eb t\u00eb trajtimit pas daljes s\u00eb dh\u00ebmb\u00ebve t\u00eb p\u00ebrhersh\u00ebm pasardh\u00ebs. P\u00ebrkund\u00ebr k\u00ebsaj, trajtimi n\u00eb dh\u00ebmb\u00ebt miks ose primar mund t\u00eb jet\u00eb shum\u00eb i dobish\u00ebm.<\/p>\n","protected":false},"author":1,"featured_media":0,"parent":3124,"menu_order":0,"comment_status":"closed","ping_status":"closed","template":"","meta":{"footnotes":""},"class_list":["post-3135","page","type-page","status-publish","hentry"],"_links":{"self":[{"href":"https:\/\/ledismile.com\/al\/wp-json\/wp\/v2\/pages\/3135","targetHints":{"allow":["GET"]}}],"collection":[{"href":"https:\/\/ledismile.com\/al\/wp-json\/wp\/v2\/pages"}],"about":[{"href":"https:\/\/ledismile.com\/al\/wp-json\/wp\/v2\/types\/page"}],"author":[{"embeddable":true,"href":"https:\/\/ledismile.com\/al\/wp-json\/wp\/v2\/users\/1"}],"replies":[{"embeddable":true,"href":"https:\/\/ledismile.com\/al\/wp-json\/wp\/v2\/comments?post=3135"}],"version-history":[{"count":1,"href":"https:\/\/ledismile.com\/al\/wp-json\/wp\/v2\/pages\/3135\/revisions"}],"predecessor-version":[{"id":3249,"href":"https:\/\/ledismile.com\/al\/wp-json\/wp\/v2\/pages\/3135\/revisions\/3249"}],"up":[{"embeddable":true,"href":"https:\/\/ledismile.com\/al\/wp-json\/wp\/v2\/pages\/3124"}],"wp:attachment":[{"href":"https:\/\/ledismile.com\/al\/wp-json\/wp\/v2\/media?parent=3135"}],"curies":[{"name":"wp","href":"https:\/\/api.w.org\/{rel}","templated":true}]}}