{"id":3136,"date":"2022-06-30T16:01:39","date_gmt":"2022-06-30T16:01:39","guid":{"rendered":"http:\/\/ledismile.com\/?page_id=3136"},"modified":"2022-11-16T11:24:22","modified_gmt":"2022-11-16T11:24:22","slug":"aparat-ortodontik-fix-me-braketa-metalike","status":"publish","type":"page","link":"https:\/\/ledismile.com\/al\/ortodonci\/aparat-ortodontik-fix-me-braketa-metalike\/","title":{"rendered":"Aparat ortodontik fix me braketa metalike"},"content":{"rendered":"<p>[vc_row][vc_column][vc_column_text]Pajisja metalike p\u00ebrmban braketa metalike t\u00eb cilat fiksohen n\u00eb \u00e7do dh\u00ebmb me tel t\u00eb posa\u00e7\u00ebm, ku k\u00ebto brekta ngjiten me nj\u00ebri-tjetrin dhe me tel ortodontik. K\u00ebto braketa i shtyjn\u00eb but\u00ebsisht dh\u00ebmb\u00ebt n\u00eb pozicionin e duhur. Pajisjet fikse (ose mbajt\u00ebset) p\u00ebrb\u00ebhen nga braketa t\u00eb vogla q\u00eb ngjiten n\u00eb sip\u00ebrfaqen e p\u00ebrparme t\u00eb dh\u00ebmb\u00ebve me nj\u00eb ngjit\u00ebs dentar dhe lidhen me nj\u00eb tel t\u00eb holl\u00eb q\u00eb mbahet n\u00eb vend me sythe elastike. Teli \u00ebsht\u00eb i holl\u00eb dhe fleksib\u00ebl n\u00eb fillim, dhe nd\u00ebrsa trajtimi p\u00ebrparon, ai b\u00ebhet m\u00eb i ngurt\u00eb, duke l\u00ebvizur n\u00eb m\u00ebnyr\u00eb efektive dh\u00ebmb\u00ebt n\u00eb pozicionin e d\u00ebshiruar. Var\u00ebsisht se sa i r\u00ebnd\u00eb \u00ebsht\u00eb problemi, ky trajtim mund t\u00eb zgjas\u00eb diku nga gjasht\u00eb deri n\u00eb 30 muaj.<\/p>\n<p>Braketat tradicionale metalike jan\u00eb lloji m\u00eb i zakonsh\u00ebm i pajisjeve fikse. Ato jan\u00eb b\u00ebr\u00eb nga shirita metalik\u00eb, kllapa dhe tela, dhe ju mund t\u00eb zgjidhni elastik\u00eb shum\u00ebngjyr\u00ebsh q\u00eb kllapat t\u00eb dallohen. Ky lloj trajtimi \u00ebsht\u00eb i besuesh\u00ebm, efektiv dhe ekonomik, dhe n\u00eb dit\u00ebt e sotme, edhe m\u00eb i rehatsh\u00ebm p\u00ebr t&#8217;u mbajtur.[\/vc_column_text][\/vc_column][\/vc_row][vc_row][vc_column][tm_image image=&#8221;3514&#8243;][\/vc_column][\/vc_row]<\/p>\n","protected":false},"excerpt":{"rendered":"<p>[vc_row][vc_column][vc_column_text]Pajisja metalike p\u00ebrmban braketa metalike t\u00eb cilat fiksohen n\u00eb \u00e7do dh\u00ebmb me tel t\u00eb posa\u00e7\u00ebm, ku k\u00ebto brekta ngjiten me nj\u00ebri-tjetrin dhe me tel ortodontik. K\u00ebto braketa i shtyjn\u00eb but\u00ebsisht dh\u00ebmb\u00ebt n\u00eb pozicionin e duhur. Pajisjet fikse (ose mbajt\u00ebset) p\u00ebrb\u00ebhen nga braketa t\u00eb vogla q\u00eb ngjiten n\u00eb sip\u00ebrfaqen e p\u00ebrparme t\u00eb dh\u00ebmb\u00ebve me nj\u00eb ngjit\u00ebs dentar dhe lidhen me nj\u00eb tel t\u00eb holl\u00eb q\u00eb mbahet n\u00eb vend me sythe elastike. Teli \u00ebsht\u00eb i holl\u00eb dhe fleksib\u00ebl n\u00eb fillim, dhe nd\u00ebrsa trajtimi p\u00ebrparon, ai b\u00ebhet m\u00eb i ngurt\u00eb, duke l\u00ebvizur n\u00eb m\u00ebnyr\u00eb efektive dh\u00ebmb\u00ebt n\u00eb pozicionin e d\u00ebshiruar. Var\u00ebsisht se sa i r\u00ebnd\u00eb \u00ebsht\u00eb problemi, ky trajtim mund t\u00eb zgjas\u00eb diku nga gjasht\u00eb deri n\u00eb 30 muaj. Braketat tradicionale metalike jan\u00eb lloji m\u00eb i zakonsh\u00ebm i pajisjeve fikse. Ato jan\u00eb b\u00ebr\u00eb nga shirita metalik\u00eb, kllapa dhe tela, dhe ju mund t\u00eb zgjidhni elastik\u00eb shum\u00ebngjyr\u00ebsh q\u00eb kllapat t\u00eb dallohen. Ky lloj trajtimi \u00ebsht\u00eb i besuesh\u00ebm, efektiv dhe ekonomik, dhe n\u00eb dit\u00ebt e sotme, edhe m\u00eb i rehatsh\u00ebm p\u00ebr t&#8217;u mbajtur.[\/vc_column_text][\/vc_column][\/vc_row][vc_row][vc_column][tm_image image=&#8221;3514&#8243;][\/vc_column][\/vc_row]<\/p>\n","protected":false},"author":1,"featured_media":0,"parent":3124,"menu_order":0,"comment_status":"closed","ping_status":"closed","template":"","meta":{"footnotes":""},"class_list":["post-3136","page","type-page","status-publish","hentry"],"_links":{"self":[{"href":"https:\/\/ledismile.com\/al\/wp-json\/wp\/v2\/pages\/3136","targetHints":{"allow":["GET"]}}],"collection":[{"href":"https:\/\/ledismile.com\/al\/wp-json\/wp\/v2\/pages"}],"about":[{"href":"https:\/\/ledismile.com\/al\/wp-json\/wp\/v2\/types\/page"}],"author":[{"embeddable":true,"href":"https:\/\/ledismile.com\/al\/wp-json\/wp\/v2\/users\/1"}],"replies":[{"embeddable":true,"href":"https:\/\/ledismile.com\/al\/wp-json\/wp\/v2\/comments?post=3136"}],"version-history":[{"count":4,"href":"https:\/\/ledismile.com\/al\/wp-json\/wp\/v2\/pages\/3136\/revisions"}],"predecessor-version":[{"id":3515,"href":"https:\/\/ledismile.com\/al\/wp-json\/wp\/v2\/pages\/3136\/revisions\/3515"}],"up":[{"embeddable":true,"href":"https:\/\/ledismile.com\/al\/wp-json\/wp\/v2\/pages\/3124"}],"wp:attachment":[{"href":"https:\/\/ledismile.com\/al\/wp-json\/wp\/v2\/media?parent=3136"}],"curies":[{"name":"wp","href":"https:\/\/api.w.org\/{rel}","templated":true}]}}