{"id":3137,"date":"2022-06-30T16:02:09","date_gmt":"2022-06-30T16:02:09","guid":{"rendered":"http:\/\/ledismile.com\/?page_id=3137"},"modified":"2022-11-16T11:24:16","modified_gmt":"2022-11-16T11:24:16","slug":"aparat-ortodontik-fix-me-braketa-qeramike","status":"publish","type":"page","link":"https:\/\/ledismile.com\/al\/ortodonci\/aparat-ortodontik-fix-me-braketa-qeramike\/","title":{"rendered":"Aparat ortodontik fix me braketa qeramike"},"content":{"rendered":"<p>[vc_row][vc_column][vc_column_text]Braketat qeramike, t\u00eb quajtura shpeshher\u00eb dhe &#8220;t\u00eb bardha&#8221; ose &#8220;baketa t\u00eb qarta&#8221; jan\u00eb nj\u00eb form\u00eb e pajisjes ortodontike konvencionale duke p\u00ebrdorur braketa t\u00eb cilat jan\u00eb t\u00eb fiksuara n\u00eb dh\u00ebmb\u00eb dhe tela t\u00eb cil\u00ebt jan\u00eb t\u00eb lidhur n\u00eb kllapa.<\/p>\n<p>Dallimi i tyre kryesor nga mbajt\u00ebset metalike \u00ebsht\u00eb thjesht lloji i braketa q\u00eb p\u00ebrdoret. Me mbajt\u00ebse qeramike, ato jan\u00eb t\u00eb qarta ose me ngjyr\u00eb dh\u00ebmb\u00ebsh (t\u00eb bardh\u00eb), jo metalike.<\/p>\n<p>Duhet t\u00eb p\u00ebrdoret ende nj\u00eb tel metalik, i cili kalon n\u00eb mes t\u00eb kllapave.<\/p>\n<p>Ky tel metalik mund t\u00eb ket\u00eb nj\u00eb shtres\u00eb me ngjyr\u00eb dh\u00ebmbi q\u00eb e b\u00ebn telin m\u00eb pak t\u00eb duksh\u00ebm. Veshja n\u00eb tel mund t\u00eb konsumohet gradualisht ose t\u00eb fshihet midis takimeve t\u00eb rregullimit. N\u00ebse kjo ndodh shum\u00eb, nj\u00eb tel i ri i veshur mund t\u00eb vendoset n\u00eb takimin e rregullimit.<\/p>\n<p>Teli mbahet n\u00eb vend n\u00eb braketa t\u00eb \u00e7do dh\u00ebmbi n\u00ebp\u00ebrmjet nj\u00eb brezi elastik ose lidh\u00ebse metalike t\u00eb veshur pak.<\/p>\n<p>N\u00eb rastin e mbajt\u00ebseve qeramike, nj\u00eb braket\u00eb argjendi p\u00ebrdoret shpesh n\u00eb dh\u00ebmb\u00ebt molar\u00eb t\u00eb pasm\u00eb.<\/p>\n<p>Avantazhi kryesor i zgjedhjes s\u00eb mbajt\u00ebseve qeramike \u00ebsht\u00eb se krijon nj\u00eb pamje m\u00eb t\u00eb k\u00ebndshme, m\u00eb pak t\u00eb dukshme p\u00ebr pacientin, ve\u00e7an\u00ebrisht nga distanca.[\/vc_column_text][\/vc_column][\/vc_row][vc_row][vc_column][tm_image image=&#8221;3511&#8243;][\/vc_column][\/vc_row]<\/p>\n","protected":false},"excerpt":{"rendered":"<p>[vc_row][vc_column][vc_column_text]Braketat qeramike, t\u00eb quajtura shpeshher\u00eb dhe &#8220;t\u00eb bardha&#8221; ose &#8220;baketa t\u00eb qarta&#8221; jan\u00eb nj\u00eb form\u00eb e pajisjes ortodontike konvencionale duke p\u00ebrdorur braketa t\u00eb cilat jan\u00eb t\u00eb fiksuara n\u00eb dh\u00ebmb\u00eb dhe tela t\u00eb cil\u00ebt jan\u00eb t\u00eb lidhur n\u00eb kllapa. Dallimi i tyre kryesor nga mbajt\u00ebset metalike \u00ebsht\u00eb thjesht lloji i braketa q\u00eb p\u00ebrdoret. Me mbajt\u00ebse qeramike, ato jan\u00eb t\u00eb qarta ose me ngjyr\u00eb dh\u00ebmb\u00ebsh (t\u00eb bardh\u00eb), jo metalike. Duhet t\u00eb p\u00ebrdoret ende nj\u00eb tel metalik, i cili kalon n\u00eb mes t\u00eb kllapave. Ky tel metalik mund t\u00eb ket\u00eb nj\u00eb shtres\u00eb me ngjyr\u00eb dh\u00ebmbi q\u00eb e b\u00ebn telin m\u00eb pak t\u00eb duksh\u00ebm. Veshja n\u00eb tel mund t\u00eb konsumohet gradualisht ose t\u00eb fshihet midis takimeve t\u00eb rregullimit. N\u00ebse kjo ndodh shum\u00eb, nj\u00eb tel i ri i veshur mund t\u00eb vendoset n\u00eb takimin e rregullimit. Teli mbahet n\u00eb vend n\u00eb braketa t\u00eb \u00e7do dh\u00ebmbi n\u00ebp\u00ebrmjet nj\u00eb brezi elastik ose lidh\u00ebse metalike t\u00eb veshur pak. N\u00eb rastin e mbajt\u00ebseve qeramike, nj\u00eb braket\u00eb argjendi p\u00ebrdoret shpesh n\u00eb dh\u00ebmb\u00ebt molar\u00eb t\u00eb pasm\u00eb. Avantazhi kryesor i zgjedhjes s\u00eb mbajt\u00ebseve qeramike \u00ebsht\u00eb se krijon nj\u00eb pamje m\u00eb t\u00eb k\u00ebndshme, m\u00eb pak t\u00eb dukshme p\u00ebr pacientin, ve\u00e7an\u00ebrisht nga distanca.[\/vc_column_text][\/vc_column][\/vc_row][vc_row][vc_column][tm_image image=&#8221;3511&#8243;][\/vc_column][\/vc_row]<\/p>\n","protected":false},"author":1,"featured_media":0,"parent":3124,"menu_order":0,"comment_status":"closed","ping_status":"closed","template":"","meta":{"footnotes":""},"class_list":["post-3137","page","type-page","status-publish","hentry"],"_links":{"self":[{"href":"https:\/\/ledismile.com\/al\/wp-json\/wp\/v2\/pages\/3137","targetHints":{"allow":["GET"]}}],"collection":[{"href":"https:\/\/ledismile.com\/al\/wp-json\/wp\/v2\/pages"}],"about":[{"href":"https:\/\/ledismile.com\/al\/wp-json\/wp\/v2\/types\/page"}],"author":[{"embeddable":true,"href":"https:\/\/ledismile.com\/al\/wp-json\/wp\/v2\/users\/1"}],"replies":[{"embeddable":true,"href":"https:\/\/ledismile.com\/al\/wp-json\/wp\/v2\/comments?post=3137"}],"version-history":[{"count":4,"href":"https:\/\/ledismile.com\/al\/wp-json\/wp\/v2\/pages\/3137\/revisions"}],"predecessor-version":[{"id":3512,"href":"https:\/\/ledismile.com\/al\/wp-json\/wp\/v2\/pages\/3137\/revisions\/3512"}],"up":[{"embeddable":true,"href":"https:\/\/ledismile.com\/al\/wp-json\/wp\/v2\/pages\/3124"}],"wp:attachment":[{"href":"https:\/\/ledismile.com\/al\/wp-json\/wp\/v2\/media?parent=3137"}],"curies":[{"name":"wp","href":"https:\/\/api.w.org\/{rel}","templated":true}]}}