{"id":3138,"date":"2022-06-30T16:02:41","date_gmt":"2022-06-30T16:02:41","guid":{"rendered":"http:\/\/ledismile.com\/?page_id=3138"},"modified":"2022-11-16T10:23:06","modified_gmt":"2022-11-16T10:23:06","slug":"aparat-ortodontik-transparent-maskerina","status":"publish","type":"page","link":"https:\/\/ledismile.com\/al\/ortodonci\/aparat-ortodontik-transparent-maskerina\/","title":{"rendered":"Aparat ortodontik transparent &#8211; Maskerina"},"content":{"rendered":"<p>[vc_row][vc_column][vc_column_text]Maskerinat p\u00ebrqendrohen m\u00eb shum\u00eb n\u00eb presionin mbi dh\u00ebmbin tuaj drejt pjes\u00ebs s\u00eb sip\u00ebrme. Aparatet tradicionale, nga ana tjet\u00ebr, ushtrojn\u00eb presion t\u00eb barabart\u00eb n\u00eb t\u00eb gjith\u00eb dh\u00ebmbin. Shtyn dh\u00ebmbin n\u00eb pozicionin e duhur nga lart posht\u00eb, duke p\u00ebrfshir\u00eb rr\u00ebnj\u00ebn.<\/p>\r\n<p>Aparatet tradicionale kan\u00eb provuar p\u00ebrsosm\u00ebrin\u00eb e tyre me kalimin e koh\u00ebs<\/p>\r\n<p>Besoni apo jo, aparatet tradicionale jan\u00eb p\u00ebrdorur q\u00eb para shum\u00eb shekujsh, dhe kan\u00eb provuar t\u00eb jen\u00eb mjaft efektive n\u00eb trajtimin e nj\u00eb larmie t\u00eb gjer\u00eb \u00e7\u00ebshtjesh parodontale. Padyshim, ato nuk dukeshin aspak si formatimet e forta, metalike q\u00eb ne njohim sot, por sh\u00ebrbyen q\u00ebllimit p\u00ebr t\u00eb cilin ishin krijuar. Ato shpesh vler\u00ebsohen p\u00ebr rikthimin e buz\u00ebqeshjes s\u00eb bukur dhe vet\u00ebvler\u00ebsimin e p\u00ebrgjithsh\u00ebm t\u00eb njer\u00ebzve t\u00eb panum\u00ebrt n\u00eb t\u00eb gjith\u00eb bot\u00ebn.<\/p>\r\n<ul>\r\n<li>Arsyet pse njer\u00ebzit zgjedhim maskerinat<\/li>\r\n<\/ul>\r\n<p>1- Maskerinat duken shum\u00eb m\u00eb mir\u00eb<\/p>\r\n<p>Kur vendosni aparate tradicionale, ju jeni n\u00eb t\u00eb v\u00ebrtet\u00eb duke i dh\u00ebn\u00eb lejen ortodontistit tuaj t\u00eb ngjis\u00eb nj\u00eb pjes\u00eb t\u00eb madhe metali n\u00eb goj\u00ebn tuaj. Padyshim q\u00eb, edhe n\u00ebse ato vijn\u00eb me ngjyra t\u00eb bukura, ato kurr\u00eb nuk jan\u00eb t\u00eb bukura. Pavar\u00ebsisht se si i shikoni aparatet tradicionale, ato jan\u00eb t\u00eb pak\u00ebnd\u00ebshme, ndryshe nga maskerinat q\u00eb n\u00eb t\u00eb v\u00ebrtet\u00eb jan\u00eb t\u00eb paduksh\u00ebm. Maskerinat p\u00ebrb\u00ebhen nga nj\u00eb material termo-plastik i qart\u00eb, i b\u00ebr\u00eb me porosi. Njer\u00ebzit v\u00ebshtir\u00eb se i v\u00ebrejn\u00eb ato.<\/p>\r\n<p>N\u00ebse nuk preferoni q\u00eb t\u00eb tjer\u00ebt t\u00eb kuptojn\u00eb q\u00eb jeni duke b\u00ebr\u00eb nj\u00eb p\u00ebrpjekje p\u00ebr t\u00eb rregulluar buz\u00ebqeshjen tuaj sa m\u00eb perfekte, maskerinat jan\u00eb zgjedhja e duhur.<\/p>\r\n<p>2- Mund t\u2019i hiqni maskerinat n\u00eb cdo moment<\/p>\r\n<p>Aparatet tradicionale mund t\u00eb paraqesin probleme kur pastroni dh\u00ebmb\u00ebt, ve\u00e7an\u00ebrisht kur grimcat e ushqimit ngecin n\u00eb metal. Por n\u00ebse p\u00ebrdorni maskerina, nuk do t\u00eb hasni probleme t\u00eb tilla. Kurdo q\u00eb t\u00eb keni nevoj\u00eb t\u00eb pastroni dh\u00ebmb\u00ebt thjesht mund t\u00eb hiqni maskerinat, dhe t\u2019i vendosni p\u00ebrs\u00ebri.<\/p>\r\n<p>Sigurisht, si\u00e7 u p\u00ebrmend n\u00eb nj\u00eb paragraf t\u00eb m\u00ebparsh\u00ebm, duke hequr vazhdimisht maskerinat tuaja rrezikoni t\u00eb nd\u00ebrprisni t\u00eb gjith\u00eb procesin e rregullimit t\u00eb dh\u00ebmb\u00ebve dhe ta b\u00ebj\u00eb at\u00eb m\u00eb pak t\u00eb efektsh\u00ebm.<\/p>\r\n<p>3- Mund t\u00eb hani pa problem nd\u00ebrkoh\u00eb q\u00eb mbani maskerinat<\/p>\r\n<p>Ushqyerja me aparatet tradicionale t\u00eb vendosur n\u00eb goj\u00eb mund t\u00eb jet\u00eb mjaft e mundimshme. Grimcat e ushqimit shpesh mb\u00ebrthehen n\u00eb metal, q\u00eb \u00ebsht\u00eb ndoshta arsyeja pse ekzistojn\u00eb disa lloje ushqimesh q\u00eb nuk mund t\u2019i hani kur keni mbajt\u00ebse metalike. Aparatet tradicionale d\u00ebmtohen shum\u00eb jo vet\u00ebm nga ushqimet e e forta por edhe nga ato q\u00eb jan\u00eb m\u00eb t\u00eb buta.<\/p>\r\n<p>P\u00ebr t\u00eb evituar v\u00ebshtir\u00ebsit\u00eb n\u00eb ushqyerje mund te zgjidhni maskerinat. Ajo q\u00eb i b\u00ebn t\u00eb preferuara maskerinat n\u00eb k\u00ebt\u00eb rast \u00ebsht\u00eb fakti q\u00eb jan\u00eb t\u00eb l\u00ebvizshme. Mund ti hiqni kur jeni duke ngr\u00ebn\u00eb ushqim \u201dt\u00eb ndaluar\u201d dhe t\u2019i rivendosni kur t\u00eb keni p\u00ebrfunduar.<\/p>\r\n<p>4- Maskerinat jan\u00eb m\u00eb t\u00eb rehatshme se aparatet tradicinale<\/p>\r\n<p>Sigurisht, q\u00eb t\u00eb dyja llojet e trajtimeve shkaktojn\u00eb nj\u00eb lloj parehatie. Mbi t\u00eb gjitha aparatet tradicionale do t\u00eb veprojn\u00eb mbi dh\u00ebmb\u00ebt tuaj duke i ushtruar presion p\u00ebr ti vendosur ata n\u00eb vendin e duhur. Nga ana tjet\u00ebr maskerinat ushtrojn\u00eb presion m\u00eb t\u00eb leht\u00eb se aparatet dhe kjo i b\u00ebn\u00eb ato t\u00eb jen\u00eb m\u00eb t\u00eb rehatshme se aparatet. Nuk ka asnj\u00eb rrezik se maskerinat mund t\u2019ju presin ose t\u2019ju d\u00ebmtojn\u00eb mishin e dh\u00ebmb\u00ebve pasi ato takojn\u00eb but\u00ebsisht me dh\u00ebmb\u00ebt tuaj.<\/p>\r\n\r\n<pre class=\"wp-block-verse\">\u00a0<\/pre>\r\n\r\n<p>\u00a0<\/p>\r\n\r\n<p>\u00a0<\/p>\r\n<p>[\/vc_column_text][\/vc_column][\/vc_row][vc_row][vc_column][tm_image image=&#8221;3504&#8243;][\/vc_column][\/vc_row]<\/p>","protected":false},"excerpt":{"rendered":"<p>[vc_row][vc_column][vc_column_text]Maskerinat p\u00ebrqendrohen m\u00eb shum\u00eb n\u00eb presionin mbi dh\u00ebmbin tuaj drejt pjes\u00ebs s\u00eb sip\u00ebrme. Aparatet tradicionale, nga ana tjet\u00ebr, ushtrojn\u00eb presion t\u00eb barabart\u00eb n\u00eb t\u00eb gjith\u00eb dh\u00ebmbin. Shtyn dh\u00ebmbin n\u00eb pozicionin e duhur nga lart posht\u00eb, duke p\u00ebrfshir\u00eb rr\u00ebnj\u00ebn. Aparatet tradicionale kan\u00eb provuar p\u00ebrsosm\u00ebrin\u00eb e tyre me kalimin e koh\u00ebs Besoni apo jo, aparatet tradicionale jan\u00eb p\u00ebrdorur q\u00eb para shum\u00eb shekujsh, dhe kan\u00eb provuar t\u00eb jen\u00eb mjaft efektive n\u00eb trajtimin e nj\u00eb larmie t\u00eb gjer\u00eb \u00e7\u00ebshtjesh parodontale. Padyshim, ato nuk dukeshin aspak si formatimet e forta, metalike q\u00eb ne njohim sot, por sh\u00ebrbyen q\u00ebllimit p\u00ebr t\u00eb cilin ishin krijuar. Ato shpesh vler\u00ebsohen p\u00ebr rikthimin e buz\u00ebqeshjes s\u00eb bukur dhe vet\u00ebvler\u00ebsimin e p\u00ebrgjithsh\u00ebm t\u00eb njer\u00ebzve t\u00eb panum\u00ebrt n\u00eb t\u00eb gjith\u00eb bot\u00ebn. Arsyet pse njer\u00ebzit zgjedhim maskerinat 1- Maskerinat duken shum\u00eb m\u00eb mir\u00eb Kur vendosni aparate tradicionale, ju jeni n\u00eb t\u00eb v\u00ebrtet\u00eb duke i dh\u00ebn\u00eb lejen ortodontistit tuaj t\u00eb ngjis\u00eb nj\u00eb pjes\u00eb t\u00eb madhe metali n\u00eb goj\u00ebn tuaj. Padyshim q\u00eb, edhe n\u00ebse ato vijn\u00eb me ngjyra t\u00eb bukura, ato kurr\u00eb nuk jan\u00eb t\u00eb bukura. Pavar\u00ebsisht se si i shikoni aparatet tradicionale, ato jan\u00eb t\u00eb pak\u00ebnd\u00ebshme, ndryshe nga maskerinat q\u00eb n\u00eb t\u00eb v\u00ebrtet\u00eb jan\u00eb t\u00eb paduksh\u00ebm. Maskerinat p\u00ebrb\u00ebhen nga nj\u00eb material termo-plastik i qart\u00eb, i b\u00ebr\u00eb me porosi. Njer\u00ebzit v\u00ebshtir\u00eb se i v\u00ebrejn\u00eb ato. N\u00ebse nuk preferoni q\u00eb t\u00eb tjer\u00ebt t\u00eb kuptojn\u00eb q\u00eb jeni duke b\u00ebr\u00eb nj\u00eb p\u00ebrpjekje p\u00ebr t\u00eb rregulluar buz\u00ebqeshjen tuaj sa m\u00eb perfekte, maskerinat jan\u00eb zgjedhja e duhur. 2- Mund t\u2019i hiqni maskerinat n\u00eb cdo moment Aparatet tradicionale mund t\u00eb paraqesin probleme kur pastroni dh\u00ebmb\u00ebt, ve\u00e7an\u00ebrisht kur grimcat e ushqimit ngecin n\u00eb metal. Por n\u00ebse p\u00ebrdorni maskerina, nuk do t\u00eb hasni probleme t\u00eb tilla. Kurdo q\u00eb t\u00eb keni nevoj\u00eb t\u00eb pastroni dh\u00ebmb\u00ebt thjesht mund t\u00eb hiqni maskerinat, dhe t\u2019i vendosni p\u00ebrs\u00ebri. Sigurisht, si\u00e7 u p\u00ebrmend n\u00eb nj\u00eb paragraf t\u00eb m\u00ebparsh\u00ebm, duke hequr vazhdimisht maskerinat tuaja rrezikoni t\u00eb nd\u00ebrprisni t\u00eb gjith\u00eb procesin e rregullimit t\u00eb dh\u00ebmb\u00ebve dhe ta b\u00ebj\u00eb at\u00eb m\u00eb pak t\u00eb efektsh\u00ebm. 3- Mund t\u00eb hani pa problem nd\u00ebrkoh\u00eb q\u00eb mbani maskerinat Ushqyerja me aparatet tradicionale t\u00eb vendosur n\u00eb goj\u00eb mund t\u00eb jet\u00eb mjaft e mundimshme. Grimcat e ushqimit shpesh mb\u00ebrthehen n\u00eb metal, q\u00eb \u00ebsht\u00eb ndoshta arsyeja pse ekzistojn\u00eb disa lloje ushqimesh q\u00eb nuk mund t\u2019i hani kur keni mbajt\u00ebse metalike. Aparatet tradicionale d\u00ebmtohen shum\u00eb jo vet\u00ebm nga ushqimet e e forta por edhe nga ato q\u00eb jan\u00eb m\u00eb t\u00eb buta. P\u00ebr t\u00eb evituar v\u00ebshtir\u00ebsit\u00eb n\u00eb ushqyerje mund te zgjidhni maskerinat. Ajo q\u00eb i b\u00ebn t\u00eb preferuara maskerinat n\u00eb k\u00ebt\u00eb rast \u00ebsht\u00eb fakti q\u00eb jan\u00eb t\u00eb l\u00ebvizshme. Mund ti hiqni kur jeni duke ngr\u00ebn\u00eb ushqim \u201dt\u00eb ndaluar\u201d dhe t\u2019i rivendosni kur t\u00eb keni p\u00ebrfunduar. 4- Maskerinat jan\u00eb m\u00eb t\u00eb rehatshme se aparatet tradicinale Sigurisht, q\u00eb t\u00eb dyja llojet e trajtimeve shkaktojn\u00eb nj\u00eb lloj parehatie. Mbi t\u00eb gjitha aparatet tradicionale do t\u00eb veprojn\u00eb mbi dh\u00ebmb\u00ebt tuaj duke i ushtruar presion p\u00ebr ti vendosur ata n\u00eb vendin e duhur. Nga ana tjet\u00ebr maskerinat ushtrojn\u00eb presion m\u00eb t\u00eb leht\u00eb se aparatet dhe kjo i b\u00ebn\u00eb ato t\u00eb jen\u00eb m\u00eb t\u00eb rehatshme se aparatet. Nuk ka asnj\u00eb rrezik se maskerinat mund t\u2019ju presin ose t\u2019ju d\u00ebmtojn\u00eb mishin e dh\u00ebmb\u00ebve pasi ato takojn\u00eb but\u00ebsisht me dh\u00ebmb\u00ebt tuaj. \u00a0 \u00a0 \u00a0 [\/vc_column_text][\/vc_column][\/vc_row][vc_row][vc_column][tm_image image=&#8221;3504&#8243;][\/vc_column][\/vc_row]<\/p>\n","protected":false},"author":1,"featured_media":0,"parent":3124,"menu_order":0,"comment_status":"closed","ping_status":"closed","template":"","meta":{"footnotes":""},"class_list":["post-3138","page","type-page","status-publish","hentry"],"_links":{"self":[{"href":"https:\/\/ledismile.com\/al\/wp-json\/wp\/v2\/pages\/3138","targetHints":{"allow":["GET"]}}],"collection":[{"href":"https:\/\/ledismile.com\/al\/wp-json\/wp\/v2\/pages"}],"about":[{"href":"https:\/\/ledismile.com\/al\/wp-json\/wp\/v2\/types\/page"}],"author":[{"embeddable":true,"href":"https:\/\/ledismile.com\/al\/wp-json\/wp\/v2\/users\/1"}],"replies":[{"embeddable":true,"href":"https:\/\/ledismile.com\/al\/wp-json\/wp\/v2\/comments?post=3138"}],"version-history":[{"count":4,"href":"https:\/\/ledismile.com\/al\/wp-json\/wp\/v2\/pages\/3138\/revisions"}],"predecessor-version":[{"id":3509,"href":"https:\/\/ledismile.com\/al\/wp-json\/wp\/v2\/pages\/3138\/revisions\/3509"}],"up":[{"embeddable":true,"href":"https:\/\/ledismile.com\/al\/wp-json\/wp\/v2\/pages\/3124"}],"wp:attachment":[{"href":"https:\/\/ledismile.com\/al\/wp-json\/wp\/v2\/media?parent=3138"}],"curies":[{"name":"wp","href":"https:\/\/api.w.org\/{rel}","templated":true}]}}