{"id":3155,"date":"2022-06-30T13:50:23","date_gmt":"2022-06-30T13:50:23","guid":{"rendered":"http:\/\/ledismile.com\/ortodonci-2\/"},"modified":"2022-11-17T15:29:30","modified_gmt":"2022-11-17T15:29:30","slug":"periodontologji","status":"publish","type":"page","link":"https:\/\/ledismile.com\/al\/periodontologji\/","title":{"rendered":"Periodontologji"},"content":{"rendered":"<p>[vc_row][vc_column width=&#8221;2\/3&#8243;][vc_column_text]Periodontologjia \u00ebsht\u00eb studimi i nj\u00eb sistemi t\u00eb specializuar t\u00eb indeve t\u00eb forta (kockave) dhe t\u00eb buta (gingiva) q\u00eb mb\u00ebshtet dh\u00ebmb\u00ebt dhe ruan pozicionin e tij n\u00eb maksill\u00eb dhe mandibul\u00eb (kockat e kafk\u00ebs). Ky grup indesh quhet periodontium dhe p\u00ebrb\u00ebhet nga kocka alveolare, \u00e7imento rr\u00ebnj\u00eb, ligamenti periodontal dhe gingiva. Dh\u00ebmb\u00ebt jan\u00eb brenda kock\u00ebs alveolare dhe mb\u00ebshteten nga ligamenti periodontal q\u00eb bashkon \u00e7imenton q\u00eb mbulon rr\u00ebnj\u00ebn e dh\u00ebmbit. K\u00ebto inde t\u00eb gjalla mund t\u00eb p\u00ebrshtaten me ndryshime t\u00eb ndryshme n\u00eb goj\u00eb q\u00eb lejojn\u00eb ruajtjen e pozicionit t\u00eb dh\u00ebmb\u00ebve n\u00eb nj\u00eb m\u00ebnyr\u00eb t\u00eb q\u00ebndrueshme.[\/vc_column_text][vc_separator color=&#8221;blue&#8221; css=&#8221;.vc_custom_1652451124213{padding-top: 10px !important;padding-bottom: 10px !important;}&#8221;][\/vc_column][vc_column width=&#8221;1\/3&#8243;][tm_custom_menu align=&#8221;right&#8221; title=&#8221;Periodontologji&#8221; nav_menu=&#8221;periodontologji&#8221;][\/vc_column][\/vc_row]<\/p>\n","protected":false},"excerpt":{"rendered":"<p>[vc_row][vc_column width=&#8221;2\/3&#8243;][vc_column_text]Periodontologjia \u00ebsht\u00eb studimi i nj\u00eb sistemi t\u00eb specializuar t\u00eb indeve t\u00eb forta (kockave) dhe t\u00eb buta (gingiva) q\u00eb mb\u00ebshtet dh\u00ebmb\u00ebt dhe ruan pozicionin e tij n\u00eb maksill\u00eb dhe mandibul\u00eb (kockat e kafk\u00ebs). Ky grup indesh quhet periodontium dhe p\u00ebrb\u00ebhet nga kocka alveolare, \u00e7imento rr\u00ebnj\u00eb, ligamenti periodontal dhe gingiva. Dh\u00ebmb\u00ebt jan\u00eb brenda kock\u00ebs alveolare dhe mb\u00ebshteten nga ligamenti periodontal q\u00eb bashkon \u00e7imenton q\u00eb mbulon rr\u00ebnj\u00ebn e dh\u00ebmbit. K\u00ebto inde t\u00eb gjalla mund t\u00eb p\u00ebrshtaten me ndryshime t\u00eb ndryshme n\u00eb goj\u00eb q\u00eb lejojn\u00eb ruajtjen e pozicionit t\u00eb dh\u00ebmb\u00ebve n\u00eb nj\u00eb m\u00ebnyr\u00eb t\u00eb q\u00ebndrueshme.[\/vc_column_text][vc_separator color=&#8221;blue&#8221; css=&#8221;.vc_custom_1652451124213{padding-top: 10px !important;padding-bottom: 10px !important;}&#8221;][\/vc_column][vc_column width=&#8221;1\/3&#8243;][tm_custom_menu align=&#8221;right&#8221; title=&#8221;Periodontologji&#8221; nav_menu=&#8221;periodontologji&#8221;][\/vc_column][\/vc_row]<\/p>\n","protected":false},"author":1,"featured_media":0,"parent":0,"menu_order":0,"comment_status":"closed","ping_status":"closed","template":"","meta":{"footnotes":""},"class_list":["post-3155","page","type-page","status-publish","hentry"],"_links":{"self":[{"href":"https:\/\/ledismile.com\/al\/wp-json\/wp\/v2\/pages\/3155","targetHints":{"allow":["GET"]}}],"collection":[{"href":"https:\/\/ledismile.com\/al\/wp-json\/wp\/v2\/pages"}],"about":[{"href":"https:\/\/ledismile.com\/al\/wp-json\/wp\/v2\/types\/page"}],"author":[{"embeddable":true,"href":"https:\/\/ledismile.com\/al\/wp-json\/wp\/v2\/users\/1"}],"replies":[{"embeddable":true,"href":"https:\/\/ledismile.com\/al\/wp-json\/wp\/v2\/comments?post=3155"}],"version-history":[{"count":4,"href":"https:\/\/ledismile.com\/al\/wp-json\/wp\/v2\/pages\/3155\/revisions"}],"predecessor-version":[{"id":3534,"href":"https:\/\/ledismile.com\/al\/wp-json\/wp\/v2\/pages\/3155\/revisions\/3534"}],"wp:attachment":[{"href":"https:\/\/ledismile.com\/al\/wp-json\/wp\/v2\/media?parent=3155"}],"curies":[{"name":"wp","href":"https:\/\/api.w.org\/{rel}","templated":true}]}}