{"id":3158,"date":"2022-06-30T16:12:54","date_gmt":"2022-06-30T16:12:54","guid":{"rendered":"http:\/\/ledismile.com\/?page_id=3158"},"modified":"2022-11-17T13:32:10","modified_gmt":"2022-11-17T13:32:10","slug":"higjenizim-pastrim-profesional-dhembesh","status":"publish","type":"page","link":"https:\/\/ledismile.com\/al\/periodontologji\/higjenizim-pastrim-profesional-dhembesh\/","title":{"rendered":"Higjenizim &#8211; pastrim profesional dh\u00ebmb\u00ebsh"},"content":{"rendered":"<p>[vc_row][vc_column][vc_column_text]A e dini se keni mij\u00ebra baktere natyrale n\u00eb goj\u00ebn tuaj q\u00eb duan t\u00eb jetojn\u00eb n\u00eb sip\u00ebrfaqen e dh\u00ebmb\u00ebve tuaj dhe ndajn\u00eb t\u00eb nj\u00ebjtin ushqim q\u00eb hani? Grua, apo jo? Lajmi i mir\u00eb \u00ebsht\u00eb se bakteret e tep\u00ebrta mund t\u00eb hiqen nga dh\u00ebmb\u00ebt tuaj n\u00ebp\u00ebrmjet larjes s\u00eb rregullt, pastrimit t\u00eb dh\u00ebmb\u00ebve me fill ose me higjenizimet e rregullta te dentisti.<\/p>\r\n\r\n<p>P\u00ebr t\u00eb parandaluar rritjen e popullatave t\u00eb baktereve dhe p\u00ebr t\u00eb shkaktuar ulur problemet dentare si prishja e dh\u00ebmb\u00ebve dhe s\u00ebmundjet e mishrave t\u00eb dh\u00ebmb\u00ebve, k\u00ebshillohet q\u00eb individ\u00ebt t\u00eb rezervojn\u00eb vizit\u00ebn e tyre dentare nj\u00eb her\u00eb n\u00eb gjasht\u00eb muaj p\u00ebr nj\u00eb ekzaminim dhe pastrim dentar. Ekzaminimet dentare do t\u00eb lejojn\u00eb dentistin tuaj t\u00eb p\u00ebrgjithsh\u00ebm t\u00eb vler\u00ebsoj\u00eb sh\u00ebndetin e dh\u00ebmb\u00ebve dhe mishrave t\u00eb dh\u00ebmb\u00ebve, nd\u00ebrsa pastrimet profesionale t\u00eb dh\u00ebmb\u00ebve do t\u00eb heqin pllakat dhe gur\u00ebt e tep\u00ebrt. Meqen\u00ebse bakteret jetojn\u00eb n\u00eb pllakat dhe gur\u00ebt dentar, kjo gjithashtu largon sasi t\u00eb m\u00ebdha bakteresh.<\/p>\r\n\r\n<p>N\u00eb var\u00ebsi t\u00eb sasis\u00eb s\u00eb pllak\u00ebs dhe gur\u00ebve n\u00eb dh\u00ebmb\u00ebt tuaj, dentisti do t\u00eb kryej\u00eb nj\u00eb pastrim t\u00eb thjesht\u00eb ose flourizim.<\/p>\r\n<p>[\/vc_column_text][\/vc_column][\/vc_row][vc_row][vc_column][tm_image image=&#8221;3519&#8243;][\/vc_column][\/vc_row]<\/p>","protected":false},"excerpt":{"rendered":"<p>[vc_row][vc_column][vc_column_text]A e dini se keni mij\u00ebra baktere natyrale n\u00eb goj\u00ebn tuaj q\u00eb duan t\u00eb jetojn\u00eb n\u00eb sip\u00ebrfaqen e dh\u00ebmb\u00ebve tuaj dhe ndajn\u00eb t\u00eb nj\u00ebjtin ushqim q\u00eb hani? Grua, apo jo? Lajmi i mir\u00eb \u00ebsht\u00eb se bakteret e tep\u00ebrta mund t\u00eb hiqen nga dh\u00ebmb\u00ebt tuaj n\u00ebp\u00ebrmjet larjes s\u00eb rregullt, pastrimit t\u00eb dh\u00ebmb\u00ebve me fill ose me higjenizimet e rregullta te dentisti. P\u00ebr t\u00eb parandaluar rritjen e popullatave t\u00eb baktereve dhe p\u00ebr t\u00eb shkaktuar ulur problemet dentare si prishja e dh\u00ebmb\u00ebve dhe s\u00ebmundjet e mishrave t\u00eb dh\u00ebmb\u00ebve, k\u00ebshillohet q\u00eb individ\u00ebt t\u00eb rezervojn\u00eb vizit\u00ebn e tyre dentare nj\u00eb her\u00eb n\u00eb gjasht\u00eb muaj p\u00ebr nj\u00eb ekzaminim dhe pastrim dentar. Ekzaminimet dentare do t\u00eb lejojn\u00eb dentistin tuaj t\u00eb p\u00ebrgjithsh\u00ebm t\u00eb vler\u00ebsoj\u00eb sh\u00ebndetin e dh\u00ebmb\u00ebve dhe mishrave t\u00eb dh\u00ebmb\u00ebve, nd\u00ebrsa pastrimet profesionale t\u00eb dh\u00ebmb\u00ebve do t\u00eb heqin pllakat dhe gur\u00ebt e tep\u00ebrt. Meqen\u00ebse bakteret jetojn\u00eb n\u00eb pllakat dhe gur\u00ebt dentar, kjo gjithashtu largon sasi t\u00eb m\u00ebdha bakteresh. N\u00eb var\u00ebsi t\u00eb sasis\u00eb s\u00eb pllak\u00ebs dhe gur\u00ebve n\u00eb dh\u00ebmb\u00ebt tuaj, dentisti do t\u00eb kryej\u00eb nj\u00eb pastrim t\u00eb thjesht\u00eb ose flourizim. [\/vc_column_text][\/vc_column][\/vc_row][vc_row][vc_column][tm_image image=&#8221;3519&#8243;][\/vc_column][\/vc_row]<\/p>\n","protected":false},"author":1,"featured_media":0,"parent":3155,"menu_order":0,"comment_status":"closed","ping_status":"closed","template":"","meta":{"footnotes":""},"class_list":["post-3158","page","type-page","status-publish","hentry"],"_links":{"self":[{"href":"https:\/\/ledismile.com\/al\/wp-json\/wp\/v2\/pages\/3158","targetHints":{"allow":["GET"]}}],"collection":[{"href":"https:\/\/ledismile.com\/al\/wp-json\/wp\/v2\/pages"}],"about":[{"href":"https:\/\/ledismile.com\/al\/wp-json\/wp\/v2\/types\/page"}],"author":[{"embeddable":true,"href":"https:\/\/ledismile.com\/al\/wp-json\/wp\/v2\/users\/1"}],"replies":[{"embeddable":true,"href":"https:\/\/ledismile.com\/al\/wp-json\/wp\/v2\/comments?post=3158"}],"version-history":[{"count":3,"href":"https:\/\/ledismile.com\/al\/wp-json\/wp\/v2\/pages\/3158\/revisions"}],"predecessor-version":[{"id":3520,"href":"https:\/\/ledismile.com\/al\/wp-json\/wp\/v2\/pages\/3158\/revisions\/3520"}],"up":[{"embeddable":true,"href":"https:\/\/ledismile.com\/al\/wp-json\/wp\/v2\/pages\/3155"}],"wp:attachment":[{"href":"https:\/\/ledismile.com\/al\/wp-json\/wp\/v2\/media?parent=3158"}],"curies":[{"name":"wp","href":"https:\/\/api.w.org\/{rel}","templated":true}]}}