{"id":3162,"date":"2022-06-30T16:15:30","date_gmt":"2022-06-30T16:15:30","guid":{"rendered":"http:\/\/ledismile.com\/?page_id=3162"},"modified":"2022-11-17T14:43:12","modified_gmt":"2022-11-17T14:43:12","slug":"prevencion-i-shendetit-te-gingives","status":"publish","type":"page","link":"https:\/\/ledismile.com\/al\/periodontologji\/prevencion-i-shendetit-te-gingives\/","title":{"rendered":"Prevencion i sh\u00ebndetit t\u00eb gingiv\u00ebs"},"content":{"rendered":"<p>[vc_row][vc_column][vc_column_text]<\/p>\n<p class=\"has-text-align-center\" style=\"text-align: left;\">Pllak\u00eb bakteriale n\u00eb dh\u00ebmb\u00eb mund t\u00eb provokoj\u00eb inflamacionin e vij\u00ebs s\u00eb mishit t\u00eb dh\u00ebmb\u00ebve, gjendje e njohur si gingivit. Mishrat e dh\u00ebmb\u00ebve (gingivat) reagojn\u00eb ndaj pranis\u00eb s\u00eb pllak\u00ebs dentare duke u skuqur- dhe kjo mund t\u00eb ndodh\u00eb pas vet\u00ebm disa dit\u00ebsh. Ky inflamacion \u2013 zakonisht q\u00eb p\u00ebrfshin mishrat e kuq\u00ebrremt\u00eb ose t\u00eb fryr\u00eb \u2013 \u00ebsht\u00eb p\u00ebrgjigjja e trupit ndaj baktereve q\u00eb jan\u00eb lejuar t\u00eb grumbullohen n\u00eb dh\u00ebmb\u00eb.<\/p>\n<p class=\"has-text-align-center\" style=\"text-align: left;\">Gingiviti \u00ebsht\u00eb nj\u00eb inflamacion i zakonsh\u00ebm. N\u00ebse praktikohet higjena optimale orale n\u00eb sht\u00ebpi dhe n\u00ebse pllaka bakteriale hiqet rregullisht, mishrat e dh\u00ebmb\u00ebve mund t\u00eb sh\u00ebrohen brenda disa dit\u00ebsh. Sidoqoft\u00eb, n\u00ebse nuk merret gingiviti, simptomat mund t\u00eb p\u00ebrkeq\u00ebsohen dhe t\u00eb \u00e7ojn\u00eb n\u00eb s\u00ebmundje m\u00eb serioze t\u00eb mishrave t\u00eb periodontitit. Gjat\u00eb shtat\u00ebz\u00ebn\u00ebsis\u00eb, ekziston nj\u00eb tendenc\u00eb e shtuar p\u00ebr gingivit p\u00ebr shkak t\u00eb ndryshimeve hormonale. Grat\u00eb shtatz\u00ebna duhet t\u2019i kushtojn\u00eb v\u00ebmendje t\u00eb ve\u00e7ant\u00eb higjen\u00ebs s\u00eb mir\u00eb t\u00eb goj\u00ebs dhe t\u00eb shohin nj\u00eb dentist n\u00eb nj\u00eb faz\u00eb t\u00eb hershme gjat\u00eb shtat\u00ebzanis\u00eb.<\/p>\n<p>[\/vc_column_text][\/vc_column][\/vc_row][vc_row][vc_column][tm_image image=&#8221;3524&#8243;][\/vc_column][\/vc_row]<\/p>\n","protected":false},"excerpt":{"rendered":"<p>[vc_row][vc_column][vc_column_text] Pllak\u00eb bakteriale n\u00eb dh\u00ebmb\u00eb mund t\u00eb provokoj\u00eb inflamacionin e vij\u00ebs s\u00eb mishit t\u00eb dh\u00ebmb\u00ebve, gjendje e njohur si gingivit. Mishrat e dh\u00ebmb\u00ebve (gingivat) reagojn\u00eb ndaj pranis\u00eb s\u00eb pllak\u00ebs dentare duke u skuqur- dhe kjo mund t\u00eb ndodh\u00eb pas vet\u00ebm disa dit\u00ebsh. Ky inflamacion \u2013 zakonisht q\u00eb p\u00ebrfshin mishrat e kuq\u00ebrremt\u00eb ose t\u00eb fryr\u00eb \u2013 \u00ebsht\u00eb p\u00ebrgjigjja e trupit ndaj baktereve q\u00eb jan\u00eb lejuar t\u00eb grumbullohen n\u00eb dh\u00ebmb\u00eb. Gingiviti \u00ebsht\u00eb nj\u00eb inflamacion i zakonsh\u00ebm. N\u00ebse praktikohet higjena optimale orale n\u00eb sht\u00ebpi dhe n\u00ebse pllaka bakteriale hiqet rregullisht, mishrat e dh\u00ebmb\u00ebve mund t\u00eb sh\u00ebrohen brenda disa dit\u00ebsh. Sidoqoft\u00eb, n\u00ebse nuk merret gingiviti, simptomat mund t\u00eb p\u00ebrkeq\u00ebsohen dhe t\u00eb \u00e7ojn\u00eb n\u00eb s\u00ebmundje m\u00eb serioze t\u00eb mishrave t\u00eb periodontitit. Gjat\u00eb shtat\u00ebz\u00ebn\u00ebsis\u00eb, ekziston nj\u00eb tendenc\u00eb e shtuar p\u00ebr gingivit p\u00ebr shkak t\u00eb ndryshimeve hormonale. Grat\u00eb shtatz\u00ebna duhet t\u2019i kushtojn\u00eb v\u00ebmendje t\u00eb ve\u00e7ant\u00eb higjen\u00ebs s\u00eb mir\u00eb t\u00eb goj\u00ebs dhe t\u00eb shohin nj\u00eb dentist n\u00eb nj\u00eb faz\u00eb t\u00eb hershme gjat\u00eb shtat\u00ebzanis\u00eb. [\/vc_column_text][\/vc_column][\/vc_row][vc_row][vc_column][tm_image image=&#8221;3524&#8243;][\/vc_column][\/vc_row]<\/p>\n","protected":false},"author":1,"featured_media":0,"parent":3155,"menu_order":0,"comment_status":"closed","ping_status":"closed","template":"","meta":{"footnotes":""},"class_list":["post-3162","page","type-page","status-publish","hentry"],"_links":{"self":[{"href":"https:\/\/ledismile.com\/al\/wp-json\/wp\/v2\/pages\/3162","targetHints":{"allow":["GET"]}}],"collection":[{"href":"https:\/\/ledismile.com\/al\/wp-json\/wp\/v2\/pages"}],"about":[{"href":"https:\/\/ledismile.com\/al\/wp-json\/wp\/v2\/types\/page"}],"author":[{"embeddable":true,"href":"https:\/\/ledismile.com\/al\/wp-json\/wp\/v2\/users\/1"}],"replies":[{"embeddable":true,"href":"https:\/\/ledismile.com\/al\/wp-json\/wp\/v2\/comments?post=3162"}],"version-history":[{"count":3,"href":"https:\/\/ledismile.com\/al\/wp-json\/wp\/v2\/pages\/3162\/revisions"}],"predecessor-version":[{"id":3525,"href":"https:\/\/ledismile.com\/al\/wp-json\/wp\/v2\/pages\/3162\/revisions\/3525"}],"up":[{"embeddable":true,"href":"https:\/\/ledismile.com\/al\/wp-json\/wp\/v2\/pages\/3155"}],"wp:attachment":[{"href":"https:\/\/ledismile.com\/al\/wp-json\/wp\/v2\/media?parent=3162"}],"curies":[{"name":"wp","href":"https:\/\/api.w.org\/{rel}","templated":true}]}}