{"id":3163,"date":"2022-06-30T16:18:01","date_gmt":"2022-06-30T16:18:01","guid":{"rendered":"http:\/\/ledismile.com\/?page_id=3163"},"modified":"2022-11-17T15:02:47","modified_gmt":"2022-11-17T15:02:47","slug":"prevencion-dhe-trajtim-i-hershem-i-paradontozes","status":"publish","type":"page","link":"https:\/\/ledismile.com\/al\/periodontologji\/prevencion-dhe-trajtim-i-hershem-i-paradontozes\/","title":{"rendered":"Prevencion dhe trajtim i hersh\u00ebm i paradontoz\u00ebs"},"content":{"rendered":"<p>[vc_row][vc_column][vc_column_text]P\u00ebrve\u00e7 optimizimit t\u00eb higjien\u00ebs orale n\u00eb sht\u00ebpi, l\u00ebnia e duhanit dhe nj\u00eb diet\u00eb e mir\u00eb jan\u00eb gjithashtu metoda efektive p\u00ebr parandalimin e periodontitit.<\/p>\r\n\r\n<p>Asnj\u00eb inflamacion i mishrave t\u00eb dh\u00ebmb\u00ebve (gingivit) nuk do t\u00eb zhvillohet n\u00ebse nuk ka pllak\u00eb bakteriale n\u00eb dh\u00ebmb\u00eb dhe n\u00ebse nuk ka gingivit, nuk do t\u00eb ket\u00eb periodontitis. Higjiena e vazhdueshme e mir\u00eb orale n\u00eb sht\u00ebpi, heqja e rregullt e gur\u00ebzave t\u00eb dh\u00ebmb\u00ebve n\u00eb praktik\u00ebn dentare, nj\u00eb diet\u00eb e sh\u00ebndetshme dhe l\u00ebnia e duhanit n\u00ebse \u00ebsht\u00eb e mundur jan\u00eb hapat m\u00eb t\u00eb r\u00ebnd\u00ebsish\u00ebm p\u00ebr parandalimin e periodontitit.<\/p>\r\n\r\n<p>P\u00ebr t\u00eb parandaluar n\u00eb m\u00ebnyr\u00eb optimale gingivitin si dhe periodontitin, mishrat e dh\u00ebmb\u00ebve duhet t\u00eb ekzaminohen rregullisht n\u00eb praktik\u00ebn dentare dhe \u00e7do vend ku gjenden shenja t\u00eb inflamacionit ose xhepat e mishrave t\u00eb dh\u00ebmb\u00ebve duhet t\u00eb trajtohen menj\u00ebher\u00eb.<\/p>\r\n<p>[\/vc_column_text][\/vc_column][\/vc_row][vc_row][vc_column][tm_image image=&#8221;3526&#8243;][\/vc_column][\/vc_row]<\/p>","protected":false},"excerpt":{"rendered":"<p>[vc_row][vc_column][vc_column_text]P\u00ebrve\u00e7 optimizimit t\u00eb higjien\u00ebs orale n\u00eb sht\u00ebpi, l\u00ebnia e duhanit dhe nj\u00eb diet\u00eb e mir\u00eb jan\u00eb gjithashtu metoda efektive p\u00ebr parandalimin e periodontitit. Asnj\u00eb inflamacion i mishrave t\u00eb dh\u00ebmb\u00ebve (gingivit) nuk do t\u00eb zhvillohet n\u00ebse nuk ka pllak\u00eb bakteriale n\u00eb dh\u00ebmb\u00eb dhe n\u00ebse nuk ka gingivit, nuk do t\u00eb ket\u00eb periodontitis. Higjiena e vazhdueshme e mir\u00eb orale n\u00eb sht\u00ebpi, heqja e rregullt e gur\u00ebzave t\u00eb dh\u00ebmb\u00ebve n\u00eb praktik\u00ebn dentare, nj\u00eb diet\u00eb e sh\u00ebndetshme dhe l\u00ebnia e duhanit n\u00ebse \u00ebsht\u00eb e mundur jan\u00eb hapat m\u00eb t\u00eb r\u00ebnd\u00ebsish\u00ebm p\u00ebr parandalimin e periodontitit. P\u00ebr t\u00eb parandaluar n\u00eb m\u00ebnyr\u00eb optimale gingivitin si dhe periodontitin, mishrat e dh\u00ebmb\u00ebve duhet t\u00eb ekzaminohen rregullisht n\u00eb praktik\u00ebn dentare dhe \u00e7do vend ku gjenden shenja t\u00eb inflamacionit ose xhepat e mishrave t\u00eb dh\u00ebmb\u00ebve duhet t\u00eb trajtohen menj\u00ebher\u00eb. [\/vc_column_text][\/vc_column][\/vc_row][vc_row][vc_column][tm_image image=&#8221;3526&#8243;][\/vc_column][\/vc_row]<\/p>\n","protected":false},"author":1,"featured_media":0,"parent":3155,"menu_order":0,"comment_status":"closed","ping_status":"closed","template":"","meta":{"footnotes":""},"class_list":["post-3163","page","type-page","status-publish","hentry"],"_links":{"self":[{"href":"https:\/\/ledismile.com\/al\/wp-json\/wp\/v2\/pages\/3163","targetHints":{"allow":["GET"]}}],"collection":[{"href":"https:\/\/ledismile.com\/al\/wp-json\/wp\/v2\/pages"}],"about":[{"href":"https:\/\/ledismile.com\/al\/wp-json\/wp\/v2\/types\/page"}],"author":[{"embeddable":true,"href":"https:\/\/ledismile.com\/al\/wp-json\/wp\/v2\/users\/1"}],"replies":[{"embeddable":true,"href":"https:\/\/ledismile.com\/al\/wp-json\/wp\/v2\/comments?post=3163"}],"version-history":[{"count":4,"href":"https:\/\/ledismile.com\/al\/wp-json\/wp\/v2\/pages\/3163\/revisions"}],"predecessor-version":[{"id":3528,"href":"https:\/\/ledismile.com\/al\/wp-json\/wp\/v2\/pages\/3163\/revisions\/3528"}],"up":[{"embeddable":true,"href":"https:\/\/ledismile.com\/al\/wp-json\/wp\/v2\/pages\/3155"}],"wp:attachment":[{"href":"https:\/\/ledismile.com\/al\/wp-json\/wp\/v2\/media?parent=3163"}],"curies":[{"name":"wp","href":"https:\/\/api.w.org\/{rel}","templated":true}]}}