{"id":3164,"date":"2022-06-30T16:18:42","date_gmt":"2022-06-30T16:18:42","guid":{"rendered":"http:\/\/ledismile.com\/?page_id=3164"},"modified":"2022-11-17T15:23:29","modified_gmt":"2022-11-17T15:23:29","slug":"kurim-i-ginivitis","status":"publish","type":"page","link":"https:\/\/ledismile.com\/al\/periodontologji\/kurim-i-ginivitis\/","title":{"rendered":"Kurim i ginivitis"},"content":{"rendered":"<p>[vc_row][vc_column][vc_column_text]Gingiviti zakonisht pastrohet pas nj\u00eb pastrimi t\u00eb plot\u00eb profesional &#8211; p\u00ebr sa koh\u00eb q\u00eb vazhdoni nj\u00eb higjien\u00eb t\u00eb mir\u00eb orale n\u00eb sht\u00ebpi. Dentisti juaj do t&#8217;ju ndihmoj\u00eb t\u00eb planifikoni nj\u00eb program efektiv n\u00eb sht\u00ebpi dhe nj\u00eb orar kontrollesh dhe pastrimi t\u00eb rregullta profesionale.<\/p>\r\n<p>[\/vc_column_text][\/vc_column][\/vc_row][vc_row][vc_column][tm_before_after_image image_before=&#8221;3529&#8243; image_after=&#8221;3530&#8243;][\/vc_column][\/vc_row]<\/p>","protected":false},"excerpt":{"rendered":"<p>[vc_row][vc_column][vc_column_text]Gingiviti zakonisht pastrohet pas nj\u00eb pastrimi t\u00eb plot\u00eb profesional &#8211; p\u00ebr sa koh\u00eb q\u00eb vazhdoni nj\u00eb higjien\u00eb t\u00eb mir\u00eb orale n\u00eb sht\u00ebpi. Dentisti juaj do t&#8217;ju ndihmoj\u00eb t\u00eb planifikoni nj\u00eb program efektiv n\u00eb sht\u00ebpi dhe nj\u00eb orar kontrollesh dhe pastrimi t\u00eb rregullta profesionale. [\/vc_column_text][\/vc_column][\/vc_row][vc_row][vc_column][tm_before_after_image image_before=&#8221;3529&#8243; image_after=&#8221;3530&#8243;][\/vc_column][\/vc_row]<\/p>\n","protected":false},"author":1,"featured_media":0,"parent":3155,"menu_order":0,"comment_status":"closed","ping_status":"closed","template":"","meta":{"footnotes":""},"class_list":["post-3164","page","type-page","status-publish","hentry"],"_links":{"self":[{"href":"https:\/\/ledismile.com\/al\/wp-json\/wp\/v2\/pages\/3164","targetHints":{"allow":["GET"]}}],"collection":[{"href":"https:\/\/ledismile.com\/al\/wp-json\/wp\/v2\/pages"}],"about":[{"href":"https:\/\/ledismile.com\/al\/wp-json\/wp\/v2\/types\/page"}],"author":[{"embeddable":true,"href":"https:\/\/ledismile.com\/al\/wp-json\/wp\/v2\/users\/1"}],"replies":[{"embeddable":true,"href":"https:\/\/ledismile.com\/al\/wp-json\/wp\/v2\/comments?post=3164"}],"version-history":[{"count":4,"href":"https:\/\/ledismile.com\/al\/wp-json\/wp\/v2\/pages\/3164\/revisions"}],"predecessor-version":[{"id":3532,"href":"https:\/\/ledismile.com\/al\/wp-json\/wp\/v2\/pages\/3164\/revisions\/3532"}],"up":[{"embeddable":true,"href":"https:\/\/ledismile.com\/al\/wp-json\/wp\/v2\/pages\/3155"}],"wp:attachment":[{"href":"https:\/\/ledismile.com\/al\/wp-json\/wp\/v2\/media?parent=3164"}],"curies":[{"name":"wp","href":"https:\/\/api.w.org\/{rel}","templated":true}]}}