{"id":3165,"date":"2022-06-30T16:19:32","date_gmt":"2022-06-30T16:19:32","guid":{"rendered":"http:\/\/ledismile.com\/?page_id=3165"},"modified":"2022-07-13T14:03:37","modified_gmt":"2022-07-13T14:03:37","slug":"nderhyrje-kirurgjikale-periodontale-ripozicionimi-i-nivelit-te-kockes-dhe-te-gingives-ne-raport-me-kuroren-e-dhembit","status":"publish","type":"page","link":"https:\/\/ledismile.com\/al\/periodontologji\/nderhyrje-kirurgjikale-periodontale-ripozicionimi-i-nivelit-te-kockes-dhe-te-gingives-ne-raport-me-kuroren-e-dhembit\/","title":{"rendered":"Nderhyrje kirurgjikale periodontale &#8211; ripozicionimi i nivelit t\u00eb kock\u00ebs dhe gingiv\u00ebs n\u00eb raport me kuror\u00ebn e dh\u00ebmbit"},"content":{"rendered":"\n<p>Procedurat kirurgjikale t\u00eb zgjatjes s\u00eb kuror\u00ebs kryhen p\u00ebr t\u00eb siguruar form\u00ebn e mbajtjes p\u00ebr t\u00eb lejuar p\u00ebrgatitjen e duhur t\u00eb dh\u00ebmb\u00ebve, procedurat e impresionit, dhe vendosjen e kufijve restaurues p\u00ebr t\u00eb rregulluar nivelet e gingiv\u00ebs p\u00ebr estetik\u00ebn. \u00cbsht\u00eb e r\u00ebnd\u00ebsishme q\u00eb kurora &#8211; Operacioni i zgjatjes b\u00ebhet n\u00eb at\u00eb m\u00ebnyr\u00eb q\u00eb t\u00eb ruhet gjer\u00ebsia biologjike. Gjer\u00ebsia biologjike p\u00ebrkufizohet si dimensioni fiziologjik i epitelit lidh\u00ebs dhe ngjitjes s\u00eb indit lidhor. Kjo matje \u00ebsht\u00eb gjetur t\u00eb jet\u00eb relativisht konstante n\u00eb af\u00ebrsisht 2 mm (\u00b130%).<\/p>\n\n\n\n<p>Gryka e sh\u00ebndetshme gingivale ka nj\u00eb thell\u00ebsi mesatare prej 0.69 mm. \u00cbsht\u00eb teorizuar se c\u00ebnimi i gjer\u00ebsis\u00eb biologjike nga vendosja e nj\u00eb kufiri t\u00eb nj\u00eb restaurimi brenda zon\u00ebs s\u00eb tij mund t\u00eb rezultoj\u00eb n\u00eb inflamacion gingival, formim xhepi dhe humbje kockore alveolare. Rrjedhimisht, rekomandohet q\u00eb t\u00eb ket\u00eb t\u00eb pakt\u00ebn 3 mm midis kufirit gingival dhe kresht\u00ebs kockore. Kjo lejon nj\u00eb gjer\u00ebsi biologjike adekuate kur restaurimi vendoset 0.5 mm brenda gryk\u00ebs gingival.<\/p>\n","protected":false},"excerpt":{"rendered":"<p>Procedurat kirurgjikale t\u00eb zgjatjes s\u00eb kuror\u00ebs kryhen p\u00ebr t\u00eb siguruar form\u00ebn e mbajtjes p\u00ebr t\u00eb lejuar p\u00ebrgatitjen e duhur t\u00eb dh\u00ebmb\u00ebve, procedurat e impresionit, dhe vendosjen e kufijve restaurues p\u00ebr t\u00eb rregulluar nivelet e gingiv\u00ebs p\u00ebr estetik\u00ebn. \u00cbsht\u00eb e r\u00ebnd\u00ebsishme q\u00eb kurora &#8211; Operacioni i zgjatjes b\u00ebhet n\u00eb at\u00eb m\u00ebnyr\u00eb q\u00eb t\u00eb ruhet gjer\u00ebsia biologjike. Gjer\u00ebsia biologjike p\u00ebrkufizohet si dimensioni fiziologjik i epitelit lidh\u00ebs dhe ngjitjes s\u00eb indit lidhor. Kjo matje \u00ebsht\u00eb gjetur t\u00eb jet\u00eb relativisht konstante n\u00eb af\u00ebrsisht 2 mm (\u00b130%). Gryka e sh\u00ebndetshme gingivale ka nj\u00eb thell\u00ebsi mesatare prej 0.69 mm. \u00cbsht\u00eb teorizuar se c\u00ebnimi i gjer\u00ebsis\u00eb biologjike nga vendosja e nj\u00eb kufiri t\u00eb nj\u00eb restaurimi brenda zon\u00ebs s\u00eb tij mund t\u00eb rezultoj\u00eb n\u00eb inflamacion gingival, formim xhepi dhe humbje kockore alveolare. Rrjedhimisht, rekomandohet q\u00eb t\u00eb ket\u00eb t\u00eb pakt\u00ebn 3 mm midis kufirit gingival dhe kresht\u00ebs kockore. Kjo lejon nj\u00eb gjer\u00ebsi biologjike adekuate kur restaurimi vendoset 0.5 mm brenda gryk\u00ebs gingival.<\/p>\n","protected":false},"author":1,"featured_media":0,"parent":3155,"menu_order":0,"comment_status":"closed","ping_status":"closed","template":"","meta":{"footnotes":""},"class_list":["post-3165","page","type-page","status-publish","hentry"],"_links":{"self":[{"href":"https:\/\/ledismile.com\/al\/wp-json\/wp\/v2\/pages\/3165","targetHints":{"allow":["GET"]}}],"collection":[{"href":"https:\/\/ledismile.com\/al\/wp-json\/wp\/v2\/pages"}],"about":[{"href":"https:\/\/ledismile.com\/al\/wp-json\/wp\/v2\/types\/page"}],"author":[{"embeddable":true,"href":"https:\/\/ledismile.com\/al\/wp-json\/wp\/v2\/users\/1"}],"replies":[{"embeddable":true,"href":"https:\/\/ledismile.com\/al\/wp-json\/wp\/v2\/comments?post=3165"}],"version-history":[{"count":2,"href":"https:\/\/ledismile.com\/al\/wp-json\/wp\/v2\/pages\/3165\/revisions"}],"predecessor-version":[{"id":3269,"href":"https:\/\/ledismile.com\/al\/wp-json\/wp\/v2\/pages\/3165\/revisions\/3269"}],"up":[{"embeddable":true,"href":"https:\/\/ledismile.com\/al\/wp-json\/wp\/v2\/pages\/3155"}],"wp:attachment":[{"href":"https:\/\/ledismile.com\/al\/wp-json\/wp\/v2\/media?parent=3165"}],"curies":[{"name":"wp","href":"https:\/\/api.w.org\/{rel}","templated":true}]}}