{"id":3166,"date":"2022-06-30T16:20:07","date_gmt":"2022-06-30T16:20:07","guid":{"rendered":"http:\/\/ledismile.com\/?page_id=3166"},"modified":"2022-11-17T14:32:59","modified_gmt":"2022-11-17T14:32:59","slug":"kurim-i-xhepave-paradontale","status":"publish","type":"page","link":"https:\/\/ledismile.com\/al\/periodontologji\/kurim-i-xhepave-paradontale\/","title":{"rendered":"Kurim i xhepave paradontale"},"content":{"rendered":"<p>[vc_row][vc_column][vc_column_text]<\/p>\n<p class=\"has-text-align-center\" style=\"text-align: left;\">S\u00ebmundja e mishrave t\u00eb dh\u00ebmb\u00ebve p\u00ebrfshin inflamacionin e mishrave t\u00eb dh\u00ebmb\u00ebve<\/p>\n<p class=\"has-text-align-center\" style=\"text-align: left;\">Ajo shkaktohet nga nd\u00ebrtimi i pllak\u00ebs bakteriale n\u00eb goj\u00eb, e cila \u00e7on n\u00eb nj\u00eb inflamacion t\u00eb vij\u00ebs s\u00eb mishit t\u00eb dh\u00ebmb\u00ebve, i njohur si gingivit. N\u00ebse kjo nuk mjekohet, inflamacioni mund t\u00eb p\u00ebrhapet n\u00eb kocka dhe struktura t\u00eb tjera q\u00eb mb\u00ebshtesin dh\u00ebmb\u00ebt, gj\u00eb q\u00eb \u00e7on n\u00eb s\u00ebmundje m\u00eb serioze t\u00eb periodontitit. \u201cXhepat\u201d mund t\u00eb formohen n\u00eb mishrat e dh\u00ebmb\u00ebve, ku bakteret e d\u00ebmshme mund t\u00eb grumbullohen dhe t\u00eb provokojn\u00eb m\u00eb shum\u00eb inflamacion, duke \u00e7uar n\u00eb humbje t\u00eb kock\u00ebs. Si rezultat, dh\u00ebmb\u00ebt b\u00ebhen t\u00eb lirsh\u00ebm dhe eventualisht mund t\u00eb bien jasht\u00eb.<\/p>\n<p class=\"has-text-align-center\" style=\"text-align: left;\">N\u00eb rastin e implanteve, pllaka bakteriale \u00e7on n\u00eb nj\u00eb inflamacion t\u00eb mishrave t\u00eb dh\u00ebmb\u00ebve rreth implantit (mukoziti peri-implant) i cili, n\u00ebse lihet i patrajtuar, mund t\u00eb \u00e7oj\u00eb shpejt n\u00eb gjendjen m\u00eb serioze t\u00eb peri-implantit, q\u00eb p\u00ebrfshin humbjen e kock\u00ebs dhe eventualisht mund t\u00eb n\u00ebnkupton humbjen e implantit.<\/p>\n<p class=\"has-text-align-center\" style=\"text-align: left;\">Elementet themelore t\u00eb higjen\u00ebs s\u00eb mir\u00eb orale jan\u00eb:<\/p>\n<p class=\"has-text-align-center\" style=\"text-align: left;\">\u2013 Lani dh\u00ebmb\u00ebt tuaj t\u00eb pakt\u00ebn dy her\u00eb n\u00eb dit\u00eb, p\u00ebr t\u00eb pakt\u00ebn dy minuta, duke p\u00ebrdorur nj\u00eb manual ose nj\u00eb fur\u00e7\u00eb dh\u00ebmb\u00ebsh elektrike.<\/p>\n<p class=\"has-text-align-center\" style=\"text-align: left;\">\u2013 Pastroni midis dh\u00ebmb\u00ebve t\u00eb pakt\u00ebn nj\u00eb her\u00eb n\u00eb dit\u00eb duke p\u00ebrdorur fur\u00e7a interdental (t\u00eb njohura edhe si fur\u00e7a nd\u00ebrroksimale) dhe fije dh\u00ebmbi n\u00ebse boshll\u00ebqet jan\u00eb shum\u00eb t\u00eb vogla p\u00ebr fur\u00e7a. Ju mund t\u00eb keni nevoj\u00eb t\u00eb p\u00ebrdorni fur\u00e7a me madh\u00ebsi t\u00eb ndryshme p\u00ebr mang\u00ebsi t\u00eb madh\u00ebsive t\u00eb ndryshme. Ky pastrim interdental duhet t\u00eb b\u00ebhet p\u00ebrpara se t\u00eb lani dh\u00ebmb\u00ebt.<\/p>\n<p class=\"has-text-align-center\" style=\"text-align: left;\">\u2013 Pas larjes s\u00eb dh\u00ebmb\u00ebve tuaj, mund t\u00eb p\u00ebrdoren gargar\u00eb antiseptik\u00eb, pasi ato mund t\u00eb parandalojn\u00eb akumulimin e pllak\u00ebs deri n\u00eb 12 or\u00eb. Larjet e goj\u00ebs t\u00eb klorheksidin\u00ebs jan\u00eb m\u00eb t\u00eb efektshmet, por kan\u00eb disa efekte an\u00ebsore si ngjyrosja e dh\u00ebmb\u00ebve, gjuha e zez\u00eb, ndryshimi i shijes dhe nganj\u00ebher\u00eb erozioni i indeve t\u00eb buta t\u00eb goj\u00ebs. Larjet e goj\u00ebs t\u00eb klorheksidin\u00ebs rekomandohen t\u00eb p\u00ebrdoren p\u00ebr maksimum dy jav\u00eb.<\/p>\n<p>[\/vc_column_text][\/vc_column][\/vc_row][vc_row][vc_column][tm_image image=&#8221;3522&#8243;][\/vc_column][\/vc_row]<\/p>\n","protected":false},"excerpt":{"rendered":"<p>[vc_row][vc_column][vc_column_text] S\u00ebmundja e mishrave t\u00eb dh\u00ebmb\u00ebve p\u00ebrfshin inflamacionin e mishrave t\u00eb dh\u00ebmb\u00ebve Ajo shkaktohet nga nd\u00ebrtimi i pllak\u00ebs bakteriale n\u00eb goj\u00eb, e cila \u00e7on n\u00eb nj\u00eb inflamacion t\u00eb vij\u00ebs s\u00eb mishit t\u00eb dh\u00ebmb\u00ebve, i njohur si gingivit. N\u00ebse kjo nuk mjekohet, inflamacioni mund t\u00eb p\u00ebrhapet n\u00eb kocka dhe struktura t\u00eb tjera q\u00eb mb\u00ebshtesin dh\u00ebmb\u00ebt, gj\u00eb q\u00eb \u00e7on n\u00eb s\u00ebmundje m\u00eb serioze t\u00eb periodontitit. \u201cXhepat\u201d mund t\u00eb formohen n\u00eb mishrat e dh\u00ebmb\u00ebve, ku bakteret e d\u00ebmshme mund t\u00eb grumbullohen dhe t\u00eb provokojn\u00eb m\u00eb shum\u00eb inflamacion, duke \u00e7uar n\u00eb humbje t\u00eb kock\u00ebs. Si rezultat, dh\u00ebmb\u00ebt b\u00ebhen t\u00eb lirsh\u00ebm dhe eventualisht mund t\u00eb bien jasht\u00eb. N\u00eb rastin e implanteve, pllaka bakteriale \u00e7on n\u00eb nj\u00eb inflamacion t\u00eb mishrave t\u00eb dh\u00ebmb\u00ebve rreth implantit (mukoziti peri-implant) i cili, n\u00ebse lihet i patrajtuar, mund t\u00eb \u00e7oj\u00eb shpejt n\u00eb gjendjen m\u00eb serioze t\u00eb peri-implantit, q\u00eb p\u00ebrfshin humbjen e kock\u00ebs dhe eventualisht mund t\u00eb n\u00ebnkupton humbjen e implantit. Elementet themelore t\u00eb higjen\u00ebs s\u00eb mir\u00eb orale jan\u00eb: \u2013 Lani dh\u00ebmb\u00ebt tuaj t\u00eb pakt\u00ebn dy her\u00eb n\u00eb dit\u00eb, p\u00ebr t\u00eb pakt\u00ebn dy minuta, duke p\u00ebrdorur nj\u00eb manual ose nj\u00eb fur\u00e7\u00eb dh\u00ebmb\u00ebsh elektrike. \u2013 Pastroni midis dh\u00ebmb\u00ebve t\u00eb pakt\u00ebn nj\u00eb her\u00eb n\u00eb dit\u00eb duke p\u00ebrdorur fur\u00e7a interdental (t\u00eb njohura edhe si fur\u00e7a nd\u00ebrroksimale) dhe fije dh\u00ebmbi n\u00ebse boshll\u00ebqet jan\u00eb shum\u00eb t\u00eb vogla p\u00ebr fur\u00e7a. Ju mund t\u00eb keni nevoj\u00eb t\u00eb p\u00ebrdorni fur\u00e7a me madh\u00ebsi t\u00eb ndryshme p\u00ebr mang\u00ebsi t\u00eb madh\u00ebsive t\u00eb ndryshme. Ky pastrim interdental duhet t\u00eb b\u00ebhet p\u00ebrpara se t\u00eb lani dh\u00ebmb\u00ebt. \u2013 Pas larjes s\u00eb dh\u00ebmb\u00ebve tuaj, mund t\u00eb p\u00ebrdoren gargar\u00eb antiseptik\u00eb, pasi ato mund t\u00eb parandalojn\u00eb akumulimin e pllak\u00ebs deri n\u00eb 12 or\u00eb. Larjet e goj\u00ebs t\u00eb klorheksidin\u00ebs jan\u00eb m\u00eb t\u00eb efektshmet, por kan\u00eb disa efekte an\u00ebsore si ngjyrosja e dh\u00ebmb\u00ebve, gjuha e zez\u00eb, ndryshimi i shijes dhe nganj\u00ebher\u00eb erozioni i indeve t\u00eb buta t\u00eb goj\u00ebs. Larjet e goj\u00ebs t\u00eb klorheksidin\u00ebs rekomandohen t\u00eb p\u00ebrdoren p\u00ebr maksimum dy jav\u00eb. [\/vc_column_text][\/vc_column][\/vc_row][vc_row][vc_column][tm_image image=&#8221;3522&#8243;][\/vc_column][\/vc_row]<\/p>\n","protected":false},"author":1,"featured_media":0,"parent":3155,"menu_order":0,"comment_status":"closed","ping_status":"closed","template":"","meta":{"footnotes":""},"class_list":["post-3166","page","type-page","status-publish","hentry"],"_links":{"self":[{"href":"https:\/\/ledismile.com\/al\/wp-json\/wp\/v2\/pages\/3166","targetHints":{"allow":["GET"]}}],"collection":[{"href":"https:\/\/ledismile.com\/al\/wp-json\/wp\/v2\/pages"}],"about":[{"href":"https:\/\/ledismile.com\/al\/wp-json\/wp\/v2\/types\/page"}],"author":[{"embeddable":true,"href":"https:\/\/ledismile.com\/al\/wp-json\/wp\/v2\/users\/1"}],"replies":[{"embeddable":true,"href":"https:\/\/ledismile.com\/al\/wp-json\/wp\/v2\/comments?post=3166"}],"version-history":[{"count":5,"href":"https:\/\/ledismile.com\/al\/wp-json\/wp\/v2\/pages\/3166\/revisions"}],"predecessor-version":[{"id":3523,"href":"https:\/\/ledismile.com\/al\/wp-json\/wp\/v2\/pages\/3166\/revisions\/3523"}],"up":[{"embeddable":true,"href":"https:\/\/ledismile.com\/al\/wp-json\/wp\/v2\/pages\/3155"}],"wp:attachment":[{"href":"https:\/\/ledismile.com\/al\/wp-json\/wp\/v2\/media?parent=3166"}],"curies":[{"name":"wp","href":"https:\/\/api.w.org\/{rel}","templated":true}]}}