{"id":3185,"date":"2022-06-30T16:27:47","date_gmt":"2022-06-30T16:27:47","guid":{"rendered":"http:\/\/ledismile.com\/?page_id=3185"},"modified":"2022-11-17T15:41:10","modified_gmt":"2022-11-17T15:41:10","slug":"pedodonci-stomatologji-per-femijet","status":"publish","type":"page","link":"https:\/\/ledismile.com\/al\/pedodonci-stomatologji-per-femijet\/","title":{"rendered":"Pedodonci &#8211; stomatologji per femijet"},"content":{"rendered":"<p>[vc_row][vc_column width=&#8221;2\/3&#8243;][vc_column_text]Pedodontika \u00ebsht\u00eb shkenca q\u00eb ekzaminon struktur\u00ebn e dh\u00ebmb\u00ebve dhe nofullave t\u00eb f\u00ebmij\u00ebve midis 0-13 vje\u00e7 dhe nd\u00ebrhyn n\u00eb situata problematike q\u00eb shihen n\u00eb dh\u00ebmb\u00eb dhe brenda goj\u00ebs. Pedodontika, e cila \u00ebsht\u00eb nj\u00eb deg\u00eb shkencore q\u00eb siguron nj\u00eb zhvillim t\u00eb sh\u00ebndetsh\u00ebm t\u00eb struktur\u00ebs s\u00eb goj\u00ebs, nofull\u00ebs dhe fytyr\u00ebs tek foshnjat dhe f\u00ebmij\u00ebt deri n\u00eb mosh\u00ebn 13 vje\u00e7, ka zhvilluar lloje t\u00eb ndryshme trajtimesh n\u00eb \u00e7\u00ebshtje t\u00eb ndryshme t\u00eb ndryshme gojore dhe dentare.<\/p>\n<p>Pedodontika p\u00ebrfshin llojet e trajtimit vet\u00ebm p\u00ebr f\u00ebmij\u00ebt. K\u00ebto trajtime jan\u00eb zhvilluar me nj\u00eb v\u00ebmendje p\u00ebr t\u00eb nd\u00ebrhyr\u00eb n\u00eb \u00e7\u00ebshtje ve\u00e7an\u00ebrisht t\u00eb periudh\u00ebs s\u00eb zhvillimit t\u00eb f\u00ebmij\u00ebve. N\u00eb ve\u00e7anti, prishja e dh\u00ebmb\u00ebve, situatat e mbushura n\u00eb dh\u00ebmb\u00ebt e qum\u00ebshtit dhe ngjeshja n\u00eb struktur\u00ebn e nofullave dhe dh\u00ebmb\u00ebve jan\u00eb problemet me t\u00eb cilat merret pododentika. Problemet e dhimbjes dhe nofull\u00ebs p\u00ebrparojn\u00eb m\u00eb shpejt te f\u00ebmij\u00ebt n\u00eb krahasim me t\u00eb rriturit dhe proceset e tyre t\u00eb trajtimit mund t\u00eb jen\u00eb m\u00eb sfiduese. Si i till\u00eb, prind\u00ebrit duhet t\u00eb shkojn\u00eb tek pediatri pas mosh\u00ebs 1 vje\u00e7 dhe t\u00eb b\u00ebhen t\u00eb gjitha kontrollet e tyre. Pas mosh\u00ebs 1 vje\u00e7, k\u00ebto kontrolle duhen p\u00ebrs\u00ebritur p\u00ebrgjith\u00ebsisht \u00e7do 4 muaj.<\/p>\n<p>Klinika Dentarel \u201dLedismile\u201d, me nj\u00eb eksperienc\u00eb t\u00eb gjat\u00eb n\u00eb stomatologji dhe pedodonti, \u00ebsht\u00eb klinika e familjes suaj n\u00eb t\u00eb cil\u00ebn do t\u00eb merrni sh\u00ebrbimet cil\u00ebsore p\u00ebr t\u00eb gjith\u00eb pjes\u00ebtar\u00ebt, gjithashtu edhe p\u00ebr f\u00ebmij\u00ebt tuaj.[\/vc_column_text][vc_separator color=&#8221;blue&#8221; css=&#8221;.vc_custom_1652451124213{padding-top: 10px !important;padding-bottom: 10px !important;}&#8221;][tm_image image=&#8221;3537&#8243;][\/vc_column][vc_column width=&#8221;1\/3&#8243;][tm_custom_menu align=&#8221;right&#8221; title=&#8221;Pedodonci &#8211; stomatologji per femijet&#8221; nav_menu=&#8221;pedodonci-stomatologji-per-femijet&#8221;][\/vc_column][\/vc_row]<\/p>\n","protected":false},"excerpt":{"rendered":"<p>[vc_row][vc_column width=&#8221;2\/3&#8243;][vc_column_text]Pedodontika \u00ebsht\u00eb shkenca q\u00eb ekzaminon struktur\u00ebn e dh\u00ebmb\u00ebve dhe nofullave t\u00eb f\u00ebmij\u00ebve midis 0-13 vje\u00e7 dhe nd\u00ebrhyn n\u00eb situata problematike q\u00eb shihen n\u00eb dh\u00ebmb\u00eb dhe brenda goj\u00ebs. Pedodontika, e cila \u00ebsht\u00eb nj\u00eb deg\u00eb shkencore q\u00eb siguron nj\u00eb zhvillim t\u00eb sh\u00ebndetsh\u00ebm t\u00eb struktur\u00ebs s\u00eb goj\u00ebs, nofull\u00ebs dhe fytyr\u00ebs tek foshnjat dhe f\u00ebmij\u00ebt deri n\u00eb mosh\u00ebn 13 vje\u00e7, ka zhvilluar lloje t\u00eb ndryshme trajtimesh n\u00eb \u00e7\u00ebshtje t\u00eb ndryshme t\u00eb ndryshme gojore dhe dentare. Pedodontika p\u00ebrfshin llojet e trajtimit vet\u00ebm p\u00ebr f\u00ebmij\u00ebt. K\u00ebto trajtime jan\u00eb zhvilluar me nj\u00eb v\u00ebmendje p\u00ebr t\u00eb nd\u00ebrhyr\u00eb n\u00eb \u00e7\u00ebshtje ve\u00e7an\u00ebrisht t\u00eb periudh\u00ebs s\u00eb zhvillimit t\u00eb f\u00ebmij\u00ebve. N\u00eb ve\u00e7anti, prishja e dh\u00ebmb\u00ebve, situatat e mbushura n\u00eb dh\u00ebmb\u00ebt e qum\u00ebshtit dhe ngjeshja n\u00eb struktur\u00ebn e nofullave dhe dh\u00ebmb\u00ebve jan\u00eb problemet me t\u00eb cilat merret pododentika. Problemet e dhimbjes dhe nofull\u00ebs p\u00ebrparojn\u00eb m\u00eb shpejt te f\u00ebmij\u00ebt n\u00eb krahasim me t\u00eb rriturit dhe proceset e tyre t\u00eb trajtimit mund t\u00eb jen\u00eb m\u00eb sfiduese. Si i till\u00eb, prind\u00ebrit duhet t\u00eb shkojn\u00eb tek pediatri pas mosh\u00ebs 1 vje\u00e7 dhe t\u00eb b\u00ebhen t\u00eb gjitha kontrollet e tyre. Pas mosh\u00ebs 1 vje\u00e7, k\u00ebto kontrolle duhen p\u00ebrs\u00ebritur p\u00ebrgjith\u00ebsisht \u00e7do 4 muaj. Klinika Dentarel \u201dLedismile\u201d, me nj\u00eb eksperienc\u00eb t\u00eb gjat\u00eb n\u00eb stomatologji dhe pedodonti, \u00ebsht\u00eb klinika e familjes suaj n\u00eb t\u00eb cil\u00ebn do t\u00eb merrni sh\u00ebrbimet cil\u00ebsore p\u00ebr t\u00eb gjith\u00eb pjes\u00ebtar\u00ebt, gjithashtu edhe p\u00ebr f\u00ebmij\u00ebt tuaj.[\/vc_column_text][vc_separator color=&#8221;blue&#8221; css=&#8221;.vc_custom_1652451124213{padding-top: 10px !important;padding-bottom: 10px !important;}&#8221;][tm_image image=&#8221;3537&#8243;][\/vc_column][vc_column width=&#8221;1\/3&#8243;][tm_custom_menu align=&#8221;right&#8221; title=&#8221;Pedodonci &#8211; stomatologji per femijet&#8221; nav_menu=&#8221;pedodonci-stomatologji-per-femijet&#8221;][\/vc_column][\/vc_row]<\/p>\n","protected":false},"author":1,"featured_media":0,"parent":0,"menu_order":0,"comment_status":"closed","ping_status":"closed","template":"","meta":{"footnotes":""},"class_list":["post-3185","page","type-page","status-publish","hentry"],"_links":{"self":[{"href":"https:\/\/ledismile.com\/al\/wp-json\/wp\/v2\/pages\/3185","targetHints":{"allow":["GET"]}}],"collection":[{"href":"https:\/\/ledismile.com\/al\/wp-json\/wp\/v2\/pages"}],"about":[{"href":"https:\/\/ledismile.com\/al\/wp-json\/wp\/v2\/types\/page"}],"author":[{"embeddable":true,"href":"https:\/\/ledismile.com\/al\/wp-json\/wp\/v2\/users\/1"}],"replies":[{"embeddable":true,"href":"https:\/\/ledismile.com\/al\/wp-json\/wp\/v2\/comments?post=3185"}],"version-history":[{"count":4,"href":"https:\/\/ledismile.com\/al\/wp-json\/wp\/v2\/pages\/3185\/revisions"}],"predecessor-version":[{"id":3538,"href":"https:\/\/ledismile.com\/al\/wp-json\/wp\/v2\/pages\/3185\/revisions\/3538"}],"wp:attachment":[{"href":"https:\/\/ledismile.com\/al\/wp-json\/wp\/v2\/media?parent=3185"}],"curies":[{"name":"wp","href":"https:\/\/api.w.org\/{rel}","templated":true}]}}