{"id":3188,"date":"2022-06-30T16:31:50","date_gmt":"2022-06-30T16:31:50","guid":{"rendered":"http:\/\/ledismile.com\/?page_id=3188"},"modified":"2022-07-13T15:24:04","modified_gmt":"2022-07-13T15:24:04","slug":"pastrim-i-dhembeve-dhe-flourizim-i-tyre","status":"publish","type":"page","link":"https:\/\/ledismile.com\/al\/pedodonci-stomatologji-per-femijet\/pastrim-i-dhembeve-dhe-flourizim-i-tyre\/","title":{"rendered":"Pastrim i dh\u00ebmb\u00ebve dhe flourizim i tyre"},"content":{"rendered":"<p>Ashtu si p\u00ebr t\u00eb rriturit, pastrim i dh\u00ebmb\u00ebve dhe flourizim i tyre rekomandohet edhe p\u00ebr f\u00ebmij\u00ebt. N\u00eb var\u00ebsi t\u00eb sasis\u00eb s\u00eb pllak\u00ebs dhe gur\u00ebzave n\u00eb dh\u00ebmb\u00ebt tuaj, dentisti do t\u00eb kryej\u00eb nj\u00eb pastrim t\u00eb thjesht\u00eb ose flourizim.<\/p>\n","protected":false},"excerpt":{"rendered":"<p>Ashtu si p\u00ebr t\u00eb rriturit, pastrim i dh\u00ebmb\u00ebve dhe flourizim i tyre rekomandohet edhe p\u00ebr f\u00ebmij\u00ebt. N\u00eb var\u00ebsi t\u00eb sasis\u00eb s\u00eb pllak\u00ebs dhe gur\u00ebzave n\u00eb dh\u00ebmb\u00ebt tuaj, dentisti do t\u00eb kryej\u00eb nj\u00eb pastrim t\u00eb thjesht\u00eb ose flourizim.<\/p>\n","protected":false},"author":1,"featured_media":0,"parent":3185,"menu_order":0,"comment_status":"closed","ping_status":"closed","template":"","meta":{"footnotes":""},"class_list":["post-3188","page","type-page","status-publish","hentry"],"_links":{"self":[{"href":"https:\/\/ledismile.com\/al\/wp-json\/wp\/v2\/pages\/3188","targetHints":{"allow":["GET"]}}],"collection":[{"href":"https:\/\/ledismile.com\/al\/wp-json\/wp\/v2\/pages"}],"about":[{"href":"https:\/\/ledismile.com\/al\/wp-json\/wp\/v2\/types\/page"}],"author":[{"embeddable":true,"href":"https:\/\/ledismile.com\/al\/wp-json\/wp\/v2\/users\/1"}],"replies":[{"embeddable":true,"href":"https:\/\/ledismile.com\/al\/wp-json\/wp\/v2\/comments?post=3188"}],"version-history":[{"count":2,"href":"https:\/\/ledismile.com\/al\/wp-json\/wp\/v2\/pages\/3188\/revisions"}],"predecessor-version":[{"id":3273,"href":"https:\/\/ledismile.com\/al\/wp-json\/wp\/v2\/pages\/3188\/revisions\/3273"}],"up":[{"embeddable":true,"href":"https:\/\/ledismile.com\/al\/wp-json\/wp\/v2\/pages\/3185"}],"wp:attachment":[{"href":"https:\/\/ledismile.com\/al\/wp-json\/wp\/v2\/media?parent=3188"}],"curies":[{"name":"wp","href":"https:\/\/api.w.org\/{rel}","templated":true}]}}