{"id":3190,"date":"2022-06-30T16:33:28","date_gmt":"2022-06-30T16:33:28","guid":{"rendered":"http:\/\/ledismile.com\/?page_id=3190"},"modified":"2022-11-17T15:43:04","modified_gmt":"2022-11-17T15:43:04","slug":"kurim-i-dhembeve-te-qumeshtit","status":"publish","type":"page","link":"https:\/\/ledismile.com\/al\/pedodonci-stomatologji-per-femijet\/kurim-i-dhembeve-te-qumeshtit\/","title":{"rendered":"Kurim i dh\u00ebmb\u00ebve t\u00eb qum\u00ebshtit"},"content":{"rendered":"<p>[vc_row][vc_column][vc_column_text]Trajtimi do t\u00eb varet nga simptomat, mosha dhe sh\u00ebndeti i p\u00ebrgjithsh\u00ebm i f\u00ebmij\u00ebs suaj. Do t\u00eb varet gjithashtu nga sa e r\u00ebnd\u00eb \u00ebsht\u00eb gjendja.<\/p>\n<p>N\u00eb shumic\u00ebn e rasteve, trajtimi k\u00ebrkon heqjen e pjes\u00ebs s\u00eb prishur t\u00eb dh\u00ebmbit dhe z\u00ebvend\u00ebsimin e tij me nj\u00eb mbushje. Mbushjet jan\u00eb materiale t\u00eb vendosura n\u00eb dh\u00ebmb\u00eb p\u00ebr t\u00eb riparuar d\u00ebmtimet e shkaktuara nga prishja e dh\u00ebmb\u00ebve. Quhen edhe restaurime. Ekzistojn\u00eb lloje t\u00eb ndryshme t\u00eb mbushjeve:<\/p>\n<p>Restaurime direkte. K\u00ebto kan\u00eb nevoj\u00eb p\u00ebr nj\u00eb vizit\u00eb t\u00eb vetme p\u00ebr t\u00eb vendosur nj\u00eb mbushje direkt n\u00eb nj\u00eb vrim\u00eb t\u00eb p\u00ebrgatitur. K\u00ebto mbushje mund t\u00eb b\u00ebhen nga argjendi, pluhurat e qelqit t\u00eb im\u00ebt, acidet akrilike ose rr\u00ebshira. Shpesh jan\u00eb me ngjyr\u00eb dh\u00ebmb\u00ebsh.<\/p>\n<p>Restaurimet indirekte. K\u00ebto k\u00ebrkojn\u00eb 2 ose m\u00eb shum\u00eb vizita. Ato p\u00ebrfshijn\u00eb inlays, onlays, rimeso, kurora dhe ura. K\u00ebto jan\u00eb t\u00eb nd\u00ebrtuara me ar, aliazhe t\u00eb metaleve baz\u00eb, qeramik\u00eb ose p\u00ebrb\u00ebrje. Shum\u00eb nga k\u00ebto materiale mund t\u00eb duken si smalt natyral t\u00eb dh\u00ebmb\u00ebve.[\/vc_column_text][\/vc_column][\/vc_row][vc_row][vc_column][tm_image image=&#8221;3539&#8243;][\/vc_column][\/vc_row]<\/p>\n","protected":false},"excerpt":{"rendered":"<p>[vc_row][vc_column][vc_column_text]Trajtimi do t\u00eb varet nga simptomat, mosha dhe sh\u00ebndeti i p\u00ebrgjithsh\u00ebm i f\u00ebmij\u00ebs suaj. Do t\u00eb varet gjithashtu nga sa e r\u00ebnd\u00eb \u00ebsht\u00eb gjendja. N\u00eb shumic\u00ebn e rasteve, trajtimi k\u00ebrkon heqjen e pjes\u00ebs s\u00eb prishur t\u00eb dh\u00ebmbit dhe z\u00ebvend\u00ebsimin e tij me nj\u00eb mbushje. Mbushjet jan\u00eb materiale t\u00eb vendosura n\u00eb dh\u00ebmb\u00eb p\u00ebr t\u00eb riparuar d\u00ebmtimet e shkaktuara nga prishja e dh\u00ebmb\u00ebve. Quhen edhe restaurime. Ekzistojn\u00eb lloje t\u00eb ndryshme t\u00eb mbushjeve: Restaurime direkte. K\u00ebto kan\u00eb nevoj\u00eb p\u00ebr nj\u00eb vizit\u00eb t\u00eb vetme p\u00ebr t\u00eb vendosur nj\u00eb mbushje direkt n\u00eb nj\u00eb vrim\u00eb t\u00eb p\u00ebrgatitur. K\u00ebto mbushje mund t\u00eb b\u00ebhen nga argjendi, pluhurat e qelqit t\u00eb im\u00ebt, acidet akrilike ose rr\u00ebshira. Shpesh jan\u00eb me ngjyr\u00eb dh\u00ebmb\u00ebsh. Restaurimet indirekte. K\u00ebto k\u00ebrkojn\u00eb 2 ose m\u00eb shum\u00eb vizita. Ato p\u00ebrfshijn\u00eb inlays, onlays, rimeso, kurora dhe ura. K\u00ebto jan\u00eb t\u00eb nd\u00ebrtuara me ar, aliazhe t\u00eb metaleve baz\u00eb, qeramik\u00eb ose p\u00ebrb\u00ebrje. Shum\u00eb nga k\u00ebto materiale mund t\u00eb duken si smalt natyral t\u00eb dh\u00ebmb\u00ebve.[\/vc_column_text][\/vc_column][\/vc_row][vc_row][vc_column][tm_image image=&#8221;3539&#8243;][\/vc_column][\/vc_row]<\/p>\n","protected":false},"author":1,"featured_media":0,"parent":3185,"menu_order":0,"comment_status":"closed","ping_status":"closed","template":"","meta":{"footnotes":""},"class_list":["post-3190","page","type-page","status-publish","hentry"],"_links":{"self":[{"href":"https:\/\/ledismile.com\/al\/wp-json\/wp\/v2\/pages\/3190","targetHints":{"allow":["GET"]}}],"collection":[{"href":"https:\/\/ledismile.com\/al\/wp-json\/wp\/v2\/pages"}],"about":[{"href":"https:\/\/ledismile.com\/al\/wp-json\/wp\/v2\/types\/page"}],"author":[{"embeddable":true,"href":"https:\/\/ledismile.com\/al\/wp-json\/wp\/v2\/users\/1"}],"replies":[{"embeddable":true,"href":"https:\/\/ledismile.com\/al\/wp-json\/wp\/v2\/comments?post=3190"}],"version-history":[{"count":3,"href":"https:\/\/ledismile.com\/al\/wp-json\/wp\/v2\/pages\/3190\/revisions"}],"predecessor-version":[{"id":3540,"href":"https:\/\/ledismile.com\/al\/wp-json\/wp\/v2\/pages\/3190\/revisions\/3540"}],"up":[{"embeddable":true,"href":"https:\/\/ledismile.com\/al\/wp-json\/wp\/v2\/pages\/3185"}],"wp:attachment":[{"href":"https:\/\/ledismile.com\/al\/wp-json\/wp\/v2\/media?parent=3190"}],"curies":[{"name":"wp","href":"https:\/\/api.w.org\/{rel}","templated":true}]}}