{"id":3191,"date":"2022-06-30T16:35:22","date_gmt":"2022-06-30T16:35:22","guid":{"rendered":"http:\/\/ledismile.com\/?page_id=3191"},"modified":"2022-11-17T15:46:24","modified_gmt":"2022-11-17T15:46:24","slug":"heqje-e-dhembeve-te-qumeshtit","status":"publish","type":"page","link":"https:\/\/ledismile.com\/al\/pedodonci-stomatologji-per-femijet\/heqje-e-dhembeve-te-qumeshtit\/","title":{"rendered":"Heqje e dh\u00ebmb\u00ebve t\u00eb qum\u00ebshtit"},"content":{"rendered":"<p>[vc_row][vc_column][vc_column_text]Kur dh\u00ebmb\u00ebt e p\u00ebrhersh\u00ebm ose &#8220;t\u00eb rritur&#8221; fillojn\u00eb t\u00eb dalin, dh\u00ebmb\u00ebt e qum\u00ebshtit b\u00ebhen gati t\u00eb largohen nga rruga. Kjo ndodh kur dh\u00ebmb\u00ebt e p\u00ebrhersh\u00ebm z\u00ebn\u00eb rr\u00ebnj\u00ebt e atyre foshnjave. Dh\u00ebmb\u00ebt e qum\u00ebshtit m\u00eb pas lirohen derisa t\u00eb bien. Shumica e f\u00ebmij\u00ebve fillojn\u00eb t\u00eb humbasin dh\u00ebmb\u00ebt rreth mosh\u00ebs 6 vje\u00e7are.<\/p>\r\n<p>Dh\u00ebmb\u00ebt e p\u00ebrparm\u00eb kan\u00eb tendenc\u00eb t\u00eb bien s\u00eb pari. Molar\u00ebt (dh\u00ebmb\u00ebt m\u00eb t\u00eb m\u00ebdhenj n\u00eb pjes\u00ebn e pasme t\u00eb goj\u00ebs) zakonisht bien kur f\u00ebmij\u00ebt jan\u00eb midis mosh\u00ebs 10 dhe 12 vje\u00e7.<\/p>\r\n<p>Telefononi dentistin tuaj kur:<\/p>\r\n\r\n<p>&nbsp;<\/p>\r\n\r\n<ul class=\"wp-block-list\">\r\n<li>Nj\u00eb dh\u00ebmb qum\u00ebshti q\u00ebndron paksa i liruar, por q\u00eb nuk lirohet dhe nuk del p\u00ebr 6 muaj ose m\u00eb gjat\u00eb<\/li>\r\n<li>Humbje e shumic\u00ebs s\u00eb dh\u00ebmb\u00ebve t\u00eb qum\u00ebshtit, por nj\u00eb ose m\u00eb shum\u00eb dh\u00ebmb\u00eb nuk po dalin.<\/li>\r\n<li>Dhimbje ose shenja infeksioni (si mishrat e fryr\u00eb ose dhimbje).<\/li>\r\n<li>Nj\u00eb dh\u00ebmb i r\u00ebn\u00eb aksidentalisht.<\/li>\r\n<\/ul>\r\n<p>[\/vc_column_text][\/vc_column][\/vc_row][vc_row][vc_column][tm_image image=&#8221;3541&#8243;][\/vc_column][\/vc_row]<\/p>","protected":false},"excerpt":{"rendered":"<p>[vc_row][vc_column][vc_column_text]Kur dh\u00ebmb\u00ebt e p\u00ebrhersh\u00ebm ose &#8220;t\u00eb rritur&#8221; fillojn\u00eb t\u00eb dalin, dh\u00ebmb\u00ebt e qum\u00ebshtit b\u00ebhen gati t\u00eb largohen nga rruga. Kjo ndodh kur dh\u00ebmb\u00ebt e p\u00ebrhersh\u00ebm z\u00ebn\u00eb rr\u00ebnj\u00ebt e atyre foshnjave. Dh\u00ebmb\u00ebt e qum\u00ebshtit m\u00eb pas lirohen derisa t\u00eb bien. Shumica e f\u00ebmij\u00ebve fillojn\u00eb t\u00eb humbasin dh\u00ebmb\u00ebt rreth mosh\u00ebs 6 vje\u00e7are. Dh\u00ebmb\u00ebt e p\u00ebrparm\u00eb kan\u00eb tendenc\u00eb t\u00eb bien s\u00eb pari. Molar\u00ebt (dh\u00ebmb\u00ebt m\u00eb t\u00eb m\u00ebdhenj n\u00eb pjes\u00ebn e pasme t\u00eb goj\u00ebs) zakonisht bien kur f\u00ebmij\u00ebt jan\u00eb midis mosh\u00ebs 10 dhe 12 vje\u00e7. Telefononi dentistin tuaj kur: &nbsp; Nj\u00eb dh\u00ebmb qum\u00ebshti q\u00ebndron paksa i liruar, por q\u00eb nuk lirohet dhe nuk del p\u00ebr 6 muaj ose m\u00eb gjat\u00eb Humbje e shumic\u00ebs s\u00eb dh\u00ebmb\u00ebve t\u00eb qum\u00ebshtit, por nj\u00eb ose m\u00eb shum\u00eb dh\u00ebmb\u00eb nuk po dalin. Dhimbje ose shenja infeksioni (si mishrat e fryr\u00eb ose dhimbje). Nj\u00eb dh\u00ebmb i r\u00ebn\u00eb aksidentalisht. [\/vc_column_text][\/vc_column][\/vc_row][vc_row][vc_column][tm_image image=&#8221;3541&#8243;][\/vc_column][\/vc_row]<\/p>\n","protected":false},"author":1,"featured_media":0,"parent":3185,"menu_order":0,"comment_status":"closed","ping_status":"closed","template":"","meta":{"footnotes":""},"class_list":["post-3191","page","type-page","status-publish","hentry"],"_links":{"self":[{"href":"https:\/\/ledismile.com\/al\/wp-json\/wp\/v2\/pages\/3191","targetHints":{"allow":["GET"]}}],"collection":[{"href":"https:\/\/ledismile.com\/al\/wp-json\/wp\/v2\/pages"}],"about":[{"href":"https:\/\/ledismile.com\/al\/wp-json\/wp\/v2\/types\/page"}],"author":[{"embeddable":true,"href":"https:\/\/ledismile.com\/al\/wp-json\/wp\/v2\/users\/1"}],"replies":[{"embeddable":true,"href":"https:\/\/ledismile.com\/al\/wp-json\/wp\/v2\/comments?post=3191"}],"version-history":[{"count":3,"href":"https:\/\/ledismile.com\/al\/wp-json\/wp\/v2\/pages\/3191\/revisions"}],"predecessor-version":[{"id":3542,"href":"https:\/\/ledismile.com\/al\/wp-json\/wp\/v2\/pages\/3191\/revisions\/3542"}],"up":[{"embeddable":true,"href":"https:\/\/ledismile.com\/al\/wp-json\/wp\/v2\/pages\/3185"}],"wp:attachment":[{"href":"https:\/\/ledismile.com\/al\/wp-json\/wp\/v2\/media?parent=3191"}],"curies":[{"name":"wp","href":"https:\/\/api.w.org\/{rel}","templated":true}]}}