{"id":3192,"date":"2022-06-30T16:36:30","date_gmt":"2022-06-30T16:36:30","guid":{"rendered":"http:\/\/ledismile.com\/?page_id=3192"},"modified":"2022-11-17T16:56:32","modified_gmt":"2022-11-17T16:56:32","slug":"vendosja-e-aparateve-interceptive-per-rregullimin-e-rritjes-se-nofullave-dhe-relacionit-mes-tyre","status":"publish","type":"page","link":"https:\/\/ledismile.com\/al\/pedodonci-stomatologji-per-femijet\/vendosja-e-aparateve-interceptive-per-rregullimin-e-rritjes-se-nofullave-dhe-relacionit-mes-tyre\/","title":{"rendered":"Vendosja e aparateve interceptive p\u00ebr rregullimin e rritjes s\u00eb nofullave dhe relacionit mes tyre"},"content":{"rendered":"<p>[vc_row][vc_column][vc_column_text]Ortodoncia interceptive \u00ebsht\u00eb nj\u00eb qasje q\u00eb p\u00ebrdor trajtime me faza p\u00ebr t\u00eb manipuluar rritjen dhe p\u00ebr t\u00eb korrigjuar problemet e okluzionit zhvillimor.<\/p>\n<p>Rekomandohet q\u00eb f\u00ebmij\u00ebt t\u00eb vizitojn\u00eb nj\u00eb ortodont q\u00eb n\u00eb mosh\u00ebn shtat\u00eb vje\u00e7are p\u00ebr t&#8217;u vler\u00ebsuar p\u00ebr trajtim ortodontik.<\/p>\n<p>Trajtimi ortodontik interceptiv (i njohur gjithashtu si Faza e Par\u00eb ose Trajtimi i Hersh\u00ebm) zakonisht fillon rreth mosh\u00ebs tet\u00eb ose n\u00ebnt\u00eb vje\u00e7. Faza e dyt\u00eb do t\u00eb filloj\u00eb rreth mosh\u00ebs 11 vje\u00e7 ose m\u00eb t\u00eb vjet\u00ebr. Q\u00ebllimi i trajtimit t\u00eb hersh\u00ebm \u00ebsht\u00eb korrigjimi i rritjes s\u00eb nofull\u00ebs dhe disa problemeve t\u00eb kafshimit, si p.sh. Trajtimi i hersh\u00ebm gjithashtu ndihmon n\u00eb krijimin e hap\u00ebsir\u00ebs p\u00ebr hyrjen e duhur t\u00eb dh\u00ebmb\u00ebve t\u00eb p\u00ebrhersh\u00ebm dhe zvog\u00eblimin e gjasave p\u00ebr nxjerrje n\u00eb t\u00eb ardhmen.[\/vc_column_text][\/vc_column][\/vc_row][vc_row][vc_column][tm_image image=&#8221;3544&#8243;][\/vc_column][\/vc_row]<\/p>\n","protected":false},"excerpt":{"rendered":"<p>[vc_row][vc_column][vc_column_text]Ortodoncia interceptive \u00ebsht\u00eb nj\u00eb qasje q\u00eb p\u00ebrdor trajtime me faza p\u00ebr t\u00eb manipuluar rritjen dhe p\u00ebr t\u00eb korrigjuar problemet e okluzionit zhvillimor. Rekomandohet q\u00eb f\u00ebmij\u00ebt t\u00eb vizitojn\u00eb nj\u00eb ortodont q\u00eb n\u00eb mosh\u00ebn shtat\u00eb vje\u00e7are p\u00ebr t&#8217;u vler\u00ebsuar p\u00ebr trajtim ortodontik. Trajtimi ortodontik interceptiv (i njohur gjithashtu si Faza e Par\u00eb ose Trajtimi i Hersh\u00ebm) zakonisht fillon rreth mosh\u00ebs tet\u00eb ose n\u00ebnt\u00eb vje\u00e7. Faza e dyt\u00eb do t\u00eb filloj\u00eb rreth mosh\u00ebs 11 vje\u00e7 ose m\u00eb t\u00eb vjet\u00ebr. Q\u00ebllimi i trajtimit t\u00eb hersh\u00ebm \u00ebsht\u00eb korrigjimi i rritjes s\u00eb nofull\u00ebs dhe disa problemeve t\u00eb kafshimit, si p.sh. Trajtimi i hersh\u00ebm gjithashtu ndihmon n\u00eb krijimin e hap\u00ebsir\u00ebs p\u00ebr hyrjen e duhur t\u00eb dh\u00ebmb\u00ebve t\u00eb p\u00ebrhersh\u00ebm dhe zvog\u00eblimin e gjasave p\u00ebr nxjerrje n\u00eb t\u00eb ardhmen.[\/vc_column_text][\/vc_column][\/vc_row][vc_row][vc_column][tm_image image=&#8221;3544&#8243;][\/vc_column][\/vc_row]<\/p>\n","protected":false},"author":1,"featured_media":0,"parent":3185,"menu_order":0,"comment_status":"closed","ping_status":"closed","template":"","meta":{"footnotes":""},"class_list":["post-3192","page","type-page","status-publish","hentry"],"_links":{"self":[{"href":"https:\/\/ledismile.com\/al\/wp-json\/wp\/v2\/pages\/3192","targetHints":{"allow":["GET"]}}],"collection":[{"href":"https:\/\/ledismile.com\/al\/wp-json\/wp\/v2\/pages"}],"about":[{"href":"https:\/\/ledismile.com\/al\/wp-json\/wp\/v2\/types\/page"}],"author":[{"embeddable":true,"href":"https:\/\/ledismile.com\/al\/wp-json\/wp\/v2\/users\/1"}],"replies":[{"embeddable":true,"href":"https:\/\/ledismile.com\/al\/wp-json\/wp\/v2\/comments?post=3192"}],"version-history":[{"count":4,"href":"https:\/\/ledismile.com\/al\/wp-json\/wp\/v2\/pages\/3192\/revisions"}],"predecessor-version":[{"id":3545,"href":"https:\/\/ledismile.com\/al\/wp-json\/wp\/v2\/pages\/3192\/revisions\/3545"}],"up":[{"embeddable":true,"href":"https:\/\/ledismile.com\/al\/wp-json\/wp\/v2\/pages\/3185"}],"wp:attachment":[{"href":"https:\/\/ledismile.com\/al\/wp-json\/wp\/v2\/media?parent=3192"}],"curies":[{"name":"wp","href":"https:\/\/api.w.org\/{rel}","templated":true}]}}