{"id":3206,"date":"2022-07-01T14:42:18","date_gmt":"2022-07-01T14:42:18","guid":{"rendered":"http:\/\/ledismile.com\/?page_id=3206"},"modified":"2022-11-03T14:19:53","modified_gmt":"2022-11-03T14:19:53","slug":"protezim-mobil","status":"publish","type":"page","link":"https:\/\/ledismile.com\/al\/protezim-mobil\/","title":{"rendered":"Protezim mobil"},"content":{"rendered":"<p>[vc_row][vc_column][vc_column_text]N\u00eb rast se humbja e dh\u00ebmbit \u00ebsht\u00eb aq e dometh\u00ebn\u00ebse sa nuk mund t\u00eb vendoset nj\u00eb ur\u00eb ose implant dentar, at\u00ebher\u00eb p\u00ebrdorim protezat e l\u00ebvizshme. Ato mund t\u00eb hiqen nga goja dhe p\u00ebr k\u00ebt\u00eb arsye jan\u00eb t\u00eb lehta p\u00ebr tu mir\u00ebmbajtur.[\/vc_column_text][\/vc_column][\/vc_row][vc_row][vc_column][tm_before_after_image][\/vc_column][\/vc_row][vc_row][vc_column][tm_image image=&#8221;3458&#8243;][\/vc_column][\/vc_row]<\/p>\n","protected":false},"excerpt":{"rendered":"<p>[vc_row][vc_column][vc_column_text]N\u00eb rast se humbja e dh\u00ebmbit \u00ebsht\u00eb aq e dometh\u00ebn\u00ebse sa nuk mund t\u00eb vendoset nj\u00eb ur\u00eb ose implant dentar, at\u00ebher\u00eb p\u00ebrdorim protezat e l\u00ebvizshme. Ato mund t\u00eb hiqen nga goja dhe p\u00ebr k\u00ebt\u00eb arsye jan\u00eb t\u00eb lehta p\u00ebr tu mir\u00ebmbajtur.[\/vc_column_text][\/vc_column][\/vc_row][vc_row][vc_column][tm_before_after_image][\/vc_column][\/vc_row][vc_row][vc_column][tm_image image=&#8221;3458&#8243;][\/vc_column][\/vc_row]<\/p>\n","protected":false},"author":1,"featured_media":0,"parent":0,"menu_order":0,"comment_status":"closed","ping_status":"closed","template":"","meta":{"footnotes":""},"class_list":["post-3206","page","type-page","status-publish","hentry"],"_links":{"self":[{"href":"https:\/\/ledismile.com\/al\/wp-json\/wp\/v2\/pages\/3206","targetHints":{"allow":["GET"]}}],"collection":[{"href":"https:\/\/ledismile.com\/al\/wp-json\/wp\/v2\/pages"}],"about":[{"href":"https:\/\/ledismile.com\/al\/wp-json\/wp\/v2\/types\/page"}],"author":[{"embeddable":true,"href":"https:\/\/ledismile.com\/al\/wp-json\/wp\/v2\/users\/1"}],"replies":[{"embeddable":true,"href":"https:\/\/ledismile.com\/al\/wp-json\/wp\/v2\/comments?post=3206"}],"version-history":[{"count":5,"href":"https:\/\/ledismile.com\/al\/wp-json\/wp\/v2\/pages\/3206\/revisions"}],"predecessor-version":[{"id":3459,"href":"https:\/\/ledismile.com\/al\/wp-json\/wp\/v2\/pages\/3206\/revisions\/3459"}],"wp:attachment":[{"href":"https:\/\/ledismile.com\/al\/wp-json\/wp\/v2\/media?parent=3206"}],"curies":[{"name":"wp","href":"https:\/\/api.w.org\/{rel}","templated":true}]}}